{"id":48251,"date":"2023-03-15T10:26:51","date_gmt":"2023-03-15T14:26:51","guid":{"rendered":"https:\/\/foresttravel.com\/inspiracao\/"},"modified":"2026-02-04T10:58:58","modified_gmt":"2026-02-04T15:58:58","slug":"inspiracao","status":"publish","type":"page","link":"https:\/\/foresttravel.com\/pt-br\/inspiracao\/","title":{"rendered":"Inspira\u00e7\u00e3o"},"content":{"rendered":"\t\t<div data-elementor-type=\"wp-page\" data-elementor-id=\"48251\" class=\"elementor elementor-48251 elementor-12979\" data-elementor-post-type=\"page\">\n\t\t\t\t<div class=\"elementor-element elementor-element-fca1bbf e-flex e-con-boxed e-con e-parent\" data-id=\"fca1bbf\" data-element_type=\"container\" data-e-type=\"container\">\n\t\t\t\t\t<div class=\"e-con-inner\">\n\t\t<div class=\"elementor-element elementor-element-bc329df e-con-full e-flex e-con e-child\" data-id=\"bc329df\" data-element_type=\"container\" data-e-type=\"container\">\n\t\t\t\t<div class=\"elementor-element elementor-element-b341125 elementor-grid-1 elementor-posts--thumbnail-left elementor-grid-tablet-2 elementor-grid-mobile-1 elementor-widget elementor-widget-posts\" data-id=\"b341125\" data-element_type=\"widget\" data-e-type=\"widget\" data-settings=\"{&quot;classic_columns&quot;:&quot;1&quot;,&quot;classic_columns_tablet&quot;:&quot;2&quot;,&quot;classic_columns_mobile&quot;:&quot;1&quot;,&quot;classic_row_gap&quot;:{&quot;unit&quot;:&quot;px&quot;,&quot;size&quot;:35,&quot;sizes&quot;:[]},&quot;classic_row_gap_tablet&quot;:{&quot;unit&quot;:&quot;px&quot;,&quot;size&quot;:&quot;&quot;,&quot;sizes&quot;:[]},&quot;classic_row_gap_mobile&quot;:{&quot;unit&quot;:&quot;px&quot;,&quot;size&quot;:&quot;&quot;,&quot;sizes&quot;:[]}}\" data-widget_type=\"posts.classic\">\n\t\t\t\t<div class=\"elementor-widget-container\">\n\t\t\t\t\t\t\t<div class=\"elementor-posts-container elementor-posts elementor-posts--skin-classic elementor-grid\" role=\"list\">\n\t\t\t\t<article class=\"elementor-post elementor-grid-item post-45458 post type-post status-publish format-standard hentry category-esportes-e-eventos\" role=\"listitem\">\n\t\t\t\t<div class=\"elementor-post__text\">\n\t\t\t\t<h3 class=\"elementor-post__title\">\n\t\t\t<a href=\"https:\/\/foresttravel.com\/pt-br\/esportes-e-eventos\/viagem-de-luxo-para-a-copa-do-mundo-fifa-2026-uma-experiencia-unica-na-vida-com-viagens-florestais\/\" >\n\t\t\t\tViagem de Luxo para a Copa do Mundo FIFA 2026: Uma Experi\u00eancia \u00danica na Vida com Viagens Florestais\t\t\t<\/a>\n\t\t<\/h3>\n\t\t\t\t<div class=\"elementor-post__excerpt\">\n\t\t\t<p>A Copa do Mundo FIFA 2026 n\u00e3o \u00e9 apenas um torneio de futebol; \u00c9 um evento que une o mundo em celebra\u00e7\u00e3o ao belo jogo. Com tr\u00eas pa\u00edses anfitri\u00f5es incr\u00edveis \u2014 Estados Unidos, Canad\u00e1 e M\u00e9xico \u2014 a Copa do Mundo de 2026 promete ser a mais memor\u00e1vel at\u00e9 agora. E que melhor maneira de vivenciar isso do que no absoluto luxo? Seja para assistir pelo clima eletrizante, pelas partidas emocionantes ou pela oportunidade \u00fanica na vida de ver seus times favoritos em a\u00e7\u00e3o, uma experi\u00eancia de viagem de luxo tornar\u00e1<\/p>\n\t\t<\/div>\n\t\t\n\t\t<a class=\"elementor-post__read-more\" href=\"https:\/\/foresttravel.com\/pt-br\/esportes-e-eventos\/viagem-de-luxo-para-a-copa-do-mundo-fifa-2026-uma-experiencia-unica-na-vida-com-viagens-florestais\/\" aria-label=\"Leia mais sobre Viagem de Luxo para a Copa do Mundo FIFA 2026: Uma Experi\u00eancia \u00danica na Vida com Viagens Florestais\" tabindex=\"-1\" >\n\t\t\tLeia Mais \u00bb\t\t<\/a>\n\n\t\t\t\t<\/div>\n\t\t\t\t<\/article>\n\t\t\t\t<\/div>\n\t\t\n\t\t\t\t\t\t<\/div>\n\t\t\t\t<\/div>\n\t\t\t\t<\/div>\n\t\t<div class=\"elementor-element elementor-element-c1bb18e e-con-full e-flex e-con e-child\" data-id=\"c1bb18e\" data-element_type=\"container\" data-e-type=\"container\">\n\t\t\t\t<div class=\"elementor-element elementor-element-247b87f elementor-grid-4 elementor-grid-tablet-2 elementor-grid-mobile-1 elementor-posts--thumbnail-top elementor-widget elementor-widget-posts\" data-id=\"247b87f\" data-element_type=\"widget\" data-e-type=\"widget\" data-settings=\"{&quot;classic_columns&quot;:&quot;4&quot;,&quot;pagination_type&quot;:&quot;numbers&quot;,&quot;classic_columns_tablet&quot;:&quot;2&quot;,&quot;classic_columns_mobile&quot;:&quot;1&quot;,&quot;classic_row_gap&quot;:{&quot;unit&quot;:&quot;px&quot;,&quot;size&quot;:35,&quot;sizes&quot;:[]},&quot;classic_row_gap_tablet&quot;:{&quot;unit&quot;:&quot;px&quot;,&quot;size&quot;:&quot;&quot;,&quot;sizes&quot;:[]},&quot;classic_row_gap_mobile&quot;:{&quot;unit&quot;:&quot;px&quot;,&quot;size&quot;:&quot;&quot;,&quot;sizes&quot;:[]}}\" data-widget_type=\"posts.classic\">\n\t\t\t\t<div class=\"elementor-widget-container\">\n\t\t\t\t\t\t\t<div class=\"elementor-posts-container elementor-posts elementor-posts--skin-classic elementor-grid\" role=\"list\">\n\t\t\t\t<article class=\"elementor-post elementor-grid-item post-45454 post type-post status-publish format-standard hentry category-esportes-e-eventos\" role=\"listitem\">\n\t\t\t\t<div class=\"elementor-post__text\">\n\t\t\t\t<h3 class=\"elementor-post__title\">\n\t\t\t<a href=\"https:\/\/foresttravel.com\/pt-br\/esportes-e-eventos\/como-planejar-uma-viagem-para-a-copa-do-mundo-fifa-2026-com-a-forest-travel-uma-experiencia-de-luxo\/\" >\n\t\t\t\tComo Planejar uma Viagem para a Copa do Mundo FIFA 2026 com a Forest Travel: Uma Experi\u00eancia de Luxo\t\t\t<\/a>\n\t\t<\/h3>\n\t\t\t\t<div class=\"elementor-post__excerpt\">\n\t\t\t<p>A Copa do Mundo FIFA \u00e9 o auge do futebol global, atraindo milh\u00f5es de torcedores de todo o mundo que se re\u00fanem para celebrar esse<\/p>\n\t\t<\/div>\n\t\t\t\t<\/div>\n\t\t\t\t<\/article>\n\t\t\t\t<article class=\"elementor-post elementor-grid-item post-45456 post type-post status-publish format-standard hentry category-aventura\" role=\"listitem\">\n\t\t\t\t<div class=\"elementor-post__text\">\n\t\t\t\t<h3 class=\"elementor-post__title\">\n\t\t\t<a href=\"https:\/\/foresttravel.com\/pt-br\/aventura\/melhores-10-safaris-de-luxo-viva-a-africa-com-estilo-com-viagens-pela-floresta\/\" >\n\t\t\t\tMelhores 10 Saf\u00e1ris de Luxo: Viva a \u00c1frica com Estilo com Viagens pela Floresta\t\t\t<\/a>\n\t\t<\/h3>\n\t\t\t\t<div class=\"elementor-post__excerpt\">\n\t\t\t<p>Se voc\u00ea est\u00e1 procurando uma aventura \u00fanica na vida na \u00c1frica, um saf\u00e1ri de luxo \u00e9 a maneira perfeita de explorar as paisagens deslumbrantes e<\/p>\n\t\t<\/div>\n\t\t\t\t<\/div>\n\t\t\t\t<\/article>\n\t\t\t\t<article class=\"elementor-post elementor-grid-item post-45452 post type-post status-publish format-standard hentry category-aventura\" role=\"listitem\">\n\t\t\t\t<div class=\"elementor-post__text\">\n\t\t\t\t<h3 class=\"elementor-post__title\">\n\t\t\t<a href=\"https:\/\/foresttravel.com\/pt-br\/aventura\/melhores-destinos-de-safari-na-africa-explore-o-luxo-com-viagens-pela-floresta\/\" >\n\t\t\t\tMelhores Destinos de Safari na \u00c1frica: Explore o Luxo com Viagens pela Floresta\t\t\t<\/a>\n\t\t<\/h3>\n\t\t\t\t<div class=\"elementor-post__excerpt\">\n\t\t\t<p>Se voc\u00ea sempre sonhou em experimentar de perto a magn\u00edfica vida selvagem da \u00c1frica, n\u00e3o h\u00e1 maneira melhor de fazer isso do que em um<\/p>\n\t\t<\/div>\n\t\t\t\t<\/div>\n\t\t\t\t<\/article>\n\t\t\t\t<article class=\"elementor-post elementor-grid-item post-45444 post type-post status-publish format-standard hentry category-esportes-e-eventos\" role=\"listitem\">\n\t\t\t\t<div class=\"elementor-post__text\">\n\t\t\t\t<h3 class=\"elementor-post__title\">\n\t\t\t<a href=\"https:\/\/foresttravel.com\/pt-br\/esportes-e-eventos\/como-participar-da-fifa-no-luxo-um-guia-para-vivenciar-o-maior-evento-esportivo-do-mundo-com-estilo-com-viagens-pela-floresta\/\" >\n\t\t\t\tComo Participar da FIFA no Luxo: Um Guia para Vivenciar o Maior Evento Esportivo do Mundo com Estilo com Viagens pela Floresta\t\t\t<\/a>\n\t\t<\/h3>\n\t\t\t\t<div class=\"elementor-post__excerpt\">\n\t\t\t<p>Para os f\u00e3s de futebol que querem vivenciar a Copa do Mundo FIFA no luxo, n\u00e3o h\u00e1 maneira melhor do que combinar acomoda\u00e7\u00f5es de alto<\/p>\n\t\t<\/div>\n\t\t\t\t<\/div>\n\t\t\t\t<\/article>\n\t\t\t\t<\/div>\n\t\t\n\t\t\t\t<div class=\"e-load-more-anchor\" data-page=\"1\" data-max-page=\"55\" data-next-page=\"https:\/\/foresttravel.com\/pt-br\/wp-json\/wp\/v2\/pages\/48251\/page\/2\/\"><\/div>\n\t\t\t\t<nav class=\"elementor-pagination\" aria-label=\"Pagina\u00e7\u00e3o\">\n\t\t\t<span aria-current=\"page\" class=\"page-numbers current\"><span class=\"elementor-screen-only\">P\u00e1gina<\/span>1<\/span>\n<a class=\"page-numbers\" href=\"https:\/\/foresttravel.com\/pt-br\/wp-json\/wp\/v2\/pages\/48251\/page\/2\/\"><span class=\"elementor-screen-only\">P\u00e1gina<\/span>2<\/a>\n<a class=\"page-numbers\" href=\"https:\/\/foresttravel.com\/pt-br\/wp-json\/wp\/v2\/pages\/48251\/page\/3\/\"><span class=\"elementor-screen-only\">P\u00e1gina<\/span>3<\/a>\n<a class=\"page-numbers\" href=\"https:\/\/foresttravel.com\/pt-br\/wp-json\/wp\/v2\/pages\/48251\/page\/4\/\"><span class=\"elementor-screen-only\">P\u00e1gina<\/span>4<\/a>\n<a class=\"page-numbers\" href=\"https:\/\/foresttravel.com\/pt-br\/wp-json\/wp\/v2\/pages\/48251\/page\/5\/\"><span class=\"elementor-screen-only\">P\u00e1gina<\/span>5<\/a>\t\t<\/nav>\n\t\t\t\t\t\t<\/div>\n\t\t\t\t<\/div>\n\t\t\t\t<\/div>\n\t\t\t\t\t<\/div>\n\t\t\t\t<\/div>\n\t\t<div class=\"elementor-element elementor-element-e84e65a e-con-full e-flex e-con e-parent\" data-id=\"e84e65a\" data-element_type=\"container\" data-e-type=\"container\" data-settings=\"{&quot;background_background&quot;:&quot;classic&quot;}\">\n\t\t<div class=\"elementor-element elementor-element-c41ad93 e-con-full e-flex e-con e-child\" data-id=\"c41ad93\" data-element_type=\"container\" data-e-type=\"container\" data-settings=\"{&quot;background_background&quot;:&quot;classic&quot;}\">\n\t\t<div class=\"elementor-element elementor-element-30f7653 e-con-full e-flex e-con e-child\" data-id=\"30f7653\" data-element_type=\"container\" data-e-type=\"container\" data-settings=\"{&quot;background_background&quot;:&quot;classic&quot;}\">\n\t\t\t\t<\/div>\n\t\t<div class=\"elementor-element elementor-element-b75f7a8 e-con-full e-flex e-con e-child\" data-id=\"b75f7a8\" data-element_type=\"container\" data-e-type=\"container\">\n\t\t\t\t<div class=\"elementor-element elementor-element-3163e16 elementor-widget elementor-widget-heading\" data-id=\"3163e16\" data-element_type=\"widget\" data-e-type=\"widget\" data-widget_type=\"heading.default\">\n\t\t\t\t<div class=\"elementor-widget-container\">\n\t\t\t\t\t<h2 class=\"elementor-heading-title elementor-size-default\">seguir a Jornada<\/h2>\t\t\t\t<\/div>\n\t\t\t\t<\/div>\n\t\t\t\t<div class=\"elementor-element elementor-element-b612c16 elementor-button-align-stretch elementor-widget elementor-widget-global elementor-global-48548 elementor-global-20719 elementor-widget-form\" data-id=\"b612c16\" data-element_type=\"widget\" data-e-type=\"widget\" data-settings=\"{&quot;step_next_label&quot;:&quot;Pr\\u00f3ximo&quot;,&quot;step_previous_label&quot;:&quot;Anterior&quot;,&quot;button_width&quot;:&quot;20&quot;,&quot;step_type&quot;:&quot;number_text&quot;,&quot;step_icon_shape&quot;:&quot;circle&quot;}\" data-widget_type=\"form.default\">\n\t\t\t\t<div class=\"elementor-widget-container\">\n\t\t\t\t\t\t\t<form class=\"elementor-form\" method=\"post\" id=\"newsletter_form\" name=\"Formul\u00e1rio de boletim informativo\" aria-label=\"Formul\u00e1rio de boletim informativo\">\n\t\t\t<input type=\"hidden\" name=\"post_id\" value=\"48251\"\/>\n\t\t\t<input type=\"hidden\" name=\"form_id\" value=\"b612c16\"\/>\n\t\t\t<input type=\"hidden\" name=\"referer_title\" value=\"Forest Travel Agency\" \/>\n\n\t\t\t\n\t\t\t<div class=\"elementor-form-fields-wrapper elementor-labels-\">\n\t\t\t\t\t\t\t\t<div class=\"elementor-field-type-recaptcha_v3 elementor-field-group elementor-column elementor-field-group-field_af94849 elementor-col-100 recaptcha_v3-bottomright\">\n\t\t\t\t\t<div class=\"elementor-field\" id=\"form-field-field_af94849\"><div class=\"elementor-g-recaptcha\" data-sitekey=\"6Lf3rQglAAAAACQ64BNmhXvMgHeiCKZGlZtVRyYn\" data-type=\"v3\" data-action=\"Form\" data-badge=\"bottomright\" data-size=\"invisible\"><\/div><\/div>\t\t\t\t<\/div>\n\t\t\t\t\t\t\t\t<div class=\"elementor-field-type-text\">\n\t\t\t\t\t<input size=\"1\" type=\"text\" name=\"form_fields[field_6f3ef63]\" id=\"form-field-field_6f3ef63\" class=\"elementor-field elementor-size-xs \" style=\"display:none !important;\">\t\t\t\t<\/div>\n\t\t\t\t\t\t\t\t<div class=\"elementor-field-type-email elementor-field-group elementor-column elementor-field-group-email elementor-col-66 elementor-field-required\">\n\t\t\t\t\t\t\t\t\t\t\t\t<label for=\"form-field-email\" class=\"elementor-field-label elementor-screen-only\">\n\t\t\t\t\t\t\t\tEmail\t\t\t\t\t\t\t<\/label>\n\t\t\t\t\t\t\t\t\t\t\t\t\t\t<input size=\"1\" type=\"email\" name=\"form_fields[email]\" id=\"form-field-email\" class=\"elementor-field elementor-size-xs  elementor-field-textual\" required=\"required\">\n\t\t\t\t\t\t\t\t\t\t\t<\/div>\n\t\t\t\t\t\t\t\t<div class=\"elementor-field-group elementor-column elementor-field-type-submit elementor-col-20 e-form__buttons\">\n\t\t\t\t\t<button class=\"elementor-button elementor-size-sm\" type=\"submit\">\n\t\t\t\t\t\t<span class=\"elementor-button-content-wrapper\">\n\t\t\t\t\t\t\t\t\t\t\t\t\t\t\t\t\t\t\t\t\t\t<span class=\"elementor-button-text\">Enviar<\/span>\n\t\t\t\t\t\t\t\t\t\t\t\t\t<\/span>\n\t\t\t\t\t<\/button>\n\t\t\t\t<\/div>\n\t\t\t<\/div>\n\t\t<\/form>\n\t\t\t\t\t\t<\/div>\n\t\t\t\t<\/div>\n\t\t\t\t<div class=\"elementor-element elementor-element-afe313f elementor-widget elementor-widget-text-editor\" data-id=\"afe313f\" data-element_type=\"widget\" data-e-type=\"widget\" data-widget_type=\"text-editor.default\">\n\t\t\t\t<div class=\"elementor-widget-container\">\n\t\t\t\t\t\t\t\t\t<p><em>Ao se inscrever na newsletter, voc\u00ea confirma que leu e concorda com a <span style=\"color: #ffffff;\"><a style=\"color: #ffffff;\" href=\"https:\/\/foresttravel.com\/pt-br\/politica-de-privacidade\/\" target=\"_blank\" rel=\"noreferrer noopener\"><u>Pol\u00edtica de Privacidade<\/u><\/a><\/span>.<\/em><\/p>\t\t\t\t\t\t\t\t<\/div>\n\t\t\t\t<\/div>\n\t\t\t\t<\/div>\n\t\t\t\t<\/div>\n\t\t\t\t<\/div>\n\t\t\t\t<\/div>\n\t\t","protected":false},"excerpt":{"rendered":"<p>seguir a Jornada Ao se inscrever na newsletter, voc\u00ea confirma que leu e concorda com a Pol\u00edtica de Privacidade.<\/p>\n","protected":false},"author":24,"featured_media":0,"parent":0,"menu_order":0,"comment_status":"closed","ping_status":"closed","template":"","meta":{"_joinchat":[],"footnotes":""},"class_list":["post-48251","page","type-page","status-publish","hentry"],"yoast_head":"<!-- This site is optimized with the Yoast SEO Premium plugin v27.2 (Yoast SEO v27.5) - https:\/\/yoast.com\/product\/yoast-seo-premium-wordpress\/ -->\n<title>Inspira\u00e7\u00e3o - Forest Travel Agency<\/title>\n<meta name=\"robots\" content=\"index, follow, max-snippet:-1, max-image-preview:large, max-video-preview:-1\" \/>\n<link rel=\"canonical\" href=\"https:\/\/foresttravel.com\/pt-br\/inspiracao\/\" \/>\n<meta property=\"og:locale\" content=\"pt_BR\" \/>\n<meta property=\"og:type\" content=\"article\" \/>\n<meta property=\"og:title\" content=\"Inspira\u00e7\u00e3o\" \/>\n<meta property=\"og:description\" content=\"seguir a Jornada Ao se inscrever na newsletter, voc\u00ea confirma que leu e concorda com a Pol\u00edtica de Privacidade.\" \/>\n<meta property=\"og:url\" content=\"https:\/\/foresttravel.com\/pt-br\/inspiracao\/\" \/>\n<meta property=\"og:site_name\" content=\"Forest Travel Agency\" \/>\n<meta property=\"article:publisher\" content=\"https:\/\/www.facebook.com\/ForestTravel\/\" \/>\n<meta property=\"article:modified_time\" content=\"2026-02-04T15:58:58+00:00\" \/>\n<meta name=\"twitter:card\" content=\"summary_large_image\" \/>\n<script type=\"application\/ld+json\" class=\"yoast-schema-graph\">{\"@context\":\"https:\\\/\\\/schema.org\",\"@graph\":[{\"@type\":\"WebPage\",\"@id\":\"https:\\\/\\\/foresttravel.com\\\/pt-br\\\/inspiracao\\\/\",\"url\":\"https:\\\/\\\/foresttravel.com\\\/pt-br\\\/inspiracao\\\/\",\"name\":\"Inspira\u00e7\u00e3o - Forest Travel Agency\",\"isPartOf\":{\"@id\":\"https:\\\/\\\/foresttravel.com\\\/pt-br\\\/#website\"},\"datePublished\":\"2023-03-15T14:26:51+00:00\",\"dateModified\":\"2026-02-04T15:58:58+00:00\",\"breadcrumb\":{\"@id\":\"https:\\\/\\\/foresttravel.com\\\/pt-br\\\/inspiracao\\\/#breadcrumb\"},\"inLanguage\":\"pt-BR\",\"potentialAction\":[{\"@type\":\"ReadAction\",\"target\":[\"https:\\\/\\\/foresttravel.com\\\/pt-br\\\/inspiracao\\\/\"]}]},{\"@type\":\"BreadcrumbList\",\"@id\":\"https:\\\/\\\/foresttravel.com\\\/pt-br\\\/inspiracao\\\/#breadcrumb\",\"itemListElement\":[{\"@type\":\"ListItem\",\"position\":1,\"name\":\"Home\",\"item\":\"https:\\\/\\\/foresttravel.com\\\/pt-br\\\/agencia-de-viagens-de-luxo-agencia-de-viagens-florestais\\\/\"},{\"@type\":\"ListItem\",\"position\":2,\"name\":\"Inspira\u00e7\u00e3o\"}]},{\"@type\":\"WebSite\",\"@id\":\"https:\\\/\\\/foresttravel.com\\\/pt-br\\\/#website\",\"url\":\"https:\\\/\\\/foresttravel.com\\\/pt-br\\\/\",\"name\":\"Forest Travel Agency\",\"description\":\"Luxury Destinations and Exclusive Hotels\",\"publisher\":{\"@id\":\"https:\\\/\\\/foresttravel.com\\\/pt-br\\\/#organization\"},\"potentialAction\":[{\"@type\":\"SearchAction\",\"target\":{\"@type\":\"EntryPoint\",\"urlTemplate\":\"https:\\\/\\\/foresttravel.com\\\/pt-br\\\/?s={search_term_string}\"},\"query-input\":{\"@type\":\"PropertyValueSpecification\",\"valueRequired\":true,\"valueName\":\"search_term_string\"}}],\"inLanguage\":\"pt-BR\"},{\"@type\":\"Organization\",\"@id\":\"https:\\\/\\\/foresttravel.com\\\/pt-br\\\/#organization\",\"name\":\"Forest Travel Agency\",\"url\":\"https:\\\/\\\/foresttravel.com\\\/pt-br\\\/\",\"logo\":{\"@type\":\"ImageObject\",\"inLanguage\":\"pt-BR\",\"@id\":\"https:\\\/\\\/foresttravel.com\\\/pt-br\\\/#\\\/schema\\\/logo\\\/image\\\/\",\"url\":\"https:\\\/\\\/foresttravel.com\\\/wp-content\\\/uploads\\\/2022\\\/07\\\/FTA-Logo-Deep-Green.svg\",\"contentUrl\":\"https:\\\/\\\/foresttravel.com\\\/wp-content\\\/uploads\\\/2022\\\/07\\\/FTA-Logo-Deep-Green.svg\",\"width\":300,\"height\":22,\"caption\":\"Forest Travel Agency\"},\"image\":{\"@id\":\"https:\\\/\\\/foresttravel.com\\\/pt-br\\\/#\\\/schema\\\/logo\\\/image\\\/\"},\"sameAs\":[\"https:\\\/\\\/www.facebook.com\\\/ForestTravel\\\/\",\"https:\\\/\\\/api.whatsapp.com\\\/send?phone=17867518773&context=ARCd49VgJg_opWh9UXxDOrqm3FKLLCTFoOgKpTviZ2515D4TBf2qObPktaoS8EV50fx8lzKQsfuW6Zg_VqyApp9TAyXBAJbxZUy2JXRh3DwkHNL0-XsbhN6ddqcMrSKQynneSdvEoSbLK38Br5jRHKE&source=FB_Page&app=facebook&entry_point=page\",\"https:\\\/\\\/www.instagram.com\\\/foresttravelagency\",\"https:\\\/\\\/www.tiktok.com\\\/@foresttravelagency\",\"https:\\\/\\\/www.youtube.com\\\/@ForestTravelAgency1\",\"https:\\\/\\\/www.linkedin.com\\\/company\\\/forest-travel\"]}]}<\/script>\n<!-- \/ Yoast SEO Premium plugin. -->","yoast_head_json":{"title":"Inspira\u00e7\u00e3o - Forest Travel Agency","robots":{"index":"index","follow":"follow","max-snippet":"max-snippet:-1","max-image-preview":"max-image-preview:large","max-video-preview":"max-video-preview:-1"},"canonical":"https:\/\/foresttravel.com\/pt-br\/inspiracao\/","og_locale":"pt_BR","og_type":"article","og_title":"Inspira\u00e7\u00e3o","og_description":"seguir a Jornada Ao se inscrever na newsletter, voc\u00ea confirma que leu e concorda com a Pol\u00edtica de Privacidade.","og_url":"https:\/\/foresttravel.com\/pt-br\/inspiracao\/","og_site_name":"Forest Travel Agency","article_publisher":"https:\/\/www.facebook.com\/ForestTravel\/","article_modified_time":"2026-02-04T15:58:58+00:00","twitter_card":"summary_large_image","schema":{"@context":"https:\/\/schema.org","@graph":[{"@type":"WebPage","@id":"https:\/\/foresttravel.com\/pt-br\/inspiracao\/","url":"https:\/\/foresttravel.com\/pt-br\/inspiracao\/","name":"Inspira\u00e7\u00e3o - Forest Travel Agency","isPartOf":{"@id":"https:\/\/foresttravel.com\/pt-br\/#website"},"datePublished":"2023-03-15T14:26:51+00:00","dateModified":"2026-02-04T15:58:58+00:00","breadcrumb":{"@id":"https:\/\/foresttravel.com\/pt-br\/inspiracao\/#breadcrumb"},"inLanguage":"pt-BR","potentialAction":[{"@type":"ReadAction","target":["https:\/\/foresttravel.com\/pt-br\/inspiracao\/"]}]},{"@type":"BreadcrumbList","@id":"https:\/\/foresttravel.com\/pt-br\/inspiracao\/#breadcrumb","itemListElement":[{"@type":"ListItem","position":1,"name":"Home","item":"https:\/\/foresttravel.com\/pt-br\/agencia-de-viagens-de-luxo-agencia-de-viagens-florestais\/"},{"@type":"ListItem","position":2,"name":"Inspira\u00e7\u00e3o"}]},{"@type":"WebSite","@id":"https:\/\/foresttravel.com\/pt-br\/#website","url":"https:\/\/foresttravel.com\/pt-br\/","name":"Forest Travel Agency","description":"Luxury Destinations and Exclusive Hotels","publisher":{"@id":"https:\/\/foresttravel.com\/pt-br\/#organization"},"potentialAction":[{"@type":"SearchAction","target":{"@type":"EntryPoint","urlTemplate":"https:\/\/foresttravel.com\/pt-br\/?s={search_term_string}"},"query-input":{"@type":"PropertyValueSpecification","valueRequired":true,"valueName":"search_term_string"}}],"inLanguage":"pt-BR"},{"@type":"Organization","@id":"https:\/\/foresttravel.com\/pt-br\/#organization","name":"Forest Travel Agency","url":"https:\/\/foresttravel.com\/pt-br\/","logo":{"@type":"ImageObject","inLanguage":"pt-BR","@id":"https:\/\/foresttravel.com\/pt-br\/#\/schema\/logo\/image\/","url":"https:\/\/foresttravel.com\/wp-content\/uploads\/2022\/07\/FTA-Logo-Deep-Green.svg","contentUrl":"https:\/\/foresttravel.com\/wp-content\/uploads\/2022\/07\/FTA-Logo-Deep-Green.svg","width":300,"height":22,"caption":"Forest Travel Agency"},"image":{"@id":"https:\/\/foresttravel.com\/pt-br\/#\/schema\/logo\/image\/"},"sameAs":["https:\/\/www.facebook.com\/ForestTravel\/","https:\/\/api.whatsapp.com\/send?phone=17867518773&context=ARCd49VgJg_opWh9UXxDOrqm3FKLLCTFoOgKpTviZ2515D4TBf2qObPktaoS8EV50fx8lzKQsfuW6Zg_VqyApp9TAyXBAJbxZUy2JXRh3DwkHNL0-XsbhN6ddqcMrSKQynneSdvEoSbLK38Br5jRHKE&source=FB_Page&app=facebook&entry_point=page","https:\/\/www.instagram.com\/foresttravelagency","https:\/\/www.tiktok.com\/@foresttravelagency","https:\/\/www.youtube.com\/@ForestTravelAgency1","https:\/\/www.linkedin.com\/company\/forest-travel"]}]}},"_links":{"self":[{"href":"https:\/\/foresttravel.com\/pt-br\/wp-json\/wp\/v2\/pages\/48251","targetHints":{"allow":["GET"]}}],"collection":[{"href":"https:\/\/foresttravel.com\/pt-br\/wp-json\/wp\/v2\/pages"}],"about":[{"href":"https:\/\/foresttravel.com\/pt-br\/wp-json\/wp\/v2\/types\/page"}],"author":[{"embeddable":true,"href":"https:\/\/foresttravel.com\/pt-br\/wp-json\/wp\/v2\/users\/24"}],"replies":[{"embeddable":true,"href":"https:\/\/foresttravel.com\/pt-br\/wp-json\/wp\/v2\/comments?post=48251"}],"version-history":[{"count":0,"href":"https:\/\/foresttravel.com\/pt-br\/wp-json\/wp\/v2\/pages\/48251\/revisions"}],"wp:attachment":[{"href":"https:\/\/foresttravel.com\/pt-br\/wp-json\/wp\/v2\/media?parent=48251"}],"curies":[{"name":"wp","href":"https:\/\/api.w.org\/{rel}","templated":true}]}}