{"id":48008,"date":"2022-08-01T23:16:31","date_gmt":"2022-08-02T03:16:31","guid":{"rendered":"https:\/\/foresttravel.com\/carreiras\/"},"modified":"2026-02-04T10:56:58","modified_gmt":"2026-02-04T15:56:58","slug":"carreiras","status":"publish","type":"page","link":"https:\/\/foresttravel.com\/pt-br\/carreiras\/","title":{"rendered":"Carreiras"},"content":{"rendered":"\t\t<div data-elementor-type=\"wp-page\" data-elementor-id=\"48008\" class=\"elementor elementor-48008 elementor-1085\" data-elementor-post-type=\"page\">\n\t\t\t\t\t\t<section class=\"elementor-section elementor-top-section elementor-element elementor-element-0096b8b elementor-section-height-min-height elementor-section-boxed elementor-section-height-default elementor-section-items-middle\" data-id=\"0096b8b\" data-element_type=\"section\" data-e-type=\"section\" data-settings=\"{&quot;background_background&quot;:&quot;classic&quot;}\">\n\t\t\t\t\t\t\t<div class=\"elementor-background-overlay\"><\/div>\n\t\t\t\t\t\t\t<div class=\"elementor-container elementor-column-gap-default\">\n\t\t\t\t\t<div class=\"elementor-column elementor-col-100 elementor-top-column elementor-element elementor-element-eee82c7\" data-id=\"eee82c7\" data-element_type=\"column\" data-e-type=\"column\">\n\t\t\t<div class=\"elementor-widget-wrap elementor-element-populated\">\n\t\t\t\t\t\t<div class=\"elementor-element elementor-element-73dee53 elementor-widget elementor-widget-heading\" data-id=\"73dee53\" data-element_type=\"widget\" data-e-type=\"widget\" data-widget_type=\"heading.default\">\n\t\t\t\t<div class=\"elementor-widget-container\">\n\t\t\t\t\t<h1 class=\"elementor-heading-title elementor-size-default\">Junte-se \u00e0 nossa equipe<\/h1>\t\t\t\t<\/div>\n\t\t\t\t<\/div>\n\t\t\t\t\t<\/div>\n\t\t<\/div>\n\t\t\t\t\t<\/div>\n\t\t<\/section>\n\t\t\t\t<section class=\"elementor-section elementor-top-section elementor-element elementor-element-3637b90 elementor-section-boxed elementor-section-height-default elementor-section-height-default\" data-id=\"3637b90\" data-element_type=\"section\" data-e-type=\"section\">\n\t\t\t\t\t\t<div class=\"elementor-container elementor-column-gap-default\">\n\t\t\t\t\t<div class=\"elementor-column elementor-col-50 elementor-top-column elementor-element elementor-element-78dbaff\" data-id=\"78dbaff\" data-element_type=\"column\" data-e-type=\"column\">\n\t\t\t<div class=\"elementor-widget-wrap elementor-element-populated\">\n\t\t\t\t\t\t<div class=\"elementor-element elementor-element-bcc5c3b elementor-widget elementor-widget-image\" data-id=\"bcc5c3b\" data-element_type=\"widget\" data-e-type=\"widget\" data-widget_type=\"image.default\">\n\t\t\t\t<div class=\"elementor-widget-container\">\n\t\t\t\t\t\t\t\t\t\t\t\t\t\t\t<img fetchpriority=\"high\" decoding=\"async\" width=\"300\" height=\"300\" src=\"https:\/\/foresttravel.com\/wp-content\/uploads\/2023\/12\/FT-logo-stacked-Linen-w-Green-background-480px-300x300.png\" class=\"attachment-medium size-medium wp-image-44726\" alt=\"\" srcset=\"https:\/\/foresttravel.com\/wp-content\/uploads\/2023\/12\/FT-logo-stacked-Linen-w-Green-background-480px-300x300.png 300w, https:\/\/foresttravel.com\/wp-content\/uploads\/2023\/12\/FT-logo-stacked-Linen-w-Green-background-480px-150x150.png 150w, https:\/\/foresttravel.com\/wp-content\/uploads\/2023\/12\/FT-logo-stacked-Linen-w-Green-background-480px.png 480w\" sizes=\"(max-width: 300px) 100vw, 300px\" \/>\t\t\t\t\t\t\t\t\t\t\t\t\t\t\t<\/div>\n\t\t\t\t<\/div>\n\t\t\t\t\t<\/div>\n\t\t<\/div>\n\t\t\t\t<div class=\"elementor-column elementor-col-50 elementor-top-column elementor-element elementor-element-dd1e52b\" data-id=\"dd1e52b\" data-element_type=\"column\" data-e-type=\"column\">\n\t\t\t<div class=\"elementor-widget-wrap elementor-element-populated\">\n\t\t\t\t\t\t<div class=\"elementor-element elementor-element-3a007bc elementor-widget elementor-widget-heading\" data-id=\"3a007bc\" data-element_type=\"widget\" data-e-type=\"widget\" data-widget_type=\"heading.default\">\n\t\t\t\t<div class=\"elementor-widget-container\">\n\t\t\t\t\t<h2 class=\"elementor-heading-title elementor-size-default\">Nossos Valores Fundamentais<\/h2>\t\t\t\t<\/div>\n\t\t\t\t<\/div>\n\t\t\t\t<div class=\"elementor-element elementor-element-93a8359 elementor-widget elementor-widget-text-editor\" data-id=\"93a8359\" data-element_type=\"widget\" data-e-type=\"widget\" data-widget_type=\"text-editor.default\">\n\t\t\t\t<div class=\"elementor-widget-container\">\n\t\t\t\t\t\t\t\t\t<p><strong>Desejo de Maravilhas:<\/strong> Forte desejo de se maravilhar com o Mundo.<\/p><p><strong>Obcecado pelo Cliente:<\/strong> Nos esfor\u00e7amos pela satisfa\u00e7\u00e3o total do cliente.<\/p><p><strong>Pessoas:<\/strong> Nossa maior for\u00e7a \u00e9 nosso povo<\/p><p><strong>Trabalho em equipe:<\/strong> Nos importamos, compartilhamos, cooperamos.<\/p><p><strong>Agilidade:<\/strong> Nos adaptamos r\u00e1pido, geramos valor e aprendemos r\u00e1pido.<\/p>\t\t\t\t\t\t\t\t<\/div>\n\t\t\t\t<\/div>\n\t\t\t\t<div class=\"elementor-element elementor-element-0739128 elementor-widget elementor-widget-heading\" data-id=\"0739128\" data-element_type=\"widget\" data-e-type=\"widget\" data-widget_type=\"heading.default\">\n\t\t\t\t<div class=\"elementor-widget-container\">\n\t\t\t\t\t<h2 class=\"elementor-heading-title elementor-size-default\">Nossa Miss\u00e3o<\/h2>\t\t\t\t<\/div>\n\t\t\t\t<\/div>\n\t\t\t\t<div class=\"elementor-element elementor-element-dc5688d elementor-widget elementor-widget-text-editor\" data-id=\"dc5688d\" data-element_type=\"widget\" data-e-type=\"widget\" data-widget_type=\"text-editor.default\">\n\t\t\t\t<div class=\"elementor-widget-container\">\n\t\t\t\t\t\t\t\t\t<p>Proporcione a experi\u00eancia definitiva de planejamento de viagens aos nossos clientes.<\/p><p>Somos um grupo de especialistas em viagens, apaixonados por conectar pessoas ao redor do mundo e criar a viagem dos sonhos delas.<\/p><p>Nossa equipe se orgulha de nossa agilidade, inova\u00e7\u00e3o e obsess\u00e3o permanente em superar as expectativas dos clientes. Esta \u00e9 a empresa para a qual voc\u00ea quer trabalhar se procura o melhor ambiente para prosperar e construir uma carreira de longo prazo na ind\u00fastria de viagens. <\/p>\t\t\t\t\t\t\t\t<\/div>\n\t\t\t\t<\/div>\n\t\t\t\t\t<\/div>\n\t\t<\/div>\n\t\t\t\t\t<\/div>\n\t\t<\/section>\n\t\t\t\t<section class=\"elementor-section elementor-top-section elementor-element elementor-element-0ed21c7 elementor-section-content-middle elementor-section-boxed elementor-section-height-default elementor-section-height-default\" data-id=\"0ed21c7\" data-element_type=\"section\" data-e-type=\"section\" data-settings=\"{&quot;background_background&quot;:&quot;classic&quot;}\">\n\t\t\t\t\t\t<div class=\"elementor-container elementor-column-gap-default\">\n\t\t\t\t\t<div class=\"elementor-column elementor-col-100 elementor-top-column elementor-element elementor-element-7d08ede\" data-id=\"7d08ede\" data-element_type=\"column\" data-e-type=\"column\">\n\t\t\t<div class=\"elementor-widget-wrap elementor-element-populated\">\n\t\t\t\t\t\t<div class=\"elementor-element elementor-element-75bb624 elementor-widget elementor-widget-heading\" data-id=\"75bb624\" data-element_type=\"widget\" data-e-type=\"widget\" data-widget_type=\"heading.default\">\n\t\t\t\t<div class=\"elementor-widget-container\">\n\t\t\t\t\t<h2 class=\"elementor-heading-title elementor-size-default\">Nossos Benef\u00edcios<\/h2>\t\t\t\t<\/div>\n\t\t\t\t<\/div>\n\t\t\t\t<div class=\"elementor-element elementor-element-8573293 elementor-widget elementor-widget-heading\" data-id=\"8573293\" data-element_type=\"widget\" data-e-type=\"widget\" data-widget_type=\"heading.default\">\n\t\t\t\t<div class=\"elementor-widget-container\">\n\t\t\t\t\t<h2 class=\"elementor-heading-title elementor-size-default\">Existe vida no trabalho e vida fora do trabalho. Queremos que nosso povo aproveite ambos. <\/h2>\t\t\t\t<\/div>\n\t\t\t\t<\/div>\n\t\t\t\t<section class=\"elementor-section elementor-inner-section elementor-element elementor-element-26554e9 elementor-section-content-middle elementor-section-full_width elementor-section-height-default elementor-section-height-default\" data-id=\"26554e9\" data-element_type=\"section\" data-e-type=\"section\">\n\t\t\t\t\t\t<div class=\"elementor-container elementor-column-gap-default\">\n\t\t\t\t\t<div class=\"elementor-column elementor-col-33 elementor-inner-column elementor-element elementor-element-538895f\" data-id=\"538895f\" data-element_type=\"column\" data-e-type=\"column\">\n\t\t\t<div class=\"elementor-widget-wrap elementor-element-populated\">\n\t\t\t\t\t\t<div class=\"elementor-element elementor-element-93956a5 elementor-widget elementor-widget-text-editor\" data-id=\"93956a5\" data-element_type=\"widget\" data-e-type=\"widget\" data-widget_type=\"text-editor.default\">\n\t\t\t\t<div class=\"elementor-widget-container\">\n\t\t\t\t\t\t\t\t\t<p style=\"text-align: left;\">Planos de Sa\u00fade Abrangentes<\/p>\t\t\t\t\t\t\t\t<\/div>\n\t\t\t\t<\/div>\n\t\t\t\t\t<\/div>\n\t\t<\/div>\n\t\t\t\t<div class=\"elementor-column elementor-col-33 elementor-inner-column elementor-element elementor-element-f1f66dd\" data-id=\"f1f66dd\" data-element_type=\"column\" data-e-type=\"column\">\n\t\t\t<div class=\"elementor-widget-wrap elementor-element-populated\">\n\t\t\t\t\t\t<div class=\"elementor-element elementor-element-eff216a elementor-widget__width-initial elementor-widget elementor-widget-text-editor\" data-id=\"eff216a\" data-element_type=\"widget\" data-e-type=\"widget\" data-widget_type=\"text-editor.default\">\n\t\t\t\t<div class=\"elementor-widget-container\">\n\t\t\t\t\t\t\t\t\t<p style=\"text-align: center;\">Folga Remunerada Generosa<\/p>\t\t\t\t\t\t\t\t<\/div>\n\t\t\t\t<\/div>\n\t\t\t\t\t<\/div>\n\t\t<\/div>\n\t\t\t\t<div class=\"elementor-column elementor-col-33 elementor-inner-column elementor-element elementor-element-3de16c7\" data-id=\"3de16c7\" data-element_type=\"column\" data-e-type=\"column\">\n\t\t\t<div class=\"elementor-widget-wrap elementor-element-populated\">\n\t\t\t\t\t\t<div class=\"elementor-element elementor-element-3a846cf elementor-widget elementor-widget-text-editor\" data-id=\"3a846cf\" data-element_type=\"widget\" data-e-type=\"widget\" data-widget_type=\"text-editor.default\">\n\t\t\t\t<div class=\"elementor-widget-container\">\n\t\t\t\t\t\t\t\t\t<p style=\"text-align: right;\">Vantagens de Viagem<\/p>\t\t\t\t\t\t\t\t<\/div>\n\t\t\t\t<\/div>\n\t\t\t\t\t<\/div>\n\t\t<\/div>\n\t\t\t\t\t<\/div>\n\t\t<\/section>\n\t\t\t\t<section class=\"elementor-section elementor-inner-section elementor-element elementor-element-6bcef70 elementor-section-content-middle elementor-section-boxed elementor-section-height-default elementor-section-height-default\" data-id=\"6bcef70\" data-element_type=\"section\" data-e-type=\"section\">\n\t\t\t\t\t\t<div class=\"elementor-container elementor-column-gap-default\">\n\t\t\t\t\t<div class=\"elementor-column elementor-col-33 elementor-inner-column elementor-element elementor-element-1706a28\" data-id=\"1706a28\" data-element_type=\"column\" data-e-type=\"column\">\n\t\t\t<div class=\"elementor-widget-wrap elementor-element-populated\">\n\t\t\t\t\t\t<div class=\"elementor-element elementor-element-42813a8 elementor-widget elementor-widget-text-editor\" data-id=\"42813a8\" data-element_type=\"widget\" data-e-type=\"widget\" data-widget_type=\"text-editor.default\">\n\t\t\t\t<div class=\"elementor-widget-container\">\n\t\t\t\t\t\t\t\t\t<p>Poupan\u00e7a para sua aposentadoria<\/p>\t\t\t\t\t\t\t\t<\/div>\n\t\t\t\t<\/div>\n\t\t\t\t\t<\/div>\n\t\t<\/div>\n\t\t\t\t<div class=\"elementor-column elementor-col-33 elementor-inner-column elementor-element elementor-element-6063a86\" data-id=\"6063a86\" data-element_type=\"column\" data-e-type=\"column\">\n\t\t\t<div class=\"elementor-widget-wrap elementor-element-populated\">\n\t\t\t\t\t\t<div class=\"elementor-element elementor-element-d3c804e elementor-widget elementor-widget-text-editor\" data-id=\"d3c804e\" data-element_type=\"widget\" data-e-type=\"widget\" data-widget_type=\"text-editor.default\">\n\t\t\t\t<div class=\"elementor-widget-container\">\n\t\t\t\t\t\t\t\t\t<p style=\"text-align: center;\">Aprendizagem e Desenvolvimento<\/p>\t\t\t\t\t\t\t\t<\/div>\n\t\t\t\t<\/div>\n\t\t\t\t\t<\/div>\n\t\t<\/div>\n\t\t\t\t<div class=\"elementor-column elementor-col-33 elementor-inner-column elementor-element elementor-element-a368b61 elementor-hidden-mobile\" data-id=\"a368b61\" data-element_type=\"column\" data-e-type=\"column\">\n\t\t\t<div class=\"elementor-widget-wrap elementor-element-populated\">\n\t\t\t\t\t\t<div class=\"elementor-element elementor-element-0325884 elementor-widget elementor-widget-text-editor\" data-id=\"0325884\" data-element_type=\"widget\" data-e-type=\"widget\" data-widget_type=\"text-editor.default\">\n\t\t\t\t<div class=\"elementor-widget-container\">\n\t\t\t\t\t\t\t\t\t<p style=\"text-align: right;\">Sal\u00e1rios competitivos<\/p>\t\t\t\t\t\t\t\t<\/div>\n\t\t\t\t<\/div>\n\t\t\t\t\t<\/div>\n\t\t<\/div>\n\t\t\t\t\t<\/div>\n\t\t<\/section>\n\t\t\t\t\t<\/div>\n\t\t<\/div>\n\t\t\t\t\t<\/div>\n\t\t<\/section>\n\t\t\t\t<section class=\"elementor-section elementor-top-section elementor-element elementor-element-4b70efa elementor-section-boxed elementor-section-height-default elementor-section-height-default\" data-id=\"4b70efa\" data-element_type=\"section\" data-e-type=\"section\">\n\t\t\t\t\t\t<div class=\"elementor-container elementor-column-gap-default\">\n\t\t\t\t\t<div class=\"elementor-column elementor-col-100 elementor-top-column elementor-element elementor-element-7267544\" data-id=\"7267544\" data-element_type=\"column\" data-e-type=\"column\">\n\t\t\t<div class=\"elementor-widget-wrap elementor-element-populated\">\n\t\t\t\t\t\t<div class=\"elementor-element elementor-element-0a7bbd7 elementor-cta--layout-image-right elementor-cta--mobile-layout-image-above elementor-cta--skin-classic elementor-animated-content elementor-widget elementor-widget-call-to-action\" data-id=\"0a7bbd7\" data-element_type=\"widget\" data-e-type=\"widget\" data-widget_type=\"call-to-action.default\">\n\t\t\t\t<div class=\"elementor-widget-container\">\n\t\t\t\t\t\t\t<a class=\"elementor-cta\" href=\"https:\/\/www.linkedin.com\/company\/forest-travel\/posts\/?feedView=all&#038;viewAsMember=true\" target=\"_blank\">\n\t\t\t\t\t\t\t<div class=\"elementor-cta__content\">\n\t\t\t\t\n\t\t\t\t\t\t\t\t\t<h3 class=\"elementor-cta__title elementor-cta__content-item elementor-content-item\">\n\t\t\t\t\t\tOportunidades  \t\t\t\t\t<\/h3>\n\t\t\t\t\n\t\t\t\t\t\t\t\t\t<div class=\"elementor-cta__description elementor-cta__content-item elementor-content-item\">\n\t\t\t\t\t\tExplore nossas oportunidades de carreira atuais no LinkedIn:  \t\t\t\t\t<\/div>\n\t\t\t\t\n\t\t\t\t\t\t\t\t\t<div class=\"elementor-cta__button-wrapper elementor-cta__content-item elementor-content-item \">\n\t\t\t\t\t<span class=\"elementor-cta__button elementor-button elementor-size-md\">\n\t\t\t\t\t\tVeja oportunidades de carreira\t\t\t\t\t<\/span>\n\t\t\t\t\t<\/div>\n\t\t\t\t\t\t\t<\/div>\n\t\t\t\t\t\t<\/a>\n\t\t\t\t\t\t<\/div>\n\t\t\t\t<\/div>\n\t\t\t\t\t<\/div>\n\t\t<\/div>\n\t\t\t\t\t<\/div>\n\t\t<\/section>\n\t\t\t\t<\/div>\n\t\t","protected":false},"excerpt":{"rendered":"<p>Junte-se \u00e0 nossa equipe Nossos Valores Fundamentais Desejo de Maravilhas: Forte desejo de se maravilhar com o Mundo. Obcecado pelo Cliente: Nos esfor\u00e7amos pela satisfa\u00e7\u00e3o total do cliente. Pessoas: Nossa maior for\u00e7a \u00e9 nosso povo Trabalho em equipe: Nos importamos, compartilhamos, cooperamos. Agilidade: Nos adaptamos r\u00e1pido, geramos valor e aprendemos r\u00e1pido. Nossa Miss\u00e3o Proporcione a [&hellip;]<\/p>\n","protected":false},"author":24,"featured_media":0,"parent":0,"menu_order":0,"comment_status":"closed","ping_status":"closed","template":"","meta":{"_joinchat":[],"footnotes":""},"class_list":["post-48008","page","type-page","status-publish","hentry"],"yoast_head":"<!-- This site is optimized with the Yoast SEO Premium plugin v27.2 (Yoast SEO v27.5) - https:\/\/yoast.com\/product\/yoast-seo-premium-wordpress\/ -->\n<title>Carreiras - Forest Travel Agency<\/title>\n<meta name=\"robots\" content=\"index, follow, max-snippet:-1, max-image-preview:large, max-video-preview:-1\" \/>\n<link rel=\"canonical\" href=\"https:\/\/foresttravel.com\/pt-br\/carreiras\/\" \/>\n<meta property=\"og:locale\" content=\"pt_BR\" \/>\n<meta property=\"og:type\" content=\"article\" \/>\n<meta property=\"og:title\" content=\"Carreiras\" \/>\n<meta property=\"og:description\" content=\"Junte-se \u00e0 nossa equipe Nossos Valores Fundamentais Desejo de Maravilhas: Forte desejo de se maravilhar com o Mundo. Obcecado pelo Cliente: Nos esfor\u00e7amos pela satisfa\u00e7\u00e3o total do cliente. Pessoas: Nossa maior for\u00e7a \u00e9 nosso povo Trabalho em equipe: Nos importamos, compartilhamos, cooperamos. Agilidade: Nos adaptamos r\u00e1pido, geramos valor e aprendemos r\u00e1pido. Nossa Miss\u00e3o Proporcione a [&hellip;]\" \/>\n<meta property=\"og:url\" content=\"https:\/\/foresttravel.com\/pt-br\/carreiras\/\" \/>\n<meta property=\"og:site_name\" content=\"Forest Travel Agency\" \/>\n<meta property=\"article:publisher\" content=\"https:\/\/www.facebook.com\/ForestTravel\/\" \/>\n<meta property=\"article:modified_time\" content=\"2026-02-04T15:56:58+00:00\" \/>\n<meta property=\"og:image\" content=\"https:\/\/foresttravel.com\/wp-content\/uploads\/2023\/12\/FT-logo-stacked-Linen-w-Green-background-480px.png\" \/>\n\t<meta property=\"og:image:width\" content=\"480\" \/>\n\t<meta property=\"og:image:height\" content=\"480\" \/>\n\t<meta property=\"og:image:type\" content=\"image\/png\" \/>\n<meta name=\"twitter:card\" content=\"summary_large_image\" \/>\n<meta name=\"twitter:label1\" content=\"Est. tempo de leitura\" \/>\n\t<meta name=\"twitter:data1\" content=\"1 minuto\" \/>\n<script type=\"application\/ld+json\" class=\"yoast-schema-graph\">{\"@context\":\"https:\\\/\\\/schema.org\",\"@graph\":[{\"@type\":\"WebPage\",\"@id\":\"https:\\\/\\\/foresttravel.com\\\/pt-br\\\/carreiras\\\/\",\"url\":\"https:\\\/\\\/foresttravel.com\\\/pt-br\\\/carreiras\\\/\",\"name\":\"Carreiras - Forest Travel Agency\",\"isPartOf\":{\"@id\":\"https:\\\/\\\/foresttravel.com\\\/pt-br\\\/#website\"},\"primaryImageOfPage\":{\"@id\":\"https:\\\/\\\/foresttravel.com\\\/pt-br\\\/carreiras\\\/#primaryimage\"},\"image\":{\"@id\":\"https:\\\/\\\/foresttravel.com\\\/pt-br\\\/carreiras\\\/#primaryimage\"},\"thumbnailUrl\":\"https:\\\/\\\/foresttravel.com\\\/wp-content\\\/uploads\\\/2023\\\/12\\\/FT-logo-stacked-Linen-w-Green-background-480px-300x300.png\",\"datePublished\":\"2022-08-02T03:16:31+00:00\",\"dateModified\":\"2026-02-04T15:56:58+00:00\",\"breadcrumb\":{\"@id\":\"https:\\\/\\\/foresttravel.com\\\/pt-br\\\/carreiras\\\/#breadcrumb\"},\"inLanguage\":\"pt-BR\",\"potentialAction\":[{\"@type\":\"ReadAction\",\"target\":[\"https:\\\/\\\/foresttravel.com\\\/pt-br\\\/carreiras\\\/\"]}]},{\"@type\":\"ImageObject\",\"inLanguage\":\"pt-BR\",\"@id\":\"https:\\\/\\\/foresttravel.com\\\/pt-br\\\/carreiras\\\/#primaryimage\",\"url\":\"https:\\\/\\\/foresttravel.com\\\/wp-content\\\/uploads\\\/2023\\\/12\\\/FT-logo-stacked-Linen-w-Green-background-480px-300x300.png\",\"contentUrl\":\"https:\\\/\\\/foresttravel.com\\\/wp-content\\\/uploads\\\/2023\\\/12\\\/FT-logo-stacked-Linen-w-Green-background-480px-300x300.png\"},{\"@type\":\"BreadcrumbList\",\"@id\":\"https:\\\/\\\/foresttravel.com\\\/pt-br\\\/carreiras\\\/#breadcrumb\",\"itemListElement\":[{\"@type\":\"ListItem\",\"position\":1,\"name\":\"Home\",\"item\":\"https:\\\/\\\/foresttravel.com\\\/pt-br\\\/agencia-de-viagens-de-luxo-agencia-de-viagens-florestais\\\/\"},{\"@type\":\"ListItem\",\"position\":2,\"name\":\"Carreiras\"}]},{\"@type\":\"WebSite\",\"@id\":\"https:\\\/\\\/foresttravel.com\\\/pt-br\\\/#website\",\"url\":\"https:\\\/\\\/foresttravel.com\\\/pt-br\\\/\",\"name\":\"Forest Travel Agency\",\"description\":\"Luxury Destinations and Exclusive Hotels\",\"publisher\":{\"@id\":\"https:\\\/\\\/foresttravel.com\\\/pt-br\\\/#organization\"},\"potentialAction\":[{\"@type\":\"SearchAction\",\"target\":{\"@type\":\"EntryPoint\",\"urlTemplate\":\"https:\\\/\\\/foresttravel.com\\\/pt-br\\\/?s={search_term_string}\"},\"query-input\":{\"@type\":\"PropertyValueSpecification\",\"valueRequired\":true,\"valueName\":\"search_term_string\"}}],\"inLanguage\":\"pt-BR\"},{\"@type\":\"Organization\",\"@id\":\"https:\\\/\\\/foresttravel.com\\\/pt-br\\\/#organization\",\"name\":\"Forest Travel Agency\",\"url\":\"https:\\\/\\\/foresttravel.com\\\/pt-br\\\/\",\"logo\":{\"@type\":\"ImageObject\",\"inLanguage\":\"pt-BR\",\"@id\":\"https:\\\/\\\/foresttravel.com\\\/pt-br\\\/#\\\/schema\\\/logo\\\/image\\\/\",\"url\":\"https:\\\/\\\/foresttravel.com\\\/wp-content\\\/uploads\\\/2022\\\/07\\\/FTA-Logo-Deep-Green.svg\",\"contentUrl\":\"https:\\\/\\\/foresttravel.com\\\/wp-content\\\/uploads\\\/2022\\\/07\\\/FTA-Logo-Deep-Green.svg\",\"width\":300,\"height\":22,\"caption\":\"Forest Travel Agency\"},\"image\":{\"@id\":\"https:\\\/\\\/foresttravel.com\\\/pt-br\\\/#\\\/schema\\\/logo\\\/image\\\/\"},\"sameAs\":[\"https:\\\/\\\/www.facebook.com\\\/ForestTravel\\\/\",\"https:\\\/\\\/api.whatsapp.com\\\/send?phone=17867518773&context=ARCd49VgJg_opWh9UXxDOrqm3FKLLCTFoOgKpTviZ2515D4TBf2qObPktaoS8EV50fx8lzKQsfuW6Zg_VqyApp9TAyXBAJbxZUy2JXRh3DwkHNL0-XsbhN6ddqcMrSKQynneSdvEoSbLK38Br5jRHKE&source=FB_Page&app=facebook&entry_point=page\",\"https:\\\/\\\/www.instagram.com\\\/foresttravelagency\",\"https:\\\/\\\/www.tiktok.com\\\/@foresttravelagency\",\"https:\\\/\\\/www.youtube.com\\\/@ForestTravelAgency1\",\"https:\\\/\\\/www.linkedin.com\\\/company\\\/forest-travel\"]}]}<\/script>\n<!-- \/ Yoast SEO Premium plugin. -->","yoast_head_json":{"title":"Carreiras - Forest Travel Agency","robots":{"index":"index","follow":"follow","max-snippet":"max-snippet:-1","max-image-preview":"max-image-preview:large","max-video-preview":"max-video-preview:-1"},"canonical":"https:\/\/foresttravel.com\/pt-br\/carreiras\/","og_locale":"pt_BR","og_type":"article","og_title":"Carreiras","og_description":"Junte-se \u00e0 nossa equipe Nossos Valores Fundamentais Desejo de Maravilhas: Forte desejo de se maravilhar com o Mundo. Obcecado pelo Cliente: Nos esfor\u00e7amos pela satisfa\u00e7\u00e3o total do cliente. Pessoas: Nossa maior for\u00e7a \u00e9 nosso povo Trabalho em equipe: Nos importamos, compartilhamos, cooperamos. Agilidade: Nos adaptamos r\u00e1pido, geramos valor e aprendemos r\u00e1pido. Nossa Miss\u00e3o Proporcione a [&hellip;]","og_url":"https:\/\/foresttravel.com\/pt-br\/carreiras\/","og_site_name":"Forest Travel Agency","article_publisher":"https:\/\/www.facebook.com\/ForestTravel\/","article_modified_time":"2026-02-04T15:56:58+00:00","og_image":[{"width":480,"height":480,"url":"https:\/\/foresttravel.com\/wp-content\/uploads\/2023\/12\/FT-logo-stacked-Linen-w-Green-background-480px.png","type":"image\/png"}],"twitter_card":"summary_large_image","twitter_misc":{"Est. tempo de leitura":"1 minuto"},"schema":{"@context":"https:\/\/schema.org","@graph":[{"@type":"WebPage","@id":"https:\/\/foresttravel.com\/pt-br\/carreiras\/","url":"https:\/\/foresttravel.com\/pt-br\/carreiras\/","name":"Carreiras - Forest Travel Agency","isPartOf":{"@id":"https:\/\/foresttravel.com\/pt-br\/#website"},"primaryImageOfPage":{"@id":"https:\/\/foresttravel.com\/pt-br\/carreiras\/#primaryimage"},"image":{"@id":"https:\/\/foresttravel.com\/pt-br\/carreiras\/#primaryimage"},"thumbnailUrl":"https:\/\/foresttravel.com\/wp-content\/uploads\/2023\/12\/FT-logo-stacked-Linen-w-Green-background-480px-300x300.png","datePublished":"2022-08-02T03:16:31+00:00","dateModified":"2026-02-04T15:56:58+00:00","breadcrumb":{"@id":"https:\/\/foresttravel.com\/pt-br\/carreiras\/#breadcrumb"},"inLanguage":"pt-BR","potentialAction":[{"@type":"ReadAction","target":["https:\/\/foresttravel.com\/pt-br\/carreiras\/"]}]},{"@type":"ImageObject","inLanguage":"pt-BR","@id":"https:\/\/foresttravel.com\/pt-br\/carreiras\/#primaryimage","url":"https:\/\/foresttravel.com\/wp-content\/uploads\/2023\/12\/FT-logo-stacked-Linen-w-Green-background-480px-300x300.png","contentUrl":"https:\/\/foresttravel.com\/wp-content\/uploads\/2023\/12\/FT-logo-stacked-Linen-w-Green-background-480px-300x300.png"},{"@type":"BreadcrumbList","@id":"https:\/\/foresttravel.com\/pt-br\/carreiras\/#breadcrumb","itemListElement":[{"@type":"ListItem","position":1,"name":"Home","item":"https:\/\/foresttravel.com\/pt-br\/agencia-de-viagens-de-luxo-agencia-de-viagens-florestais\/"},{"@type":"ListItem","position":2,"name":"Carreiras"}]},{"@type":"WebSite","@id":"https:\/\/foresttravel.com\/pt-br\/#website","url":"https:\/\/foresttravel.com\/pt-br\/","name":"Forest Travel Agency","description":"Luxury Destinations and Exclusive Hotels","publisher":{"@id":"https:\/\/foresttravel.com\/pt-br\/#organization"},"potentialAction":[{"@type":"SearchAction","target":{"@type":"EntryPoint","urlTemplate":"https:\/\/foresttravel.com\/pt-br\/?s={search_term_string}"},"query-input":{"@type":"PropertyValueSpecification","valueRequired":true,"valueName":"search_term_string"}}],"inLanguage":"pt-BR"},{"@type":"Organization","@id":"https:\/\/foresttravel.com\/pt-br\/#organization","name":"Forest Travel Agency","url":"https:\/\/foresttravel.com\/pt-br\/","logo":{"@type":"ImageObject","inLanguage":"pt-BR","@id":"https:\/\/foresttravel.com\/pt-br\/#\/schema\/logo\/image\/","url":"https:\/\/foresttravel.com\/wp-content\/uploads\/2022\/07\/FTA-Logo-Deep-Green.svg","contentUrl":"https:\/\/foresttravel.com\/wp-content\/uploads\/2022\/07\/FTA-Logo-Deep-Green.svg","width":300,"height":22,"caption":"Forest Travel Agency"},"image":{"@id":"https:\/\/foresttravel.com\/pt-br\/#\/schema\/logo\/image\/"},"sameAs":["https:\/\/www.facebook.com\/ForestTravel\/","https:\/\/api.whatsapp.com\/send?phone=17867518773&context=ARCd49VgJg_opWh9UXxDOrqm3FKLLCTFoOgKpTviZ2515D4TBf2qObPktaoS8EV50fx8lzKQsfuW6Zg_VqyApp9TAyXBAJbxZUy2JXRh3DwkHNL0-XsbhN6ddqcMrSKQynneSdvEoSbLK38Br5jRHKE&source=FB_Page&app=facebook&entry_point=page","https:\/\/www.instagram.com\/foresttravelagency","https:\/\/www.tiktok.com\/@foresttravelagency","https:\/\/www.youtube.com\/@ForestTravelAgency1","https:\/\/www.linkedin.com\/company\/forest-travel"]}]}},"_links":{"self":[{"href":"https:\/\/foresttravel.com\/pt-br\/wp-json\/wp\/v2\/pages\/48008","targetHints":{"allow":["GET"]}}],"collection":[{"href":"https:\/\/foresttravel.com\/pt-br\/wp-json\/wp\/v2\/pages"}],"about":[{"href":"https:\/\/foresttravel.com\/pt-br\/wp-json\/wp\/v2\/types\/page"}],"author":[{"embeddable":true,"href":"https:\/\/foresttravel.com\/pt-br\/wp-json\/wp\/v2\/users\/24"}],"replies":[{"embeddable":true,"href":"https:\/\/foresttravel.com\/pt-br\/wp-json\/wp\/v2\/comments?post=48008"}],"version-history":[{"count":0,"href":"https:\/\/foresttravel.com\/pt-br\/wp-json\/wp\/v2\/pages\/48008\/revisions"}],"wp:attachment":[{"href":"https:\/\/foresttravel.com\/pt-br\/wp-json\/wp\/v2\/media?parent=48008"}],"curies":[{"name":"wp","href":"https:\/\/api.w.org\/{rel}","templated":true}]}}