{"id":47795,"date":"2023-03-30T20:52:00","date_gmt":"2023-03-31T00:52:00","guid":{"rendered":"https:\/\/foresttravel.com\/politica-de-privacidade\/"},"modified":"2026-02-04T10:55:23","modified_gmt":"2026-02-04T15:55:23","slug":"politica-de-privacidade","status":"publish","type":"page","link":"https:\/\/foresttravel.com\/pt-br\/politica-de-privacidade\/","title":{"rendered":"Pol\u00edtica de Privacidade"},"content":{"rendered":"\n<p>Esta pol\u00edtica de privacidade detalha como a Forest Travel Agency utiliza e protege qualquer informa\u00e7\u00e3o que voc\u00ea <strong>forne\u00e7a foresttravel.com<\/strong> ao utilizar este site. A Forest Travel Agency est\u00e1 comprometida em garantir que sua privacidade seja protegida. Se pedirmos que voc\u00ea forne\u00e7a certas informa\u00e7\u00f5es pelas quais voc\u00ea possa ser identificado ao usar este site, pode ter certeza de que elas ser\u00e3o usadas apenas de acordo com esta declara\u00e7\u00e3o de privacidade. A Ag\u00eancia de Viagens Florestais pode alterar essa pol\u00edtica periodicamente atualizando esta p\u00e1gina. Voc\u00ea deve consultar esta p\u00e1gina de tempos em tempos para garantir que est\u00e1 satisfeito com quaisquer mudan\u00e7as. Esta pol\u00edtica foi atualizada pela \u00faltima vez em 30 de mar\u00e7o de 2023.     <\/p>\n\n<p>Estamos comprometidos em nos comunicar com voc\u00ea de maneira profissional e proteger suas informa\u00e7\u00f5es confidenciais. Usamos as informa\u00e7\u00f5es que voc\u00ea fornece (por exemplo, nome, endere\u00e7o, telefone, e-mail, acordo para receber boletins informativos\/ofertas de vendas, etc.) para entrar em contato com voc\u00ea e compartilhar informa\u00e7\u00f5es sobre nossos (produtos\/servi\u00e7os). N\u00e3o compartilharemos suas informa\u00e7\u00f5es com terceiros fora da nossa organiza\u00e7\u00e3o, exceto quando necess\u00e1rio para atender ao seu pedido. Esta empresa n\u00e3o vende, troca ou aluga suas informa\u00e7\u00f5es pessoais para terceiros.   <\/p>\n\n<h3 class=\"wp-block-heading\">O que coletamos<\/h3>\n\n<p>Podemos coletar as seguintes informa\u00e7\u00f5es:<\/p>\n\n<ul class=\"wp-block-list\">\n<li>Nome<\/li>\n\n\n\n<li>Informa\u00e7\u00f5es de contato incluindo endere\u00e7o de e-mail<\/li>\n\n\n\n<li>Informa\u00e7\u00f5es demogr\u00e1ficas como pa\u00eds, CEIP, prefer\u00eancias e interesses<\/li>\n\n\n\n<li>Suas intera\u00e7\u00f5es dentro do nosso site, como as p\u00e1ginas que voc\u00ea visitou ou clicou em links<\/li>\n\n\n\n<li>Outras informa\u00e7\u00f5es relevantes para pesquisas e\/ou ofertas com clientes<\/li>\n<\/ul>\n\n<h3 class=\"wp-block-heading\">O que fazemos com as informa\u00e7\u00f5es que coletamos<\/h3>\n\n<p>Precisamos dessas informa\u00e7\u00f5es para entender suas necessidades e oferecer um servi\u00e7o melhor, especialmente pelos seguintes motivos:<\/p>\n\n<ul class=\"wp-block-list\">\n<li>Registro interno<\/li>\n\n\n\n<li>Podemos usar as informa\u00e7\u00f5es para melhorar nossos produtos e servi\u00e7os<\/li>\n\n\n\n<li>Podemos enviar periodicamente e-mails promocionais sobre novos produtos, ofertas especiais ou outras informa\u00e7\u00f5es que achamos interessantes para voc\u00ea usando o endere\u00e7o de e-mail que voc\u00ea forneceu. Se voc\u00ea assinar nossa newsletter, pode cancelar a inscri\u00e7\u00e3o a qualquer momento, seja usando o link de cancelamento da newsletter ou entrando em contato conosco pelo endere\u00e7o de e-mail fornecido em nosso site <\/li>\n\n\n\n<li>De tempos em tempos, tamb\u00e9m podemos usar suas informa\u00e7\u00f5es para entrar em contato com voc\u00ea para fins de pesquisa de mercado. Podemos entrar em contato com voc\u00ea por e-mail, telefone, fax ou correio. Podemos usar as informa\u00e7\u00f5es para personalizar o site de acordo com seus interesses  <\/li>\n\n\n\n<li>Podemos usar as informa\u00e7\u00f5es para exibir an\u00fancios em diferentes plataformas (especificado abaixo)<\/li>\n<\/ul>\n\n<p>Por favor, entre em contato conosco para corrigir ou atualizar informa\u00e7\u00f5es a qualquer momento. 305-830-0200.<\/p>\n\n<h3 class=\"wp-block-heading\">Seguran\u00e7a<\/h3>\n\n<p>Estamos comprometidos em garantir que suas informa\u00e7\u00f5es estejam seguras. Para evitar acessos ou divulga\u00e7\u00f5es n\u00e3o autorizadas, implementamos procedimentos f\u00edsicos, eletr\u00f4nicos e gerenciais adequados para proteger e proteger as informa\u00e7\u00f5es que coletamos online. <\/p>\n\n<h3 class=\"wp-block-heading\">Registro e cookies<\/h3>\n\n<p>Ao acessar nosso site, as seguintes informa\u00e7\u00f5es sobre sua visita s\u00e3o coletadas e armazenadas: o endere\u00e7o de Protocolo de Internet (IP) do computador (um n\u00famero automaticamente atribu\u00eddo ao seu computador ao acessar a Internet); o endere\u00e7o do site de onde voc\u00ea veio ao nosso site (por exemplo, www.google.com, se voc\u00ea veio clicando em um link de uma busca no Google); a data e hora em que chegou ao nosso local e quanto tempo passou aqui; o nome e a vers\u00e3o do sistema operacional e do navegador do seu computador Exemplo: Windows 7\/Internet Explorer 8.0; As p\u00e1ginas que voc\u00ea visitou.<\/p>\n\n<p>Tamb\u00e9m usamos &#8220;cookies&#8221; neste site. Um cookie \u00e9 um dado armazenado no disco r\u00edgido de um visitante do site para nos ajudar a determinar melhor o uso do nosso site e as fontes de tr\u00e1fego, melhorar o acesso ao nosso site e identificar visitantes recorrentes. Depois que voc\u00ea concorda, o arquivo \u00e9 adicionado e o cookie ajuda a analisar o tr\u00e1fego da web ou avisa quando voc\u00ea visita um site espec\u00edfico. Cookies permitem que aplica\u00e7\u00f5es web respondam a voc\u00ea como indiv\u00edduo. O aplicativo web pode adaptar suas opera\u00e7\u00f5es \u00e0s suas necessidades, gostos e desgostos, reunindo e lembrando informa\u00e7\u00f5es sobre suas prefer\u00eancias.    <\/p>\n\n<p>Se voc\u00ea n\u00e3o estiver satisfeito com nosso uso de cookies, ent\u00e3o deve n\u00e3o usar este site, ou deletar nossos cookies depois de visit\u00e1-lo, ou navegar usando a configura\u00e7\u00e3o de uso an\u00f4nimo do seu navegador (chamada &#8220;Incognito&#8221; no Chrome, &#8220;InPrivate&#8221; no Internet Explorer, &#8220;Private Browsing&#8221; no Firefox e Safari,  etc.)<\/p>\n\n<p>Usamos cookies de registro de tr\u00e1fego para identificar quais p\u00e1ginas est\u00e3o sendo usadas. Isso nos ajuda a analisar dados sobre o tr\u00e1fego das p\u00e1ginas e melhorar nosso site para adapt\u00e1-lo \u00e0s necessidades dos clientes. Usamos essas informa\u00e7\u00f5es apenas para fins de an\u00e1lise estat\u00edstica e ent\u00e3o os dados s\u00e3o removidos do sistema.  <\/p>\n\n<p>No geral, os cookies nos ajudam a oferecer um site melhor ao nos permitir monitorar quais p\u00e1ginas voc\u00ea acha \u00fateis e quais n\u00e3o acha \u00fateis. Um cookie de forma alguma nos d\u00e1 acesso ao seu computador ou qualquer informa\u00e7\u00e3o sobre voc\u00ea, exceto os dados que voc\u00ea escolhe compartilhar conosco. Voc\u00ea pode escolher aceitar ou recusar cookies. A maioria dos navegadores web aceita cookies automaticamente, mas geralmente voc\u00ea pode modificar a configura\u00e7\u00e3o do navegador para recusar cookies, se preferir. Isso pode impedir que voc\u00ea aproveite ao m\u00e1ximo o site. Se voc\u00ea n\u00e3o quiser receber cookies, pode modificar seu navegador para que ele te notifique quando cookies forem enviados para ele ou pode recusar cookies completamente. Voc\u00ea tamb\u00e9m pode excluir cookies que j\u00e1 foram configurados. Se voc\u00ea deseja restringir ou bloquear cookies de navegador web configurados no seu dispositivo, pode fazer isso pelas configura\u00e7\u00f5es do navegador; a fun\u00e7\u00e3o Ajuda no seu navegador deve indicar como.       <\/p>\n\n<h3 class=\"wp-block-heading\">Cookies no site da Ag\u00eancia de Viagens Florestais<\/h3>\n\n<p><strong>Google Analytics:<\/strong> Usamos isso para entender como o site da Ag\u00eancia de Viagens Florestais est\u00e1 sendo utilizado, a fim de melhorar a experi\u00eancia do usu\u00e1rio. Seus dados de usu\u00e1rio s\u00e3o todos an\u00f4nimos. Voc\u00ea pode saber mais sobre a posi\u00e7\u00e3o do Google em rela\u00e7\u00e3o \u00e0 privacidade em rela\u00e7\u00e3o ao seu servi\u00e7o de an\u00e1lise <a href=\"http:\/\/www.google.co.uk\/intl\/en\/analytics\/privacyoverview.html\" target=\"_blank\" rel=\"noreferrer noopener\">aqui<\/a>  <\/p>\n\n<p><strong>Google AdWords:<\/strong> Usando o c\u00f3digo do Google AdWords, conseguimos ver quais p\u00e1ginas ajudaram a levar ao envio de formul\u00e1rios de contato. Isso nos permite fazer melhor uso do nosso or\u00e7amento de busca paga. <\/p>\n\n<p><strong>Publicidade no Facebook:<\/strong> Usamos o rastreamento de convers\u00e3o de publicidade do Facebook e o redirecionamento de pixels, o que nos permite coletar ou receber informa\u00e7\u00f5es do nosso site e de outros lugares da internet, e usar essas informa\u00e7\u00f5es para fornecer servi\u00e7os de medi\u00e7\u00e3o e publicidade direcionada.<\/p>\n\n<p><strong>Publicidade no LinkedIn:<\/strong> Usamos pixels de rastreamento de convers\u00e3o e redirecionamento de publicidade no LinkedIn, o que nos permite coletar ou receber informa\u00e7\u00f5es do nosso site e de outros lugares da internet e usar essas informa\u00e7\u00f5es para fornecer servi\u00e7os de medi\u00e7\u00e3o e publicidade direcionada.<\/p>\n\n<p><strong>Publicidade no Twitter:<\/strong> Usamos o rastreamento de convers\u00e3o de publicidade no Twitter e o redirecionamento de pixels, o que nos permite coletar ou receber informa\u00e7\u00f5es do nosso site e de outros lugares da internet, e usar essas informa\u00e7\u00f5es para fornecer servi\u00e7os de medi\u00e7\u00e3o e publicidade direcionada.<\/p>\n\n<p><strong>Duplo Clique:<\/strong> Usamos c\u00f3digos de remarketing para registrar quando os usu\u00e1rios visualizam p\u00e1ginas espec\u00edficas, permitindo que possamos fornecer publicidade direcionada no futuro.<\/p>\n\n<p><strong>Otimizador Visual de Sites:<\/strong> Nosso otimizador de sites usa cookies para lembrar o site que voc\u00ea pesquisou. Isso ajuda a gerar os resultados necess\u00e1rios. <\/p>\n\n<p><strong>Marketo:<\/strong> Utilizamos a plataforma Marketo para enviar e-mails com nossos boletins informativos e outras informa\u00e7\u00f5es relevantes para contatos previamente registrados.<\/p>\n\n<h3 class=\"wp-block-heading\">Outras informa\u00e7\u00f5es que coletamos<\/h3>\n\n<p>Bot\u00f5es sociais: Em muitas p\u00e1ginas do site da Forest Travel Agency voc\u00ea ver\u00e1 &#8216;bot\u00f5es sociais&#8217;. Esses dispositivos permitem que os usu\u00e1rios compartilhem ou marquem p\u00e1ginas na web. Existem bot\u00f5es para: Twitter, Google +1, Facebook &#8216;Curtir&#8217; e LinkedIn &#8216;Compartilhar&#8217;. Para implementar esses bot\u00f5es e conect\u00e1-los \u00e0s redes sociais relevantes e sites externos, existem scripts de dom\u00ednios externos a foresttravel.com. Voc\u00ea deve estar ciente de que esses sites provavelmente est\u00e3o coletando informa\u00e7\u00f5es sobre o que voc\u00ea est\u00e1 fazendo por toda a internet, inclusive no site foresttravel.com. Ent\u00e3o, se voc\u00ea clicar em qualquer um desses bot\u00f5es, esses sites registrar\u00e3o essa a\u00e7\u00e3o e poder\u00e3o usar essa informa\u00e7\u00e3o. Em alguns casos, esses sites registrar\u00e3o o fato de voc\u00ea estar visitando foresttravel.com e as p\u00e1ginas espec\u00edficas em que voc\u00ea est\u00e1, mesmo que voc\u00ea n\u00e3o clique no bot\u00e3o se estiver logado nos servi\u00e7os deles, como Google e Facebook. Voc\u00ea deve verificar as pol\u00edticas respectivas de cada um desses sites para ver exatamente como eles usam suas informa\u00e7\u00f5es e como optar por n\u00e3o participar ou excluir essas informa\u00e7\u00f5es.       <\/p>\n\n<p><strong>Servi\u00e7os web externos:<\/strong> Utilizamos diversos servi\u00e7os web externos na Forest Travel Agency, principalmente para exibir conte\u00fado em nossas p\u00e1ginas web. Por exemplo, para exibir apresenta\u00e7\u00f5es de slides, \u00e0s vezes usamos o SlideShare; para mostrar v\u00eddeos, usamos YouTube e Vimeo. Esta n\u00e3o \u00e9 uma lista exaustiva ou completa dos servi\u00e7os que usamos ou poderemos usar no futuro ao incorporar conte\u00fado, mas esses s\u00e3o os mais comuns. Assim como nos bot\u00f5es sociais, n\u00e3o podemos impedir que esses sites, ou dom\u00ednios externos, coletem informa\u00e7\u00f5es sobre o uso desse conte\u00fado incorporado. Se voc\u00ea n\u00e3o estiver logado nesses servi\u00e7os externos, eles n\u00e3o saber\u00e3o quem voc\u00ea \u00e9, mas provavelmente coletar\u00e3o informa\u00e7\u00f5es an\u00f4nimas de uso, como n\u00famero de visualiza\u00e7\u00f5es, jogadas, carregamentos, etc.    <\/p>\n\n<p><strong>Rastreamento de e-mails:<\/strong> Alguns e-mails que enviamos n\u00e3o t\u00eam rastreamento algum, por exemplo, correspond\u00eancia pessoal ou e-mails com faturas anexadas. Outros e-mails que enviamos t\u00eam rastreamento para que possamos saber quanto tr\u00e1fego esses e-mails enviam para o nosso site e rastrear, individualmente, se o usu\u00e1rio abriu e clicou no e-mail. Raramente usamos essas \u00faltimas informa\u00e7\u00f5es em n\u00edvel pessoal, mas sim para entender as taxas de abertura e cliques em nossos e-mails para tentar melhor\u00e1-las. \u00c0s vezes usamos informa\u00e7\u00f5es pessoais, por exemplo, para reenviar e-mails para pessoas que n\u00e3o clicaram da primeira vez. Se voc\u00ea quiser ter certeza de que nenhuma atividade de e-mail seja rastreada, deve cancelar a inscri\u00e7\u00e3o do boletim da Forest Travel Agency clicando no link &#8220;cancelar inscri\u00e7\u00e3o&#8221; ou &#8220;alterar prefer\u00eancias&#8221; em qualquer um dos e-mails recebidos.    <\/p>\n\n<h3 class=\"wp-block-heading\">Links<\/h3>\n\n<p>Este site pode conter links para outros sites. Por favor, esteja ciente de que n\u00e3o somos respons\u00e1veis pelo conte\u00fado ou pelas pr\u00e1ticas de privacidade desses outros sites. <\/p>\n\n<h3 class=\"wp-block-heading\">Direitos autorais<\/h3>\n\n<p>Conte\u00fado \u00a9 completo Ag\u00eancia de Viagens Florestais 2023. Todos os direitos reservados. <\/p>\n","protected":false},"excerpt":{"rendered":"<p>Esta pol\u00edtica de privacidade detalha como a Forest Travel Agency utiliza e protege qualquer informa\u00e7\u00e3o que voc\u00ea forne\u00e7a foresttravel.com ao utilizar este site. A Forest Travel Agency est\u00e1 comprometida em garantir que sua privacidade seja protegida. Se pedirmos que voc\u00ea forne\u00e7a certas informa\u00e7\u00f5es pelas quais voc\u00ea possa ser identificado ao usar este site, pode ter [&hellip;]<\/p>\n","protected":false},"author":16,"featured_media":0,"parent":0,"menu_order":0,"comment_status":"closed","ping_status":"closed","template":"","meta":{"_joinchat":[],"footnotes":""},"class_list":["post-47795","page","type-page","status-publish","hentry"],"yoast_head":"<!-- This site is optimized with the Yoast SEO Premium plugin v27.2 (Yoast SEO v27.3) - https:\/\/yoast.com\/product\/yoast-seo-premium-wordpress\/ -->\n<title>Pol\u00edtica de Privacidade - Forest Travel Agency<\/title>\n<meta name=\"robots\" content=\"index, follow, max-snippet:-1, max-image-preview:large, max-video-preview:-1\" \/>\n<link rel=\"canonical\" href=\"https:\/\/foresttravel.com\/pt-br\/politica-de-privacidade\/\" \/>\n<meta property=\"og:locale\" content=\"pt_BR\" \/>\n<meta property=\"og:type\" content=\"article\" \/>\n<meta property=\"og:title\" content=\"Pol\u00edtica de Privacidade\" \/>\n<meta property=\"og:description\" content=\"Esta pol\u00edtica de privacidade detalha como a Forest Travel Agency utiliza e protege qualquer informa\u00e7\u00e3o que voc\u00ea forne\u00e7a foresttravel.com ao utilizar este site. A Forest Travel Agency est\u00e1 comprometida em garantir que sua privacidade seja protegida. Se pedirmos que voc\u00ea forne\u00e7a certas informa\u00e7\u00f5es pelas quais voc\u00ea possa ser identificado ao usar este site, pode ter [&hellip;]\" \/>\n<meta property=\"og:url\" content=\"https:\/\/foresttravel.com\/pt-br\/politica-de-privacidade\/\" \/>\n<meta property=\"og:site_name\" content=\"Forest Travel Agency\" \/>\n<meta property=\"article:publisher\" content=\"https:\/\/www.facebook.com\/ForestTravel\/\" \/>\n<meta property=\"article:modified_time\" content=\"2026-02-04T15:55:23+00:00\" \/>\n<meta name=\"twitter:card\" content=\"summary_large_image\" \/>\n<meta name=\"twitter:label1\" content=\"Est. tempo de leitura\" \/>\n\t<meta name=\"twitter:data1\" content=\"9 minutos\" \/>\n<script type=\"application\/ld+json\" class=\"yoast-schema-graph\">{\"@context\":\"https:\\\/\\\/schema.org\",\"@graph\":[{\"@type\":\"WebPage\",\"@id\":\"https:\\\/\\\/foresttravel.com\\\/pt-br\\\/politica-de-privacidade\\\/\",\"url\":\"https:\\\/\\\/foresttravel.com\\\/pt-br\\\/politica-de-privacidade\\\/\",\"name\":\"Pol\u00edtica de Privacidade - Forest Travel Agency\",\"isPartOf\":{\"@id\":\"https:\\\/\\\/foresttravel.com\\\/pt-br\\\/#website\"},\"datePublished\":\"2023-03-31T00:52:00+00:00\",\"dateModified\":\"2026-02-04T15:55:23+00:00\",\"breadcrumb\":{\"@id\":\"https:\\\/\\\/foresttravel.com\\\/pt-br\\\/politica-de-privacidade\\\/#breadcrumb\"},\"inLanguage\":\"pt-BR\",\"potentialAction\":[{\"@type\":\"ReadAction\",\"target\":[\"https:\\\/\\\/foresttravel.com\\\/pt-br\\\/politica-de-privacidade\\\/\"]}]},{\"@type\":\"BreadcrumbList\",\"@id\":\"https:\\\/\\\/foresttravel.com\\\/pt-br\\\/politica-de-privacidade\\\/#breadcrumb\",\"itemListElement\":[{\"@type\":\"ListItem\",\"position\":1,\"name\":\"Home\",\"item\":\"https:\\\/\\\/foresttravel.com\\\/pt-br\\\/agencia-de-viagens-de-luxo-agencia-de-viagens-florestais\\\/\"},{\"@type\":\"ListItem\",\"position\":2,\"name\":\"Pol\u00edtica de Privacidade\"}]},{\"@type\":\"WebSite\",\"@id\":\"https:\\\/\\\/foresttravel.com\\\/pt-br\\\/#website\",\"url\":\"https:\\\/\\\/foresttravel.com\\\/pt-br\\\/\",\"name\":\"Forest Travel Agency\",\"description\":\"Luxury Destinations and Exclusive Hotels\",\"publisher\":{\"@id\":\"https:\\\/\\\/foresttravel.com\\\/pt-br\\\/#organization\"},\"potentialAction\":[{\"@type\":\"SearchAction\",\"target\":{\"@type\":\"EntryPoint\",\"urlTemplate\":\"https:\\\/\\\/foresttravel.com\\\/pt-br\\\/?s={search_term_string}\"},\"query-input\":{\"@type\":\"PropertyValueSpecification\",\"valueRequired\":true,\"valueName\":\"search_term_string\"}}],\"inLanguage\":\"pt-BR\"},{\"@type\":\"Organization\",\"@id\":\"https:\\\/\\\/foresttravel.com\\\/pt-br\\\/#organization\",\"name\":\"Forest Travel Agency\",\"url\":\"https:\\\/\\\/foresttravel.com\\\/pt-br\\\/\",\"logo\":{\"@type\":\"ImageObject\",\"inLanguage\":\"pt-BR\",\"@id\":\"https:\\\/\\\/foresttravel.com\\\/pt-br\\\/#\\\/schema\\\/logo\\\/image\\\/\",\"url\":\"https:\\\/\\\/foresttravel.com\\\/wp-content\\\/uploads\\\/2022\\\/07\\\/FTA-Logo-Deep-Green.svg\",\"contentUrl\":\"https:\\\/\\\/foresttravel.com\\\/wp-content\\\/uploads\\\/2022\\\/07\\\/FTA-Logo-Deep-Green.svg\",\"width\":300,\"height\":22,\"caption\":\"Forest Travel Agency\"},\"image\":{\"@id\":\"https:\\\/\\\/foresttravel.com\\\/pt-br\\\/#\\\/schema\\\/logo\\\/image\\\/\"},\"sameAs\":[\"https:\\\/\\\/www.facebook.com\\\/ForestTravel\\\/\",\"https:\\\/\\\/api.whatsapp.com\\\/send?phone=17867518773&context=ARCd49VgJg_opWh9UXxDOrqm3FKLLCTFoOgKpTviZ2515D4TBf2qObPktaoS8EV50fx8lzKQsfuW6Zg_VqyApp9TAyXBAJbxZUy2JXRh3DwkHNL0-XsbhN6ddqcMrSKQynneSdvEoSbLK38Br5jRHKE&source=FB_Page&app=facebook&entry_point=page\",\"https:\\\/\\\/www.instagram.com\\\/foresttravelagency\",\"https:\\\/\\\/www.tiktok.com\\\/@foresttravelagency\",\"https:\\\/\\\/www.youtube.com\\\/@ForestTravelAgency1\",\"https:\\\/\\\/www.linkedin.com\\\/company\\\/forest-travel\"]}]}<\/script>\n<!-- \/ Yoast SEO Premium plugin. -->","yoast_head_json":{"title":"Pol\u00edtica de Privacidade - Forest Travel Agency","robots":{"index":"index","follow":"follow","max-snippet":"max-snippet:-1","max-image-preview":"max-image-preview:large","max-video-preview":"max-video-preview:-1"},"canonical":"https:\/\/foresttravel.com\/pt-br\/politica-de-privacidade\/","og_locale":"pt_BR","og_type":"article","og_title":"Pol\u00edtica de Privacidade","og_description":"Esta pol\u00edtica de privacidade detalha como a Forest Travel Agency utiliza e protege qualquer informa\u00e7\u00e3o que voc\u00ea forne\u00e7a foresttravel.com ao utilizar este site. A Forest Travel Agency est\u00e1 comprometida em garantir que sua privacidade seja protegida. Se pedirmos que voc\u00ea forne\u00e7a certas informa\u00e7\u00f5es pelas quais voc\u00ea possa ser identificado ao usar este site, pode ter [&hellip;]","og_url":"https:\/\/foresttravel.com\/pt-br\/politica-de-privacidade\/","og_site_name":"Forest Travel Agency","article_publisher":"https:\/\/www.facebook.com\/ForestTravel\/","article_modified_time":"2026-02-04T15:55:23+00:00","twitter_card":"summary_large_image","twitter_misc":{"Est. tempo de leitura":"9 minutos"},"schema":{"@context":"https:\/\/schema.org","@graph":[{"@type":"WebPage","@id":"https:\/\/foresttravel.com\/pt-br\/politica-de-privacidade\/","url":"https:\/\/foresttravel.com\/pt-br\/politica-de-privacidade\/","name":"Pol\u00edtica de Privacidade - Forest Travel Agency","isPartOf":{"@id":"https:\/\/foresttravel.com\/pt-br\/#website"},"datePublished":"2023-03-31T00:52:00+00:00","dateModified":"2026-02-04T15:55:23+00:00","breadcrumb":{"@id":"https:\/\/foresttravel.com\/pt-br\/politica-de-privacidade\/#breadcrumb"},"inLanguage":"pt-BR","potentialAction":[{"@type":"ReadAction","target":["https:\/\/foresttravel.com\/pt-br\/politica-de-privacidade\/"]}]},{"@type":"BreadcrumbList","@id":"https:\/\/foresttravel.com\/pt-br\/politica-de-privacidade\/#breadcrumb","itemListElement":[{"@type":"ListItem","position":1,"name":"Home","item":"https:\/\/foresttravel.com\/pt-br\/agencia-de-viagens-de-luxo-agencia-de-viagens-florestais\/"},{"@type":"ListItem","position":2,"name":"Pol\u00edtica de Privacidade"}]},{"@type":"WebSite","@id":"https:\/\/foresttravel.com\/pt-br\/#website","url":"https:\/\/foresttravel.com\/pt-br\/","name":"Forest Travel Agency","description":"Luxury Destinations and Exclusive Hotels","publisher":{"@id":"https:\/\/foresttravel.com\/pt-br\/#organization"},"potentialAction":[{"@type":"SearchAction","target":{"@type":"EntryPoint","urlTemplate":"https:\/\/foresttravel.com\/pt-br\/?s={search_term_string}"},"query-input":{"@type":"PropertyValueSpecification","valueRequired":true,"valueName":"search_term_string"}}],"inLanguage":"pt-BR"},{"@type":"Organization","@id":"https:\/\/foresttravel.com\/pt-br\/#organization","name":"Forest Travel Agency","url":"https:\/\/foresttravel.com\/pt-br\/","logo":{"@type":"ImageObject","inLanguage":"pt-BR","@id":"https:\/\/foresttravel.com\/pt-br\/#\/schema\/logo\/image\/","url":"https:\/\/foresttravel.com\/wp-content\/uploads\/2022\/07\/FTA-Logo-Deep-Green.svg","contentUrl":"https:\/\/foresttravel.com\/wp-content\/uploads\/2022\/07\/FTA-Logo-Deep-Green.svg","width":300,"height":22,"caption":"Forest Travel Agency"},"image":{"@id":"https:\/\/foresttravel.com\/pt-br\/#\/schema\/logo\/image\/"},"sameAs":["https:\/\/www.facebook.com\/ForestTravel\/","https:\/\/api.whatsapp.com\/send?phone=17867518773&context=ARCd49VgJg_opWh9UXxDOrqm3FKLLCTFoOgKpTviZ2515D4TBf2qObPktaoS8EV50fx8lzKQsfuW6Zg_VqyApp9TAyXBAJbxZUy2JXRh3DwkHNL0-XsbhN6ddqcMrSKQynneSdvEoSbLK38Br5jRHKE&source=FB_Page&app=facebook&entry_point=page","https:\/\/www.instagram.com\/foresttravelagency","https:\/\/www.tiktok.com\/@foresttravelagency","https:\/\/www.youtube.com\/@ForestTravelAgency1","https:\/\/www.linkedin.com\/company\/forest-travel"]}]}},"_links":{"self":[{"href":"https:\/\/foresttravel.com\/pt-br\/wp-json\/wp\/v2\/pages\/47795","targetHints":{"allow":["GET"]}}],"collection":[{"href":"https:\/\/foresttravel.com\/pt-br\/wp-json\/wp\/v2\/pages"}],"about":[{"href":"https:\/\/foresttravel.com\/pt-br\/wp-json\/wp\/v2\/types\/page"}],"author":[{"embeddable":true,"href":"https:\/\/foresttravel.com\/pt-br\/wp-json\/wp\/v2\/users\/16"}],"replies":[{"embeddable":true,"href":"https:\/\/foresttravel.com\/pt-br\/wp-json\/wp\/v2\/comments?post=47795"}],"version-history":[{"count":0,"href":"https:\/\/foresttravel.com\/pt-br\/wp-json\/wp\/v2\/pages\/47795\/revisions"}],"wp:attachment":[{"href":"https:\/\/foresttravel.com\/pt-br\/wp-json\/wp\/v2\/media?parent=47795"}],"curies":[{"name":"wp","href":"https:\/\/api.w.org\/{rel}","templated":true}]}}