{"id":44947,"date":"2024-03-05T12:43:35","date_gmt":"2024-03-05T17:43:35","guid":{"rendered":"https:\/\/foresttravel.com\/termos-e-condicoes\/"},"modified":"2026-02-04T08:22:04","modified_gmt":"2026-02-04T13:22:04","slug":"termos-e-condicoes","status":"publish","type":"page","link":"https:\/\/foresttravel.com\/pt-br\/termos-e-condicoes\/","title":{"rendered":"Termos e Condi\u00e7\u00f5es"},"content":{"rendered":"\t\t<div data-elementor-type=\"wp-page\" data-elementor-id=\"44947\" class=\"elementor elementor-44947 elementor-26361\" data-elementor-post-type=\"page\">\n\t\t\t\t<div class=\"elementor-element elementor-element-df7c7f0 e-flex e-con-boxed e-con e-parent\" data-id=\"df7c7f0\" data-element_type=\"container\" data-e-type=\"container\">\n\t\t\t\t\t<div class=\"e-con-inner\">\n\t\t\t\t<div class=\"elementor-element elementor-element-bd22a17 elementor-widget elementor-widget-heading\" data-id=\"bd22a17\" data-element_type=\"widget\" data-e-type=\"widget\" data-widget_type=\"heading.default\">\n\t\t\t\t<div class=\"elementor-widget-container\">\n\t\t\t\t\t<h2 class=\"elementor-heading-title elementor-size-default\">Promo\u00e7\u00e3o Online Viagem pela Floresta de fevereiro de 2025<\/h2>\t\t\t\t<\/div>\n\t\t\t\t<\/div>\n\t\t\t\t\t<\/div>\n\t\t\t\t<\/div>\n\t\t<div class=\"elementor-element elementor-element-463ca61 e-flex e-con-boxed e-con e-parent\" data-id=\"463ca61\" data-element_type=\"container\" data-e-type=\"container\">\n\t\t\t\t\t<div class=\"e-con-inner\">\n\t\t\t\t<div class=\"elementor-element elementor-element-09eafc4 elementor-widget elementor-widget-text-editor\" data-id=\"09eafc4\" data-element_type=\"widget\" data-e-type=\"widget\" data-widget_type=\"text-editor.default\">\n\t\t\t\t<div class=\"elementor-widget-container\">\n\t\t\t\t\t\t\t\t\t<p><strong>Termos e Condi\u00e7\u00f5es para a Promo\u00e7\u00e3o &#8220;Ingressos Complementares 2025&#8221;<\/strong><\/p><ol><li><strong>Elegibilidade:<\/strong> Esta promo\u00e7\u00e3o est\u00e1 dispon\u00edvel exclusivamente para novos clientes com pelo menos 21 anos de idade e residentes dos Estados Unidos. Os participantes devem reservar uma viagem avaliada em no m\u00ednimo $5.000 USD por pessoa para se qualificar. <\/li><li><strong>Dura\u00e7\u00e3o da Promo\u00e7\u00e3o:<\/strong> A promo\u00e7\u00e3o come\u00e7a em 1\u00ba de fevereiro de 2025 e termina em 29 de fevereiro de 2025. Qualquer submiss\u00e3o ou dep\u00f3sito feito fora desse prazo n\u00e3o ser\u00e1 eleg\u00edvel para participa\u00e7\u00e3o. <\/li><li><strong>Requisitos de Participa\u00e7\u00e3o:<\/strong> Para serem eleg\u00edveis aos ingressos gratuitos, os participantes devem preencher o formul\u00e1rio de consulta de viagem designado e pagar um dep\u00f3sito pela viagem durante o per\u00edodo promocional. O envio do formul\u00e1rio n\u00e3o garante elegibilidade. <\/li><li><strong>Detalhes da Oferta:<\/strong> Um vencedor ser\u00e1 selecionado para receber dois bilhetes cortesia em classe padr\u00e3o (n\u00e3o executiva) para voos dom\u00e9sticos dentro dos Estados Unidos.<\/li><li><strong>Processo de Resgate:<\/strong> Para resgatar as passagens gratuitas, o vencedor deve entrar em contato com seu consultor de viagens designado para agendar sua viagem. Os ingressos s\u00f3 podem ser resgatados em conjunto com uma reserva de hotel feita pela Forest Travel; Eles n\u00e3o podem ser usados para arranjos de viagem independentes. <\/li><li><strong>N\u00e3o Transferibilidade:<\/strong> Os ingressos gratuitos s\u00e3o estritamente n\u00e3o transfer\u00edveis e n\u00e3o podem ser vendidos, atribu\u00eddos ou transferidos de qualquer outra forma para qualquer outra pessoa ou entidade.<\/li><li><strong>Restri\u00e7\u00f5es de Uso:<\/strong> Os bilhetes s\u00e3o v\u00e1lidos apenas para viagens dentro dos Estados Unidos continentais, exceto no Hava\u00ed. Ingressos de cortesia devem ser usados entre 1\u00ba de agosto de 2025 e 31 de outubro de 2025. A falta de utiliza\u00e7\u00e3o dos tickets dentro do prazo especificado resultar\u00e1 em perda de pesos.  <\/li><li><strong>Pol\u00edtica de Cancelamento e Reembolso:<\/strong> Ingressos gratuitos n\u00e3o s\u00e3o reembols\u00e1veis e n\u00e3o podem ser trocados por dinheiro ou qualquer outro servi\u00e7o. Em caso de cancelamento da viagem, o vencedor perder\u00e1 o direito aos ingressos de cortesia. <\/li><li><strong>Aviso de responsabilidade:<\/strong> A Forest Travel renuncia a toda responsabilidade por bilhetes perdidos, roubados ou n\u00e3o utilizados. Os participantes reconhecem e concordam que assumem todos os riscos associados \u00e0 viagem e que a Forest Travel n\u00e3o ser\u00e1 responsabilizada por quaisquer danos, perdas ou les\u00f5es decorrentes da participa\u00e7\u00e3o nesta promo\u00e7\u00e3o. <\/li><li><strong>Legisla\u00e7\u00e3o Vigente:<\/strong> Estes termos e condi\u00e7\u00f5es ser\u00e3o regidos e interpretados de acordo com as leis do Estado no qual a Forest Travel est\u00e1 incorporada. Os participantes concordam em submeter-se \u00e0 jurisdi\u00e7\u00e3o exclusiva dos tribunais localizados naquele Estado para a resolu\u00e7\u00e3o de quaisquer disputas decorrentes desses termos. <\/li><li><strong>Informa\u00e7\u00f5es de Contato:<\/strong> Para d\u00favidas sobre esta promo\u00e7\u00e3o, entre em contato com a Forest Travel pelo marketing@foresttravel.com.<br>Ao participar desta promo\u00e7\u00e3o, os participantes reconhecem que leram, entenderam e concordam em estar vinculados a estes termos e condi\u00e7\u00f5es.<\/li><\/ol>\t\t\t\t\t\t\t\t<\/div>\n\t\t\t\t<\/div>\n\t\t\t\t\t<\/div>\n\t\t\t\t<\/div>\n\t\t<div class=\"elementor-element elementor-element-a12bca9 e-flex e-con-boxed e-con e-parent\" data-id=\"a12bca9\" data-element_type=\"container\" data-e-type=\"container\">\n\t\t\t\t\t<div class=\"e-con-inner\">\n\t\t\t\t<div class=\"elementor-element elementor-element-be0d48d elementor-widget elementor-widget-heading\" data-id=\"be0d48d\" data-element_type=\"widget\" data-e-type=\"widget\" data-widget_type=\"heading.default\">\n\t\t\t\t<div class=\"elementor-widget-container\">\n\t\t\t\t\t<h2 class=\"elementor-heading-title elementor-size-default\"><b data-stringify-type=\"bold\">Programa de<\/b> Recomenda\u00e7\u00e3o de Clientes Forest Travel 2025<\/h2>\t\t\t\t<\/div>\n\t\t\t\t<\/div>\n\t\t\t\t\t<\/div>\n\t\t\t\t<\/div>\n\t\t<div class=\"elementor-element elementor-element-f75c261 e-flex e-con-boxed e-con e-parent\" data-id=\"f75c261\" data-element_type=\"container\" data-e-type=\"container\">\n\t\t\t\t\t<div class=\"e-con-inner\">\n\t\t\t\t<div class=\"elementor-element elementor-element-9e794a8 elementor-widget elementor-widget-text-editor\" data-id=\"9e794a8\" data-element_type=\"widget\" data-e-type=\"widget\" data-widget_type=\"text-editor.default\">\n\t\t\t\t<div class=\"elementor-widget-container\">\n\t\t\t\t\t\t\t\t\t<div class=\"p-rich_text_section\"><b data-stringify-type=\"bold\">Termos e Condi\u00e7\u00f5es para a promo\u00e7\u00e3o &#8220;Indicar um Amigo&#8221;<\/b><\/div><ol><li class=\"p-rich_text_section\"><b data-stringify-type=\"bold\">Elegibilidade:<\/b> Esta promo\u00e7\u00e3o est\u00e1 aberta a clientes j\u00e1 existentes da Forest Travel que indicam novos clientes. O cliente encaminhado deve ter pelo menos 21 anos e residir nos Estados Unidos. <\/li><\/ol><ol class=\"p-rich_text_list p-rich_text_list__ordered p-rich_text_list--nested\" data-stringify-type=\"ordered-list\" data-list-tree=\"true\" data-indent=\"0\" data-border=\"0\"><li data-stringify-indent=\"0\" data-stringify-border=\"0\"><strong>Dura\u00e7\u00e3o da Promo\u00e7\u00e3o:<\/strong> Esta promo\u00e7\u00e3o \u00e9 v\u00e1lida para reservas feitas de fevereiro de 2025 at\u00e9 13 de dezembro de 2025. Indica\u00e7\u00f5es ou agendamentos feitos fora desse prazo n\u00e3o ser\u00e3o qualificados. <\/li><li data-stringify-indent=\"0\" data-stringify-border=\"0\"><b data-stringify-type=\"bold\">Requisitos de Encaminhamento:<\/b> Para se qualificar, o cliente indicado deve reservar e pagar uma viagem com valor m\u00ednimo de <b data-stringify-type=\"bold\">$5.000 USD por pessoa<\/b>. O encaminhador deve ser um cliente j\u00e1 existente da Forest Travel no momento da indica\u00e7\u00e3o. <\/li><li data-stringify-indent=\"0\" data-stringify-border=\"0\"><b data-stringify-type=\"bold\">Detalhes da Recompensa:<\/b> Para cada indica\u00e7\u00e3o bem-sucedida, tanto o encaminhante quanto o cliente indicado receber\u00e3o um <b data-stringify-type=\"bold\">cr\u00e9dito de viagem de US$ 250<\/b>. Um referente pode ganhar m\u00faltiplos cr\u00e9ditos, at\u00e9 um total m\u00e1ximo de <b data-stringify-type=\"bold\">$5.000 USD<\/b>. <\/li><li data-stringify-indent=\"0\" data-stringify-border=\"0\"><strong>Processo de Resgate:<\/strong> Voc\u00ea pode usar seu cr\u00e9dito de viagem para qualquer reserva futura com a Forest Travel. Por favor, certifique-se de us\u00e1-lo dentro de tr\u00eas meses ap\u00f3s o t\u00e9rmino da campanha em dezembro de 2025. O cr\u00e9dito n\u00e3o \u00e9 transfer\u00edvel e n\u00e3o pode ser trocado por dinheiro.  <\/li><li data-stringify-indent=\"0\" data-stringify-border=\"0\"><b data-stringify-type=\"bold\">Limita\u00e7\u00f5es:<\/b> O cr\u00e9dito de viagem \u00e9 aplic\u00e1vel apenas a novas reservas e n\u00e3o pode ser combinado com outras promo\u00e7\u00f5es nem aplicado retroativamente.<\/li><li data-stringify-indent=\"0\" data-stringify-border=\"0\"><b data-stringify-type=\"bold\">Aviso de responsabilidade:<\/b> A Forest Travel n\u00e3o se responsabiliza por cr\u00e9ditos perdidos, roubados ou vencidos. Os arranjos de viagem est\u00e3o sujeitos \u00e0 disponibilidade. <\/li><li data-stringify-indent=\"0\" data-stringify-border=\"0\"><b data-stringify-type=\"bold\">Legisla\u00e7\u00e3o Vigente:<\/b> Esses termos e condi\u00e7\u00f5es s\u00e3o regidos pelas leis do estado no qual a Forest Travel est\u00e1 incorporada.<\/li><li data-stringify-indent=\"0\" data-stringify-border=\"0\"><b data-stringify-type=\"bold\">Informa\u00e7\u00f5es de Contato:<\/b> Para d\u00favidas sobre esta promo\u00e7\u00e3o, entre em contato com a Forest Travel pelo <b data-stringify-type=\"bold\"><a class=\"c-link\" href=\"mailto:marketing@foresttravel.com\" target=\"_blank\" rel=\"noopener noreferrer\" data-stringify-link=\"mailto:marketing@foresttravel.com\" data-sk=\"tooltip_parent\" aria-haspopup=\"menu\">marketing@foresttravel.com<\/a><\/b>.<\/li><\/ol><div class=\"p-rich_text_section\">Ao participar desta promo\u00e7\u00e3o, os participantes reconhecem que leram, entenderam e concordaram com estes termos e condi\u00e7\u00f5es.<\/div>\t\t\t\t\t\t\t\t<\/div>\n\t\t\t\t<\/div>\n\t\t\t\t\t<\/div>\n\t\t\t\t<\/div>\n\t\t<div class=\"elementor-element elementor-element-3f44194 e-flex e-con-boxed e-con e-parent\" data-id=\"3f44194\" data-element_type=\"container\" data-e-type=\"container\">\n\t\t\t\t\t<div class=\"e-con-inner\">\n\t\t\t\t<div class=\"elementor-element elementor-element-d167183 elementor-widget elementor-widget-heading\" data-id=\"d167183\" data-element_type=\"widget\" data-e-type=\"widget\" data-widget_type=\"heading.default\">\n\t\t\t\t<div class=\"elementor-widget-container\">\n\t\t\t\t\t<h2 class=\"elementor-heading-title elementor-size-default\">Oferta de Boas-Vindas para Novos Clientes Forest Travel 2025<\/h2>\t\t\t\t<\/div>\n\t\t\t\t<\/div>\n\t\t\t\t\t<\/div>\n\t\t\t\t<\/div>\n\t\t<div class=\"elementor-element elementor-element-bda1fae e-flex e-con-boxed e-con e-parent\" data-id=\"bda1fae\" data-element_type=\"container\" data-e-type=\"container\">\n\t\t\t\t\t<div class=\"e-con-inner\">\n\t\t\t\t<div class=\"elementor-element elementor-element-03dd33b elementor-widget elementor-widget-text-editor\" data-id=\"03dd33b\" data-element_type=\"widget\" data-e-type=\"widget\" data-widget_type=\"text-editor.default\">\n\t\t\t\t<div class=\"elementor-widget-container\">\n\t\t\t\t\t\t\t\t\t<div><b data-stringify-type=\"bold\">Termos e Condi\u00e7\u00f5es para o C\u00f3digo &#8220;FORESTNEWTRAVELER&#8221;<\/b><\/div>\n<ol data-stringify-type=\"ordered-list\" data-list-tree=\"true\" data-indent=\"0\" data-border=\"0\">\n<li data-stringify-indent=\"0\" data-stringify-border=\"0\"><b data-stringify-type=\"bold\">Elegibilidade:<\/b> Esta promo\u00e7\u00e3o est\u00e1 dispon\u00edvel exclusivamente para novos clientes da Forest Travel que tenham pelo menos 21 anos de idade e sejam residentes nos Estados Unidos.<\/li>\n<li data-stringify-indent=\"0\" data-stringify-border=\"0\"><strong data-start=\"417\" data-end=\"440\">Dura\u00e7\u00e3o:<\/strong> A promo\u00e7\u00e3o come\u00e7a em <strong data-start=\"91\" data-end=\"109\" data-is-only-node=\"\">1\u00ba de abril de 2025<\/strong> e termina em <strong data-start=\"122\" data-end=\"143\">31 de dezembro de 2025<\/strong>. Reservas feitas fora desse per\u00edodo n\u00e3o ser\u00e3o eleg\u00edveis. <\/li>\n<li data-stringify-indent=\"0\" data-stringify-border=\"0\"><b data-stringify-type=\"bold\">Requisitos de Participa\u00e7\u00e3o:<\/b> Para se qualificar, os participantes devem estar inscritos na newsletter Forest Travel e mencionar o c\u00f3digo <b data-stringify-type=\"bold\">FORESTNEWTRAVELER<\/b> ao seu Consultor de Viagens ao reservar sua primeira viagem.<\/li>\n<li data-stringify-indent=\"0\" data-stringify-border=\"0\"><b data-stringify-type=\"bold\">Detalhes da Oferta:<\/b> Participantes eleg\u00edveis receber\u00e3o um <b data-stringify-type=\"bold\">benef\u00edcio de viagem de $100<\/b> aplic\u00e1vel \u00e0 sua primeira reserva com a Forest Travel.<\/li>\n<li data-stringify-indent=\"0\" data-stringify-border=\"0\"><b data-stringify-type=\"bold\">Processo de Resgate:<\/b> O benef\u00edcio de viagem de $100 s\u00f3 pode ser resgatado ao reservar uma viagem com um Consultor de Viagens da Forest Travel. O benef\u00edcio n\u00e3o pode ser aplicado retroativamente a reservas anteriores. <\/li>\n<li data-stringify-indent=\"0\" data-stringify-border=\"0\"><b data-stringify-type=\"bold\">N\u00e3o Transferibilidade:<\/b> Esta oferta \u00e9 pessoal, n\u00e3o transfer\u00edvel e n\u00e3o pode ser vendida, trocada ou atribu\u00edda a outra pessoa.<\/li>\n<li data-stringify-indent=\"0\" data-stringify-border=\"0\"><b data-stringify-type=\"bold\">Restri\u00e7\u00f5es de Uso:<\/b> O benef\u00edcio de viagem de $100 \u00e9 aplic\u00e1vel apenas a novas reservas e n\u00e3o pode ser combinado com outras promo\u00e7\u00f5es, descontos ou ofertas especiais. N\u00e3o possui valor em dinheiro, n\u00e3o pode ser resgatado por dinheiro e n\u00e3o pode ser trocado por outros servi\u00e7os. <\/li>\n<li data-stringify-indent=\"0\" data-stringify-border=\"0\"><b data-stringify-type=\"bold\">Pol\u00edtica de Cancelamento e Reembolso:<\/b> Se um participante cancelar sua viagem, o benef\u00edcio de viagem de $100 ser\u00e1 perdido e n\u00e3o poder\u00e1 ser aplicado a futuras reservas.<\/li>\n<li data-stringify-indent=\"0\" data-stringify-border=\"0\"><b data-stringify-type=\"bold\">Aviso de responsabilidade:<\/b> A Viagem na Floresta n\u00e3o se responsabiliza por quaisquer vantagens perdidas, n\u00e3o usadas ou expiradas. Os participantes assumem todos os riscos associados \u00e0 viagem, e a Forest Travel n\u00e3o ser\u00e1 responsabilizada por quaisquer danos, perdas ou les\u00f5es decorrentes da participa\u00e7\u00e3o nesta promo\u00e7\u00e3o. <\/li>\n<li data-stringify-indent=\"0\" data-stringify-border=\"0\"><b data-stringify-type=\"bold\">Legisla\u00e7\u00e3o Vigente:<\/b> Esses termos e condi\u00e7\u00f5es s\u00e3o regidos pelas leis do estado no qual a Forest Travel est\u00e1 incorporada. Quaisquer disputas surgidas sob esses termos estar\u00e3o sujeitas \u00e0 jurisdi\u00e7\u00e3o exclusiva dos tribunais daquele estado. <\/li>\n<li data-stringify-indent=\"0\" data-stringify-border=\"0\"><b data-stringify-type=\"bold\">Informa\u00e7\u00f5es de Contato:<\/b> Para qualquer d\u00favida sobre esta promo\u00e7\u00e3o, por favor, entre em contato com a Forest Travel pelo <b data-stringify-type=\"bold\"><a href=\"mailto:marketing@foresttravel.com\" target=\"_blank\" rel=\"noopener noreferrer\" data-stringify-link=\"mailto:marketing@foresttravel.com\" data-sk=\"tooltip_parent\" aria-haspopup=\"menu\">marketing@foresttravel.com<\/a><\/b>.<\/li>\n<\/ol>\n<div>Ao participar desta promo\u00e7\u00e3o, os participantes reconhecem que leram, entenderam e concordam em estar vinculados a estes termos e condi\u00e7\u00f5es.<\/div>\t\t\t\t\t\t\t\t<\/div>\n\t\t\t\t<\/div>\n\t\t\t\t\t<\/div>\n\t\t\t\t<\/div>\n\t\t\t\t<\/div>\n\t\t","protected":false},"excerpt":{"rendered":"<p>Promo\u00e7\u00e3o Online Viagem pela Floresta de fevereiro de 2025 Termos e Condi\u00e7\u00f5es para a Promo\u00e7\u00e3o &#8220;Ingressos Complementares 2025&#8221; Elegibilidade: Esta promo\u00e7\u00e3o est\u00e1 dispon\u00edvel exclusivamente para novos clientes com pelo menos 21 anos de idade e residentes dos Estados Unidos. Os participantes devem reservar uma viagem avaliada em no m\u00ednimo $5.000 USD por pessoa para se [&hellip;]<\/p>\n","protected":false},"author":16,"featured_media":0,"parent":0,"menu_order":0,"comment_status":"closed","ping_status":"closed","template":"","meta":{"_joinchat":[],"footnotes":""},"class_list":["post-44947","page","type-page","status-publish","hentry"],"yoast_head":"<!-- This site is optimized with the Yoast SEO Premium plugin v27.2 (Yoast SEO v27.3) - https:\/\/yoast.com\/product\/yoast-seo-premium-wordpress\/ -->\n<title>Termos e Condi\u00e7\u00f5es - Forest Travel Agency<\/title>\n<meta name=\"robots\" content=\"index, follow, max-snippet:-1, max-image-preview:large, max-video-preview:-1\" \/>\n<link rel=\"canonical\" href=\"https:\/\/foresttravel.com\/pt-br\/termos-e-condicoes\/\" \/>\n<meta property=\"og:locale\" content=\"pt_BR\" \/>\n<meta property=\"og:type\" content=\"article\" \/>\n<meta property=\"og:title\" content=\"Termos e Condi\u00e7\u00f5es\" \/>\n<meta property=\"og:description\" content=\"Promo\u00e7\u00e3o Online Viagem pela Floresta de fevereiro de 2025 Termos e Condi\u00e7\u00f5es para a Promo\u00e7\u00e3o &#8220;Ingressos Complementares 2025&#8221; Elegibilidade: Esta promo\u00e7\u00e3o est\u00e1 dispon\u00edvel exclusivamente para novos clientes com pelo menos 21 anos de idade e residentes dos Estados Unidos. Os participantes devem reservar uma viagem avaliada em no m\u00ednimo $5.000 USD por pessoa para se [&hellip;]\" \/>\n<meta property=\"og:url\" content=\"https:\/\/foresttravel.com\/pt-br\/termos-e-condicoes\/\" \/>\n<meta property=\"og:site_name\" content=\"Forest Travel Agency\" \/>\n<meta property=\"article:publisher\" content=\"https:\/\/www.facebook.com\/ForestTravel\/\" \/>\n<meta property=\"article:modified_time\" content=\"2026-02-04T13:22:04+00:00\" \/>\n<meta name=\"twitter:card\" content=\"summary_large_image\" \/>\n<meta name=\"twitter:label1\" content=\"Est. tempo de leitura\" \/>\n\t<meta name=\"twitter:data1\" content=\"6 minutos\" \/>\n<script type=\"application\/ld+json\" class=\"yoast-schema-graph\">{\"@context\":\"https:\\\/\\\/schema.org\",\"@graph\":[{\"@type\":\"WebPage\",\"@id\":\"https:\\\/\\\/foresttravel.com\\\/pt-br\\\/termos-e-condicoes\\\/\",\"url\":\"https:\\\/\\\/foresttravel.com\\\/pt-br\\\/termos-e-condicoes\\\/\",\"name\":\"Termos e Condi\u00e7\u00f5es - Forest Travel Agency\",\"isPartOf\":{\"@id\":\"https:\\\/\\\/foresttravel.com\\\/pt-br\\\/#website\"},\"datePublished\":\"2024-03-05T17:43:35+00:00\",\"dateModified\":\"2026-02-04T13:22:04+00:00\",\"breadcrumb\":{\"@id\":\"https:\\\/\\\/foresttravel.com\\\/pt-br\\\/termos-e-condicoes\\\/#breadcrumb\"},\"inLanguage\":\"pt-BR\",\"potentialAction\":[{\"@type\":\"ReadAction\",\"target\":[\"https:\\\/\\\/foresttravel.com\\\/pt-br\\\/termos-e-condicoes\\\/\"]}]},{\"@type\":\"BreadcrumbList\",\"@id\":\"https:\\\/\\\/foresttravel.com\\\/pt-br\\\/termos-e-condicoes\\\/#breadcrumb\",\"itemListElement\":[{\"@type\":\"ListItem\",\"position\":1,\"name\":\"Home\",\"item\":\"https:\\\/\\\/foresttravel.com\\\/pt-br\\\/agencia-de-viagens-de-luxo-agencia-de-viagens-florestais\\\/\"},{\"@type\":\"ListItem\",\"position\":2,\"name\":\"Termos e Condi\u00e7\u00f5es\"}]},{\"@type\":\"WebSite\",\"@id\":\"https:\\\/\\\/foresttravel.com\\\/pt-br\\\/#website\",\"url\":\"https:\\\/\\\/foresttravel.com\\\/pt-br\\\/\",\"name\":\"Forest Travel Agency\",\"description\":\"Luxury Destinations and Exclusive Hotels\",\"publisher\":{\"@id\":\"https:\\\/\\\/foresttravel.com\\\/pt-br\\\/#organization\"},\"potentialAction\":[{\"@type\":\"SearchAction\",\"target\":{\"@type\":\"EntryPoint\",\"urlTemplate\":\"https:\\\/\\\/foresttravel.com\\\/pt-br\\\/?s={search_term_string}\"},\"query-input\":{\"@type\":\"PropertyValueSpecification\",\"valueRequired\":true,\"valueName\":\"search_term_string\"}}],\"inLanguage\":\"pt-BR\"},{\"@type\":\"Organization\",\"@id\":\"https:\\\/\\\/foresttravel.com\\\/pt-br\\\/#organization\",\"name\":\"Forest Travel Agency\",\"url\":\"https:\\\/\\\/foresttravel.com\\\/pt-br\\\/\",\"logo\":{\"@type\":\"ImageObject\",\"inLanguage\":\"pt-BR\",\"@id\":\"https:\\\/\\\/foresttravel.com\\\/pt-br\\\/#\\\/schema\\\/logo\\\/image\\\/\",\"url\":\"https:\\\/\\\/foresttravel.com\\\/wp-content\\\/uploads\\\/2022\\\/07\\\/FTA-Logo-Deep-Green.svg\",\"contentUrl\":\"https:\\\/\\\/foresttravel.com\\\/wp-content\\\/uploads\\\/2022\\\/07\\\/FTA-Logo-Deep-Green.svg\",\"width\":300,\"height\":22,\"caption\":\"Forest Travel Agency\"},\"image\":{\"@id\":\"https:\\\/\\\/foresttravel.com\\\/pt-br\\\/#\\\/schema\\\/logo\\\/image\\\/\"},\"sameAs\":[\"https:\\\/\\\/www.facebook.com\\\/ForestTravel\\\/\",\"https:\\\/\\\/api.whatsapp.com\\\/send?phone=17867518773&context=ARCd49VgJg_opWh9UXxDOrqm3FKLLCTFoOgKpTviZ2515D4TBf2qObPktaoS8EV50fx8lzKQsfuW6Zg_VqyApp9TAyXBAJbxZUy2JXRh3DwkHNL0-XsbhN6ddqcMrSKQynneSdvEoSbLK38Br5jRHKE&source=FB_Page&app=facebook&entry_point=page\",\"https:\\\/\\\/www.instagram.com\\\/foresttravelagency\",\"https:\\\/\\\/www.tiktok.com\\\/@foresttravelagency\",\"https:\\\/\\\/www.youtube.com\\\/@ForestTravelAgency1\",\"https:\\\/\\\/www.linkedin.com\\\/company\\\/forest-travel\"]}]}<\/script>\n<!-- \/ Yoast SEO Premium plugin. -->","yoast_head_json":{"title":"Termos e Condi\u00e7\u00f5es - Forest Travel Agency","robots":{"index":"index","follow":"follow","max-snippet":"max-snippet:-1","max-image-preview":"max-image-preview:large","max-video-preview":"max-video-preview:-1"},"canonical":"https:\/\/foresttravel.com\/pt-br\/termos-e-condicoes\/","og_locale":"pt_BR","og_type":"article","og_title":"Termos e Condi\u00e7\u00f5es","og_description":"Promo\u00e7\u00e3o Online Viagem pela Floresta de fevereiro de 2025 Termos e Condi\u00e7\u00f5es para a Promo\u00e7\u00e3o &#8220;Ingressos Complementares 2025&#8221; Elegibilidade: Esta promo\u00e7\u00e3o est\u00e1 dispon\u00edvel exclusivamente para novos clientes com pelo menos 21 anos de idade e residentes dos Estados Unidos. Os participantes devem reservar uma viagem avaliada em no m\u00ednimo $5.000 USD por pessoa para se [&hellip;]","og_url":"https:\/\/foresttravel.com\/pt-br\/termos-e-condicoes\/","og_site_name":"Forest Travel Agency","article_publisher":"https:\/\/www.facebook.com\/ForestTravel\/","article_modified_time":"2026-02-04T13:22:04+00:00","twitter_card":"summary_large_image","twitter_misc":{"Est. tempo de leitura":"6 minutos"},"schema":{"@context":"https:\/\/schema.org","@graph":[{"@type":"WebPage","@id":"https:\/\/foresttravel.com\/pt-br\/termos-e-condicoes\/","url":"https:\/\/foresttravel.com\/pt-br\/termos-e-condicoes\/","name":"Termos e Condi\u00e7\u00f5es - Forest Travel Agency","isPartOf":{"@id":"https:\/\/foresttravel.com\/pt-br\/#website"},"datePublished":"2024-03-05T17:43:35+00:00","dateModified":"2026-02-04T13:22:04+00:00","breadcrumb":{"@id":"https:\/\/foresttravel.com\/pt-br\/termos-e-condicoes\/#breadcrumb"},"inLanguage":"pt-BR","potentialAction":[{"@type":"ReadAction","target":["https:\/\/foresttravel.com\/pt-br\/termos-e-condicoes\/"]}]},{"@type":"BreadcrumbList","@id":"https:\/\/foresttravel.com\/pt-br\/termos-e-condicoes\/#breadcrumb","itemListElement":[{"@type":"ListItem","position":1,"name":"Home","item":"https:\/\/foresttravel.com\/pt-br\/agencia-de-viagens-de-luxo-agencia-de-viagens-florestais\/"},{"@type":"ListItem","position":2,"name":"Termos e Condi\u00e7\u00f5es"}]},{"@type":"WebSite","@id":"https:\/\/foresttravel.com\/pt-br\/#website","url":"https:\/\/foresttravel.com\/pt-br\/","name":"Forest Travel Agency","description":"Luxury Destinations and Exclusive Hotels","publisher":{"@id":"https:\/\/foresttravel.com\/pt-br\/#organization"},"potentialAction":[{"@type":"SearchAction","target":{"@type":"EntryPoint","urlTemplate":"https:\/\/foresttravel.com\/pt-br\/?s={search_term_string}"},"query-input":{"@type":"PropertyValueSpecification","valueRequired":true,"valueName":"search_term_string"}}],"inLanguage":"pt-BR"},{"@type":"Organization","@id":"https:\/\/foresttravel.com\/pt-br\/#organization","name":"Forest Travel Agency","url":"https:\/\/foresttravel.com\/pt-br\/","logo":{"@type":"ImageObject","inLanguage":"pt-BR","@id":"https:\/\/foresttravel.com\/pt-br\/#\/schema\/logo\/image\/","url":"https:\/\/foresttravel.com\/wp-content\/uploads\/2022\/07\/FTA-Logo-Deep-Green.svg","contentUrl":"https:\/\/foresttravel.com\/wp-content\/uploads\/2022\/07\/FTA-Logo-Deep-Green.svg","width":300,"height":22,"caption":"Forest Travel Agency"},"image":{"@id":"https:\/\/foresttravel.com\/pt-br\/#\/schema\/logo\/image\/"},"sameAs":["https:\/\/www.facebook.com\/ForestTravel\/","https:\/\/api.whatsapp.com\/send?phone=17867518773&context=ARCd49VgJg_opWh9UXxDOrqm3FKLLCTFoOgKpTviZ2515D4TBf2qObPktaoS8EV50fx8lzKQsfuW6Zg_VqyApp9TAyXBAJbxZUy2JXRh3DwkHNL0-XsbhN6ddqcMrSKQynneSdvEoSbLK38Br5jRHKE&source=FB_Page&app=facebook&entry_point=page","https:\/\/www.instagram.com\/foresttravelagency","https:\/\/www.tiktok.com\/@foresttravelagency","https:\/\/www.youtube.com\/@ForestTravelAgency1","https:\/\/www.linkedin.com\/company\/forest-travel"]}]}},"_links":{"self":[{"href":"https:\/\/foresttravel.com\/pt-br\/wp-json\/wp\/v2\/pages\/44947","targetHints":{"allow":["GET"]}}],"collection":[{"href":"https:\/\/foresttravel.com\/pt-br\/wp-json\/wp\/v2\/pages"}],"about":[{"href":"https:\/\/foresttravel.com\/pt-br\/wp-json\/wp\/v2\/types\/page"}],"author":[{"embeddable":true,"href":"https:\/\/foresttravel.com\/pt-br\/wp-json\/wp\/v2\/users\/16"}],"replies":[{"embeddable":true,"href":"https:\/\/foresttravel.com\/pt-br\/wp-json\/wp\/v2\/comments?post=44947"}],"version-history":[{"count":0,"href":"https:\/\/foresttravel.com\/pt-br\/wp-json\/wp\/v2\/pages\/44947\/revisions"}],"wp:attachment":[{"href":"https:\/\/foresttravel.com\/pt-br\/wp-json\/wp\/v2\/media?parent=44947"}],"curies":[{"name":"wp","href":"https:\/\/api.w.org\/{rel}","templated":true}]}}