{"id":47592,"date":"2023-03-30T20:52:00","date_gmt":"2023-03-31T00:52:00","guid":{"rendered":"https:\/\/foresttravel.com\/politique-de-confidentialite\/"},"modified":"2026-02-04T10:54:49","modified_gmt":"2026-02-04T15:54:49","slug":"politique-de-confidentialite","status":"publish","type":"page","link":"https:\/\/foresttravel.com\/fr\/politique-de-confidentialite\/","title":{"rendered":"Politique de confidentialit\u00e9"},"content":{"rendered":"\n<p>Cette politique de confidentialit\u00e9 d\u00e9taille comment Forest Travel Agency utilise et prot\u00e8ge toutes les informations que vous <strong>foresttravel.com<\/strong> fournissez lorsque vous utilisez ce site web. Forest Travel Agency s\u2019engage \u00e0 garantir la protection de votre vie priv\u00e9e. Si nous vous demandons de fournir certaines informations permettant d\u2019\u00eatre identifi\u00e9 lors de l\u2019utilisation de ce site web, vous pouvez \u00eatre assur\u00e9 qu\u2019elles ne seront utilis\u00e9es qu\u2019en conformit\u00e9 avec cette d\u00e9claration de confidentialit\u00e9. L\u2019Agence des Voyages Forestiers peut modifier cette politique de temps \u00e0 autre en mettant \u00e0 jour cette page. Vous devriez consulter cette page de temps en temps pour vous assurer que vous \u00eates satisfait de tout changement. Cette politique a \u00e9t\u00e9 mise \u00e0 jour pour la derni\u00e8re fois le 30 mars 2023.     <\/p>\n\n<p>Nous nous engageons \u00e0 communiquer avec vous de mani\u00e8re professionnelle et \u00e0 prot\u00e9ger vos informations confidentielles. Nous utilisons les informations que vous fournissez (par exemple, nom, adresse, num\u00e9ro de t\u00e9l\u00e9phone, e-mail, accord de r\u00e9ception de newsletters\/offres de vente, etc.) pour vous contacter afin de partager des informations sur nos (produits\/services). Nous ne partagerons vos informations avec aucun tiers ext\u00e9rieur \u00e0 notre organisation, sauf si n\u00e9cessaire pour r\u00e9pondre \u00e0 votre demande. Cette entreprise ne vend, \u00e9change pas et ne loue pas vos informations personnelles \u00e0 d\u2019autres.   <\/p>\n\n<h3 class=\"wp-block-heading\">Ce que nous collectons<\/h3>\n\n<p>Nous pouvons recueillir les informations suivantes :<\/p>\n\n<ul class=\"wp-block-list\">\n<li>Nom<\/li>\n\n\n\n<li>Informations de contact incluant l\u2019adresse e-mail<\/li>\n\n\n\n<li>Informations d\u00e9mographiques telles que pays, code postal, pr\u00e9f\u00e9rences et centres d\u2019int\u00e9r\u00eat<\/li>\n\n\n\n<li>Vos interactions sur notre site web, comme les pages que vous avez visit\u00e9es ou les liens cliqu\u00e9s<\/li>\n\n\n\n<li>Autres informations pertinentes pour les enqu\u00eates clients et\/ou les offres<\/li>\n<\/ul>\n\n<h3 class=\"wp-block-heading\">Que faire des informations que nous recueillons<\/h3>\n\n<p>Nous avons besoin de ces informations pour comprendre vos besoins et vous offrir un meilleur service, notamment pour les raisons suivantes :<\/p>\n\n<ul class=\"wp-block-list\">\n<li>Tenue des archives internes<\/li>\n\n\n\n<li>Nous pouvons utiliser ces informations pour am\u00e9liorer nos produits et services<\/li>\n\n\n\n<li>Nous pouvons envoyer p\u00e9riodiquement des emails promotionnels concernant de nouveaux produits, des offres sp\u00e9ciales ou d\u2019autres informations que nous pensons pouvoir vous int\u00e9resser en utilisant l\u2019adresse e-mail que vous avez fournie. Si vous vous abonnez \u00e0 notre newsletter, vous pouvez vous d\u00e9sabonnementer \u00e0 tout moment, soit en utilisant le lien de d\u00e9sabonnement de la newsletter, soit en nous contactant via l\u2019adresse e-mail indiqu\u00e9e sur notre site web <\/li>\n\n\n\n<li>De temps \u00e0 autre, nous pouvons \u00e9galement utiliser vos informations pour vous contacter \u00e0 des fins d\u2019\u00e9tudes de march\u00e9. Nous pouvons vous contacter par e-mail, t\u00e9l\u00e9phone, fax ou courrier. Nous pouvons utiliser ces informations pour personnaliser le site selon vos int\u00e9r\u00eats  <\/li>\n\n\n\n<li>Nous pouvons utiliser ces informations pour vous diffuser des publicit\u00e9s sur diff\u00e9rentes plateformes (sp\u00e9cifi\u00e9es ci-dessous)<\/li>\n<\/ul>\n\n<p>Veuillez nous contacter pour corriger ou mettre \u00e0 jour les informations \u00e0 tout moment. 305-830-0200.<\/p>\n\n<h3 class=\"wp-block-heading\">S\u00e9curit\u00e9<\/h3>\n\n<p>Nous nous engageons \u00e0 garantir la s\u00e9curit\u00e9 de vos informations. Afin d\u2019\u00e9viter les acc\u00e8s ou divulgations non autoris\u00e9es, nous avons mis en place des proc\u00e9dures physiques, \u00e9lectroniques et manag\u00e9riales appropri\u00e9es pour prot\u00e9ger et s\u00e9curiser les informations que nous collectons en ligne. <\/p>\n\n<h3 class=\"wp-block-heading\">Journalisation et cookies<\/h3>\n\n<p>Lorsque vous consultez notre site web, les informations suivantes concernant votre visite sont collect\u00e9es et stock\u00e9es : l\u2019adresse IP (protocole Internet) de l\u2019ordinateur (un num\u00e9ro automatiquement attribu\u00e9 \u00e0 votre ordinateur lorsque vous acc\u00e9dez \u00e0 Internet) ; l\u2019adresse du site web d\u2019o\u00f9 vous \u00eates arriv\u00e9 sur notre site (par exemple www.google.com, si vous avez cliqu\u00e9 sur un lien via une recherche Google) ; la date et l\u2019heure de votre arriv\u00e9e sur notre site et le temps que vous y avez pass\u00e9 ; le nom et la version du syst\u00e8me d\u2019exploitation et du navigateur de votre ordinateur Exemple : Windows 7\/Internet Explorer 8.0 ; Les pages que tu as visit\u00e9es.<\/p>\n\n<p>Nous utilisons \u00e9galement des \u00ab cookies \u00bb sur ce site. Un cookie est une donn\u00e9e stock\u00e9e sur le disque dur d\u2019un visiteur du site pour nous aider \u00e0 mieux d\u00e9terminer l\u2019utilisation de notre site et ses sources de trafic, am\u00e9liorer l\u2019acc\u00e8s \u00e0 notre site et identifier les visiteurs r\u00e9guliers. Une fois que vous \u00eates d\u2019accord, le fichier est ajout\u00e9 et le cookie aide \u00e0 analyser le trafic web ou vous informe lorsque vous visitez un site particulier. Les cookies permettent aux applications web de r\u00e9pondre \u00e0 vous en tant qu\u2019individu. L\u2019application web peut adapter ses op\u00e9rations \u00e0 vos besoins, go\u00fbts et d\u00e9go\u00fbts en recueillant et en m\u00e9morisant des informations sur vos pr\u00e9f\u00e9rences.    <\/p>\n\n<p>Si vous n\u2019\u00eates pas satisfait de notre utilisation des cookies, vous devriez soit ne pas utiliser ce site, soit supprimer nos cookies une fois le site visit\u00e9, soit naviguer sur le site en utilisant le param\u00e8tre d\u2019utilisation anonyme de votre navigateur (appel\u00e9 \u00ab Incognito \u00bb sur Chrome, \u00ab InPrivate \u00bb pour Internet Explorer, \u00ab Private Busing \u00bb dans Firefox et Safari,  etc.)<\/p>\n\n<p>Nous utilisons des cookies de journal de trafic pour identifier quelles pages sont utilis\u00e9es. Cela nous aide \u00e0 analyser les donn\u00e9es sur le trafic des pages web et \u00e0 am\u00e9liorer notre site afin de l\u2019adapter aux besoins des clients. Nous n\u2019utilisons ces informations qu\u2019\u00e0 des fins d\u2019analyse statistique, puis les donn\u00e9es sont retir\u00e9es du syst\u00e8me.  <\/p>\n\n<p>Dans l\u2019ensemble, les cookies nous aident \u00e0 vous offrir un meilleur site web en nous permettant de surveiller quelles pages vous semblent utiles et lesquelles ne vous plaisant pas. Un cookie ne nous donne en aucun cas acc\u00e8s \u00e0 votre ordinateur ni \u00e0 toute information vous concernant, autre que les donn\u00e9es que vous choisissez de partager avec nous. Vous pouvez choisir d\u2019accepter ou de refuser les cookies. La plupart des navigateurs web acceptent automatiquement les cookies, mais vous pouvez g\u00e9n\u00e9ralement modifier les param\u00e8tres de votre navigateur pour refuser les cookies si vous le souhaitez. Cela peut vous emp\u00eacher de profiter pleinement du site. Si vous ne souhaitez pas recevoir de cookies, vous pouvez modifier votre navigateur pour qu\u2019il vous notifie lorsque des cookies lui sont envoy\u00e9s ou vous pouvez refuser les cookies tout simplement. Vous pouvez \u00e9galement supprimer les cookies d\u00e9j\u00e0 configur\u00e9s. Si vous souhaitez restreindre ou bloquer les cookies du navigateur web configur\u00e9s sur votre appareil, vous pouvez le faire via les param\u00e8tres de votre navigateur ; la fonction Aide dans votre navigateur devrait vous indiquer comment.       <\/p>\n\n<h3 class=\"wp-block-heading\">Cookies sur le site de l\u2019agence de voyage foresti\u00e8re<\/h3>\n\n<p><strong>Google Analytics :<\/strong> Nous utilisons cela pour comprendre comment le site de la Forest Travel Agency est utilis\u00e9 afin d\u2019am\u00e9liorer l\u2019exp\u00e9rience utilisateur. Toutes vos donn\u00e9es utilisateur sont anonymes. Vous pouvez en savoir plus sur la position de Google concernant la vie priv\u00e9e concernant son service d\u2019analyse <a href=\"http:\/\/www.google.co.uk\/intl\/en\/analytics\/privacyoverview.html\" target=\"_blank\" rel=\"noreferrer noopener\">ici<\/a>  <\/p>\n\n<p><strong>Google AdWords :<\/strong> Gr\u00e2ce au code Google AdWords, nous pouvons voir quelles pages ont contribu\u00e9 \u00e0 la soumission de formulaires de contact. Cela nous permet de mieux utiliser notre budget de recherche payante. <\/p>\n\n<p><strong>Publicit\u00e9 Facebook :<\/strong> Nous utilisons le suivi des conversions publicitaires Facebook et le re-ciblage des pixels, ce qui nous permet de collecter ou recevoir des informations depuis notre site web et ailleurs sur Internet, et d\u2019utiliser ces informations pour fournir des services de mesure et de cibler la publicit\u00e9.<\/p>\n\n<p><strong>Publicit\u00e9 LinkedIn :<\/strong> Nous utilisons le suivi des conversions publicitaires LinkedIn et le re-ciblage des pixels, ce qui nous permet de collecter ou recevoir des informations sur notre site web et ailleurs sur Internet, et d\u2019utiliser ces informations pour fournir des services de mesure et de cibler la publicit\u00e9.<\/p>\n\n<p><strong>Publicit\u00e9 Twitter :<\/strong> Nous utilisons le suivi des conversions publicitaires Twitter et le re-ciblage des pixels, ce qui nous permet de collecter ou recevoir des informations de notre site web et d\u2019autres parties d\u2019internet, et d\u2019utiliser ces informations pour fournir des services de mesure et de cibler la publicit\u00e9.<\/p>\n\n<p><strong>DoubleClic :<\/strong> Nous utilisons des codes de remarketing pour enregistrer lorsque les utilisateurs consultent des pages sp\u00e9cifiques, ce qui nous permet de fournir de la publicit\u00e9 cibl\u00e9e \u00e0 l\u2019avenir.<\/p>\n\n<p><strong>Optimiseur visuel pour site web :<\/strong> Notre optimiseur de sites web utilise des cookies pour se souvenir du site que vous avez recherch\u00e9. Cela permet de g\u00e9n\u00e9rer les r\u00e9sultats recherch\u00e9s. <\/p>\n\n<p><strong>Marketo :<\/strong> Nous utilisons la plateforme Marketo pour envoyer des e-mails avec nos newsletters et d\u2019autres informations pertinentes \u00e0 des contacts d\u00e9j\u00e0 enregistr\u00e9s.<\/p>\n\n<h3 class=\"wp-block-heading\">Autres informations que nous recueillons<\/h3>\n\n<p>Boutons sociaux : Sur de nombreuses pages du site de l\u2019agence de voyage foresti\u00e8re, vous verrez des \u00ab boutons sociaux \u00bb. Celles-ci permettent aux utilisateurs de partager ou de mettre en favori des pages web. Il y a des boutons pour : Twitter, Google +1, Facebook &lsquo;J\u2019aime&rsquo; et LinkedIn &lsquo;Partager&rsquo;. Pour impl\u00e9menter ces boutons et les connecter aux r\u00e9seaux sociaux pertinents et aux sites externes, il existe des scripts provenant de domaines ext\u00e9rieurs \u00e0 foresttravel.com. Vous devez savoir que ces sites collectent probablement des informations sur ce que vous faites partout sur Internet, y compris sur le site foresttravel.com. Donc, si vous cliquez sur l\u2019un de ces boutons, ces sites enregistreront cette action et pourront utiliser ces informations. Dans certains cas, ces sites enregistrent le fait que vous visitez foresttravel.com, ainsi que les pages sp\u00e9cifiques sur lesquelles vous vous trouvez, m\u00eame si vous ne cliquez pas sur le bouton si vous \u00eates connect\u00e9 \u00e0 leurs services, comme Google et Facebook. Vous devriez v\u00e9rifier les politiques respectives de chacun de ces sites pour voir exactement comment ils utilisent vos informations et comment vous d\u00e9sinscrire ou supprimer ces informations.       <\/p>\n\n<p><strong>Services web externes :<\/strong> Nous utilisons plusieurs services web externes sur Forest Travel Agency, principalement pour afficher le contenu de nos pages web. Par exemple, pour afficher des diaporamas, nous utilisons parfois SlideShare ; pour montrer des vid\u00e9os, nous utilisons YouTube et Vimeo. Ce n\u2019est pas une liste exhaustive ou compl\u00e8te des services que nous utilisons ou pourrions utiliser \u00e0 l\u2019avenir lors de l\u2019int\u00e9gration de contenu, mais ce sont les plus courants. Comme pour les boutons sociaux, nous ne pouvons emp\u00eacher ces sites, ni les domaines externes, de collecter des informations sur votre utilisation de ce contenu int\u00e9gr\u00e9. Si vous n\u2019\u00eates pas connect\u00e9 \u00e0 ces services externes, ils ne sauront pas qui vous \u00eates mais sont susceptibles de recueillir des informations d\u2019utilisation anonymes, par exemple le nombre de vues, de lectures, de charges, etc.    <\/p>\n\n<p><strong>Suivi des e-mails :<\/strong> Certains e-mails que nous vous envoyons n\u2019ont aucun suivi, par exemple la correspondance personnelle ou les e-mails avec des factures jointes. Les autres emails que nous envoyons ont un suivi afin de savoir combien de trafic ces emails envoient sur notre site et de suivre, individuellement, si l\u2019utilisateur a ouvert et cliqu\u00e9 sur l\u2019email. Nous utilisons rarement ces derni\u00e8res informations \u00e0 un niveau personnel, nous les utilisons plut\u00f4t pour comprendre les taux d\u2019ouverture et de clics sur nos emails afin de les am\u00e9liorer. Parfois, nous utilisons des informations personnelles, par exemple pour r\u00e9envoyer des e-mails \u00e0 des personnes qui n\u2019avaient pas cliqu\u00e9 la premi\u00e8re fois. Si vous souhaitez vous assurer qu\u2019aucune de vos activit\u00e9s e-mail n\u2019est suivie, vous devriez vous d\u00e9sabonner de la newsletter de la Forest Travel Agency en cliquant sur le lien \u00ab se d\u00e9sabonner \u00bb ou \u00ab modifier vos pr\u00e9f\u00e9rences \u00bb dans l\u2019un des e-mails re\u00e7us.    <\/p>\n\n<h3 class=\"wp-block-heading\">Liens<\/h3>\n\n<p>Ce site peut contenir des liens vers d\u2019autres sites. Veuillez noter que nous ne sommes pas responsables du contenu ou des pratiques de confidentialit\u00e9 de ces autres sites. <\/p>\n\n<h3 class=\"wp-block-heading\">Droits d\u2019auteur<\/h3>\n\n<p>Contenu \u00a9 complet 2023 Forest Travel Agency. Tous droits r\u00e9serv\u00e9s. <\/p>\n","protected":false},"excerpt":{"rendered":"<p>Cette politique de confidentialit\u00e9 d\u00e9taille comment Forest Travel Agency utilise et prot\u00e8ge toutes les informations que vous foresttravel.com fournissez lorsque vous utilisez ce site web. Forest Travel Agency s\u2019engage \u00e0 garantir la protection de votre vie priv\u00e9e. Si nous vous demandons de fournir certaines informations permettant d\u2019\u00eatre identifi\u00e9 lors de l\u2019utilisation de ce site web, [&hellip;]<\/p>\n","protected":false},"author":16,"featured_media":0,"parent":0,"menu_order":0,"comment_status":"closed","ping_status":"closed","template":"","meta":{"_joinchat":[],"footnotes":""},"class_list":["post-47592","page","type-page","status-publish","hentry"],"yoast_head":"<!-- This site is optimized with the Yoast SEO Premium plugin v27.2 (Yoast SEO v27.3) - https:\/\/yoast.com\/product\/yoast-seo-premium-wordpress\/ -->\n<title>Politique de confidentialit\u00e9 - Forest Travel Agency<\/title>\n<meta name=\"robots\" content=\"index, follow, max-snippet:-1, max-image-preview:large, max-video-preview:-1\" \/>\n<link rel=\"canonical\" href=\"https:\/\/foresttravel.com\/fr\/politique-de-confidentialite\/\" \/>\n<meta property=\"og:locale\" content=\"fr_FR\" \/>\n<meta property=\"og:type\" content=\"article\" \/>\n<meta property=\"og:title\" content=\"Politique de confidentialit\u00e9\" \/>\n<meta property=\"og:description\" content=\"Cette politique de confidentialit\u00e9 d\u00e9taille comment Forest Travel Agency utilise et prot\u00e8ge toutes les informations que vous foresttravel.com fournissez lorsque vous utilisez ce site web. Forest Travel Agency s\u2019engage \u00e0 garantir la protection de votre vie priv\u00e9e. Si nous vous demandons de fournir certaines informations permettant d\u2019\u00eatre identifi\u00e9 lors de l\u2019utilisation de ce site web, [&hellip;]\" \/>\n<meta property=\"og:url\" content=\"https:\/\/foresttravel.com\/fr\/politique-de-confidentialite\/\" \/>\n<meta property=\"og:site_name\" content=\"Forest Travel Agency\" \/>\n<meta property=\"article:publisher\" content=\"https:\/\/www.facebook.com\/ForestTravel\/\" \/>\n<meta property=\"article:modified_time\" content=\"2026-02-04T15:54:49+00:00\" \/>\n<meta name=\"twitter:card\" content=\"summary_large_image\" \/>\n<meta name=\"twitter:label1\" content=\"Dur\u00e9e de lecture estim\u00e9e\" \/>\n\t<meta name=\"twitter:data1\" content=\"10 minutes\" \/>\n<script type=\"application\/ld+json\" class=\"yoast-schema-graph\">{\"@context\":\"https:\\\/\\\/schema.org\",\"@graph\":[{\"@type\":\"WebPage\",\"@id\":\"https:\\\/\\\/foresttravel.com\\\/fr\\\/politique-de-confidentialite\\\/\",\"url\":\"https:\\\/\\\/foresttravel.com\\\/fr\\\/politique-de-confidentialite\\\/\",\"name\":\"Politique de confidentialit\u00e9 - Forest Travel Agency\",\"isPartOf\":{\"@id\":\"https:\\\/\\\/foresttravel.com\\\/fr\\\/#website\"},\"datePublished\":\"2023-03-31T00:52:00+00:00\",\"dateModified\":\"2026-02-04T15:54:49+00:00\",\"breadcrumb\":{\"@id\":\"https:\\\/\\\/foresttravel.com\\\/fr\\\/politique-de-confidentialite\\\/#breadcrumb\"},\"inLanguage\":\"fr-FR\",\"potentialAction\":[{\"@type\":\"ReadAction\",\"target\":[\"https:\\\/\\\/foresttravel.com\\\/fr\\\/politique-de-confidentialite\\\/\"]}]},{\"@type\":\"BreadcrumbList\",\"@id\":\"https:\\\/\\\/foresttravel.com\\\/fr\\\/politique-de-confidentialite\\\/#breadcrumb\",\"itemListElement\":[{\"@type\":\"ListItem\",\"position\":1,\"name\":\"Home\",\"item\":\"https:\\\/\\\/foresttravel.com\\\/fr\\\/agence-de-voyages-de-luxe-agence-de-voyage-forestiere\\\/\"},{\"@type\":\"ListItem\",\"position\":2,\"name\":\"Politique de confidentialit\u00e9\"}]},{\"@type\":\"WebSite\",\"@id\":\"https:\\\/\\\/foresttravel.com\\\/fr\\\/#website\",\"url\":\"https:\\\/\\\/foresttravel.com\\\/fr\\\/\",\"name\":\"Forest Travel Agency\",\"description\":\"Luxury Destinations and Exclusive Hotels\",\"publisher\":{\"@id\":\"https:\\\/\\\/foresttravel.com\\\/fr\\\/#organization\"},\"potentialAction\":[{\"@type\":\"SearchAction\",\"target\":{\"@type\":\"EntryPoint\",\"urlTemplate\":\"https:\\\/\\\/foresttravel.com\\\/fr\\\/?s={search_term_string}\"},\"query-input\":{\"@type\":\"PropertyValueSpecification\",\"valueRequired\":true,\"valueName\":\"search_term_string\"}}],\"inLanguage\":\"fr-FR\"},{\"@type\":\"Organization\",\"@id\":\"https:\\\/\\\/foresttravel.com\\\/fr\\\/#organization\",\"name\":\"Forest Travel Agency\",\"url\":\"https:\\\/\\\/foresttravel.com\\\/fr\\\/\",\"logo\":{\"@type\":\"ImageObject\",\"inLanguage\":\"fr-FR\",\"@id\":\"https:\\\/\\\/foresttravel.com\\\/fr\\\/#\\\/schema\\\/logo\\\/image\\\/\",\"url\":\"https:\\\/\\\/foresttravel.com\\\/wp-content\\\/uploads\\\/2022\\\/07\\\/FTA-Logo-Deep-Green.svg\",\"contentUrl\":\"https:\\\/\\\/foresttravel.com\\\/wp-content\\\/uploads\\\/2022\\\/07\\\/FTA-Logo-Deep-Green.svg\",\"width\":300,\"height\":22,\"caption\":\"Forest Travel Agency\"},\"image\":{\"@id\":\"https:\\\/\\\/foresttravel.com\\\/fr\\\/#\\\/schema\\\/logo\\\/image\\\/\"},\"sameAs\":[\"https:\\\/\\\/www.facebook.com\\\/ForestTravel\\\/\",\"https:\\\/\\\/api.whatsapp.com\\\/send?phone=17867518773&context=ARCd49VgJg_opWh9UXxDOrqm3FKLLCTFoOgKpTviZ2515D4TBf2qObPktaoS8EV50fx8lzKQsfuW6Zg_VqyApp9TAyXBAJbxZUy2JXRh3DwkHNL0-XsbhN6ddqcMrSKQynneSdvEoSbLK38Br5jRHKE&source=FB_Page&app=facebook&entry_point=page\",\"https:\\\/\\\/www.instagram.com\\\/foresttravelagency\",\"https:\\\/\\\/www.tiktok.com\\\/@foresttravelagency\",\"https:\\\/\\\/www.youtube.com\\\/@ForestTravelAgency1\",\"https:\\\/\\\/www.linkedin.com\\\/company\\\/forest-travel\"]}]}<\/script>\n<!-- \/ Yoast SEO Premium plugin. -->","yoast_head_json":{"title":"Politique de confidentialit\u00e9 - Forest Travel Agency","robots":{"index":"index","follow":"follow","max-snippet":"max-snippet:-1","max-image-preview":"max-image-preview:large","max-video-preview":"max-video-preview:-1"},"canonical":"https:\/\/foresttravel.com\/fr\/politique-de-confidentialite\/","og_locale":"fr_FR","og_type":"article","og_title":"Politique de confidentialit\u00e9","og_description":"Cette politique de confidentialit\u00e9 d\u00e9taille comment Forest Travel Agency utilise et prot\u00e8ge toutes les informations que vous foresttravel.com fournissez lorsque vous utilisez ce site web. Forest Travel Agency s\u2019engage \u00e0 garantir la protection de votre vie priv\u00e9e. Si nous vous demandons de fournir certaines informations permettant d\u2019\u00eatre identifi\u00e9 lors de l\u2019utilisation de ce site web, [&hellip;]","og_url":"https:\/\/foresttravel.com\/fr\/politique-de-confidentialite\/","og_site_name":"Forest Travel Agency","article_publisher":"https:\/\/www.facebook.com\/ForestTravel\/","article_modified_time":"2026-02-04T15:54:49+00:00","twitter_card":"summary_large_image","twitter_misc":{"Dur\u00e9e de lecture estim\u00e9e":"10 minutes"},"schema":{"@context":"https:\/\/schema.org","@graph":[{"@type":"WebPage","@id":"https:\/\/foresttravel.com\/fr\/politique-de-confidentialite\/","url":"https:\/\/foresttravel.com\/fr\/politique-de-confidentialite\/","name":"Politique de confidentialit\u00e9 - Forest Travel Agency","isPartOf":{"@id":"https:\/\/foresttravel.com\/fr\/#website"},"datePublished":"2023-03-31T00:52:00+00:00","dateModified":"2026-02-04T15:54:49+00:00","breadcrumb":{"@id":"https:\/\/foresttravel.com\/fr\/politique-de-confidentialite\/#breadcrumb"},"inLanguage":"fr-FR","potentialAction":[{"@type":"ReadAction","target":["https:\/\/foresttravel.com\/fr\/politique-de-confidentialite\/"]}]},{"@type":"BreadcrumbList","@id":"https:\/\/foresttravel.com\/fr\/politique-de-confidentialite\/#breadcrumb","itemListElement":[{"@type":"ListItem","position":1,"name":"Home","item":"https:\/\/foresttravel.com\/fr\/agence-de-voyages-de-luxe-agence-de-voyage-forestiere\/"},{"@type":"ListItem","position":2,"name":"Politique de confidentialit\u00e9"}]},{"@type":"WebSite","@id":"https:\/\/foresttravel.com\/fr\/#website","url":"https:\/\/foresttravel.com\/fr\/","name":"Forest Travel Agency","description":"Luxury Destinations and Exclusive Hotels","publisher":{"@id":"https:\/\/foresttravel.com\/fr\/#organization"},"potentialAction":[{"@type":"SearchAction","target":{"@type":"EntryPoint","urlTemplate":"https:\/\/foresttravel.com\/fr\/?s={search_term_string}"},"query-input":{"@type":"PropertyValueSpecification","valueRequired":true,"valueName":"search_term_string"}}],"inLanguage":"fr-FR"},{"@type":"Organization","@id":"https:\/\/foresttravel.com\/fr\/#organization","name":"Forest Travel Agency","url":"https:\/\/foresttravel.com\/fr\/","logo":{"@type":"ImageObject","inLanguage":"fr-FR","@id":"https:\/\/foresttravel.com\/fr\/#\/schema\/logo\/image\/","url":"https:\/\/foresttravel.com\/wp-content\/uploads\/2022\/07\/FTA-Logo-Deep-Green.svg","contentUrl":"https:\/\/foresttravel.com\/wp-content\/uploads\/2022\/07\/FTA-Logo-Deep-Green.svg","width":300,"height":22,"caption":"Forest Travel Agency"},"image":{"@id":"https:\/\/foresttravel.com\/fr\/#\/schema\/logo\/image\/"},"sameAs":["https:\/\/www.facebook.com\/ForestTravel\/","https:\/\/api.whatsapp.com\/send?phone=17867518773&context=ARCd49VgJg_opWh9UXxDOrqm3FKLLCTFoOgKpTviZ2515D4TBf2qObPktaoS8EV50fx8lzKQsfuW6Zg_VqyApp9TAyXBAJbxZUy2JXRh3DwkHNL0-XsbhN6ddqcMrSKQynneSdvEoSbLK38Br5jRHKE&source=FB_Page&app=facebook&entry_point=page","https:\/\/www.instagram.com\/foresttravelagency","https:\/\/www.tiktok.com\/@foresttravelagency","https:\/\/www.youtube.com\/@ForestTravelAgency1","https:\/\/www.linkedin.com\/company\/forest-travel"]}]}},"_links":{"self":[{"href":"https:\/\/foresttravel.com\/fr\/wp-json\/wp\/v2\/pages\/47592","targetHints":{"allow":["GET"]}}],"collection":[{"href":"https:\/\/foresttravel.com\/fr\/wp-json\/wp\/v2\/pages"}],"about":[{"href":"https:\/\/foresttravel.com\/fr\/wp-json\/wp\/v2\/types\/page"}],"author":[{"embeddable":true,"href":"https:\/\/foresttravel.com\/fr\/wp-json\/wp\/v2\/users\/16"}],"replies":[{"embeddable":true,"href":"https:\/\/foresttravel.com\/fr\/wp-json\/wp\/v2\/comments?post=47592"}],"version-history":[{"count":0,"href":"https:\/\/foresttravel.com\/fr\/wp-json\/wp\/v2\/pages\/47592\/revisions"}],"wp:attachment":[{"href":"https:\/\/foresttravel.com\/fr\/wp-json\/wp\/v2\/media?parent=47592"}],"curies":[{"name":"wp","href":"https:\/\/api.w.org\/{rel}","templated":true}]}}