{"id":45282,"date":"2025-12-01T09:10:31","date_gmt":"2025-12-01T14:10:31","guid":{"rendered":"https:\/\/foresttravel.com\/angie-vasco\/"},"modified":"2026-02-04T08:37:49","modified_gmt":"2026-02-04T13:37:49","slug":"angie-vasco","status":"publish","type":"page","link":"https:\/\/foresttravel.com\/fr\/angie-vasco\/","title":{"rendered":"Angie Vasco"},"content":{"rendered":"\t\t<div data-elementor-type=\"wp-page\" data-elementor-id=\"45282\" class=\"elementor elementor-45282 elementor-43123\" data-elementor-post-type=\"page\">\n\t\t\t\t<div class=\"elementor-element elementor-element-1763b08 e-flex e-con-boxed e-con e-parent\" data-id=\"1763b08\" data-element_type=\"container\" data-e-type=\"container\">\n\t\t\t\t\t<div class=\"e-con-inner\">\n\t\t\t\t<div class=\"elementor-element elementor-element-40a373f elementor-widget elementor-widget-image\" data-id=\"40a373f\" data-element_type=\"widget\" data-e-type=\"widget\" data-widget_type=\"image.default\">\n\t\t\t\t<div class=\"elementor-widget-container\">\n\t\t\t\t\t\t\t\t\t\t\t\t\t\t\t<img decoding=\"async\" width=\"180\" height=\"180\" src=\"https:\/\/foresttravel.com\/wp-content\/uploads\/2025\/12\/angie-vasco.jpg\" class=\"attachment-large size-large wp-image-45283\" alt=\"\" srcset=\"https:\/\/foresttravel.com\/wp-content\/uploads\/2025\/12\/angie-vasco.jpg 180w, https:\/\/foresttravel.com\/wp-content\/uploads\/2025\/12\/angie-vasco-150x150.jpg 150w\" sizes=\"(max-width: 180px) 100vw, 180px\" \/>\t\t\t\t\t\t\t\t\t\t\t\t\t\t\t<\/div>\n\t\t\t\t<\/div>\n\t\t\t\t<div class=\"elementor-element elementor-element-baed0fb elementor-widget elementor-widget-heading\" data-id=\"baed0fb\" data-element_type=\"widget\" data-e-type=\"widget\" data-widget_type=\"heading.default\">\n\t\t\t\t<div class=\"elementor-widget-container\">\n\t\t\t\t\t<h1 class=\"elementor-heading-title elementor-size-default\">Angie Vasco<\/h1>\t\t\t\t<\/div>\n\t\t\t\t<\/div>\n\t\t\t\t<div class=\"elementor-element elementor-element-05029be elementor-widget elementor-widget-text-editor\" data-id=\"05029be\" data-element_type=\"widget\" data-e-type=\"widget\" data-widget_type=\"text-editor.default\">\n\t\t\t\t<div class=\"elementor-widget-container\">\n\t\t\t\t\t\t\t\t\t<p><strong>Responsable des voyages d\u2019entreprise<\/strong><\/p>\t\t\t\t\t\t\t\t<\/div>\n\t\t\t\t<\/div>\n\t\t\t\t<div class=\"elementor-element elementor-element-50eef46 e-grid-align-left elementor-shape-rounded elementor-grid-0 elementor-widget elementor-widget-social-icons\" data-id=\"50eef46\" data-element_type=\"widget\" data-e-type=\"widget\" data-widget_type=\"social-icons.default\">\n\t\t\t\t<div class=\"elementor-widget-container\">\n\t\t\t\t\t\t\t<div class=\"elementor-social-icons-wrapper elementor-grid\">\n\t\t\t\t\t\t\t<span class=\"elementor-grid-item\">\n\t\t\t\t\t<a class=\"elementor-icon elementor-social-icon elementor-social-icon-linkedin elementor-repeater-item-d28dbc3\" href=\"https:\/\/www.linkedin.com\/in\/angie-vasco-b05234b3\/\" target=\"_blank\">\n\t\t\t\t\t\t<span class=\"elementor-screen-only\">Linkedin<\/span>\n\t\t\t\t\t\t<svg aria-hidden=\"true\" class=\"e-font-icon-svg e-fab-linkedin\" viewBox=\"0 0 448 512\" xmlns=\"http:\/\/www.w3.org\/2000\/svg\"><path d=\"M416 32H31.9C14.3 32 0 46.5 0 64.3v383.4C0 465.5 14.3 480 31.9 480H416c17.6 0 32-14.5 32-32.3V64.3c0-17.8-14.4-32.3-32-32.3zM135.4 416H69V202.2h66.5V416zm-33.2-243c-21.3 0-38.5-17.3-38.5-38.5S80.9 96 102.2 96c21.2 0 38.5 17.3 38.5 38.5 0 21.3-17.2 38.5-38.5 38.5zm282.1 243h-66.4V312c0-24.8-.5-56.7-34.5-56.7-34.6 0-39.9 27-39.9 54.9V416h-66.4V202.2h63.7v29.2h.9c8.9-16.8 30.6-34.5 62.9-34.5 67.2 0 79.7 44.3 79.7 101.9V416z\"><\/path><\/svg>\t\t\t\t\t<\/a>\n\t\t\t\t<\/span>\n\t\t\t\t\t<\/div>\n\t\t\t\t\t\t<\/div>\n\t\t\t\t<\/div>\n\t\t\t\t<div class=\"elementor-element elementor-element-7354843 elementor-widget-divider--view-line elementor-widget elementor-widget-divider\" data-id=\"7354843\" data-element_type=\"widget\" data-e-type=\"widget\" data-widget_type=\"divider.default\">\n\t\t\t\t<div class=\"elementor-widget-container\">\n\t\t\t\t\t\t\t<div class=\"elementor-divider\">\n\t\t\t<span class=\"elementor-divider-separator\">\n\t\t\t\t\t\t<\/span>\n\t\t<\/div>\n\t\t\t\t\t\t<\/div>\n\t\t\t\t<\/div>\n\t\t\t\t\t<\/div>\n\t\t\t\t<\/div>\n\t\t<div class=\"elementor-element elementor-element-087f620 e-flex e-con-boxed e-con e-parent\" data-id=\"087f620\" data-element_type=\"container\" data-e-type=\"container\">\n\t\t\t\t\t<div class=\"e-con-inner\">\n\t\t<div class=\"elementor-element elementor-element-9f9ed1c e-con-full e-flex e-con e-child\" data-id=\"9f9ed1c\" data-element_type=\"container\" data-e-type=\"container\">\n\t\t\t\t<div class=\"elementor-element elementor-element-e295b9b elementor-widget elementor-widget-heading\" data-id=\"e295b9b\" data-element_type=\"widget\" data-e-type=\"widget\" data-widget_type=\"heading.default\">\n\t\t\t\t<div class=\"elementor-widget-container\">\n\t\t\t\t\t<h2 class=\"elementor-heading-title elementor-size-default\">Profil professionnel<\/h2>\t\t\t\t<\/div>\n\t\t\t\t<\/div>\n\t\t\t\t<div class=\"elementor-element elementor-element-7dbe49a elementor-widget elementor-widget-text-editor\" data-id=\"7dbe49a\" data-element_type=\"widget\" data-e-type=\"widget\" data-widget_type=\"text-editor.default\">\n\t\t\t\t<div class=\"elementor-widget-container\">\n\t\t\t\t\t\t\t\t\t<p>Forte de plus <strong>de 30 ans d\u2019exp\u00e9rience dans le secteur du voyage<\/strong>, Angie Vasco apporte une expertise approfondie et une compr\u00e9hension pratique et exp\u00e9riment\u00e9e de ce qu\u2019il faut pour d\u00e9placer les voyageurs \u00e0 travers le monde de mani\u00e8re fluide et efficace. Elle a commenc\u00e9 sa carri\u00e8re en <strong>1994<\/strong> et a travaill\u00e9 dans les domaines des loisirs, du luxe et du voyage d\u2019affaires, ce qui lui a permis de voir l\u2019industrie et les besoins de diff\u00e9rents types de voyageurs. <\/p><p>Angie a pass\u00e9 plus de dix ans chez Forest Travel, o\u00f9 elle s\u2019est fait conna\u00eetre pour sa planification m\u00e9ticuleuse, ses standards de service \u00e9lev\u00e9s et sa capacit\u00e9 \u00e0 g\u00e9rer des itin\u00e9raires complexes avec aisance. Aujourd\u2019hui, en tant que <strong>responsable du voyage d\u2019entreprise chez Telios Travel<\/strong>, elle dirige notre \u00e9quipe de support des agents d\u2019entreprise et continue d\u2019appliquer sa vaste connaissance pour soutenir les organisations et leurs voyageurs avec un service fiable et personnalis\u00e9. <\/p><p>Ses relations de longue date, son souci du d\u00e9tail et son engagement envers un service exceptionnel aux voyageurs ont fait d\u2019elle une professionnelle de confiance dans le domaine depuis plus de trente ans.<\/p>\t\t\t\t\t\t\t\t<\/div>\n\t\t\t\t<\/div>\n\t\t\t\t<\/div>\n\t\t<div class=\"elementor-element elementor-element-a891967 e-con-full e-flex e-con e-child\" data-id=\"a891967\" data-element_type=\"container\" data-e-type=\"container\">\n\t\t\t\t<div class=\"elementor-element elementor-element-bab62e7 elementor-widget elementor-widget-heading\" data-id=\"bab62e7\" data-element_type=\"widget\" data-e-type=\"widget\" data-widget_type=\"heading.default\">\n\t\t\t\t<div class=\"elementor-widget-container\">\n\t\t\t\t\t<h2 class=\"elementor-heading-title elementor-size-default\">\u00c9ducation<\/h2>\t\t\t\t<\/div>\n\t\t\t\t<\/div>\n\t\t\t\t<div class=\"elementor-element elementor-element-3892d70 elementor-widget elementor-widget-text-editor\" data-id=\"3892d70\" data-element_type=\"widget\" data-e-type=\"widget\" data-widget_type=\"text-editor.default\">\n\t\t\t\t<div class=\"elementor-widget-container\">\n\t\t\t\t\t\t\t\t\t<ul><li>Gestion des services de tourisme et de voyage \u00e0 <a href=\"https:\/\/www.fnu.edu\/\">la Florida National University<\/a><\/li><li>Licence en h\u00f4tellerie \u00e0 <a href=\"https:\/\/www.fnu.edu\/\">la Florida National University<\/a><\/li><\/ul>\t\t\t\t\t\t\t\t<\/div>\n\t\t\t\t<\/div>\n\t\t\t\t<div class=\"elementor-element elementor-element-3474b7f elementor-widget elementor-widget-heading\" data-id=\"3474b7f\" data-element_type=\"widget\" data-e-type=\"widget\" data-widget_type=\"heading.default\">\n\t\t\t\t<div class=\"elementor-widget-container\">\n\t\t\t\t\t<h2 class=\"elementor-heading-title elementor-size-default\">Exp\u00e9rience professionnelle<\/h2>\t\t\t\t<\/div>\n\t\t\t\t<\/div>\n\t\t\t\t<div class=\"elementor-element elementor-element-f1469b2 elementor-widget elementor-widget-image-carousel\" data-id=\"f1469b2\" data-element_type=\"widget\" data-e-type=\"widget\" data-settings=\"{&quot;slides_to_show&quot;:&quot;2&quot;,&quot;navigation&quot;:&quot;none&quot;,&quot;image_spacing_custom&quot;:{&quot;unit&quot;:&quot;px&quot;,&quot;size&quot;:30,&quot;sizes&quot;:[]},&quot;autoplay&quot;:&quot;yes&quot;,&quot;pause_on_hover&quot;:&quot;yes&quot;,&quot;pause_on_interaction&quot;:&quot;yes&quot;,&quot;autoplay_speed&quot;:5000,&quot;infinite&quot;:&quot;yes&quot;,&quot;speed&quot;:500,&quot;image_spacing_custom_tablet&quot;:{&quot;unit&quot;:&quot;px&quot;,&quot;size&quot;:&quot;&quot;,&quot;sizes&quot;:[]},&quot;image_spacing_custom_mobile&quot;:{&quot;unit&quot;:&quot;px&quot;,&quot;size&quot;:&quot;&quot;,&quot;sizes&quot;:[]}}\" data-widget_type=\"image-carousel.default\">\n\t\t\t\t<div class=\"elementor-widget-container\">\n\t\t\t\t\t\t\t<div class=\"elementor-image-carousel-wrapper swiper\" role=\"region\" aria-roledescription=\"carousel\" aria-label=\"Image Carousel\" dir=\"ltr\">\n\t\t\t<div class=\"elementor-image-carousel swiper-wrapper\" aria-live=\"off\">\n\t\t\t\t\t\t\t\t<div class=\"swiper-slide\" role=\"group\" aria-roledescription=\"slide\" aria-label=\"1 sur 2\"><figure class=\"swiper-slide-inner\"><img decoding=\"async\" class=\"swiper-slide-image\" src=\"https:\/\/foresttravel.com\/wp-content\/uploads\/2025\/12\/clubmed-300x162.jpg\" alt=\"Clubmed\" \/><\/figure><\/div><div class=\"swiper-slide\" role=\"group\" aria-roledescription=\"slide\" aria-label=\"2 sur 2\"><figure class=\"swiper-slide-inner\"><img decoding=\"async\" class=\"swiper-slide-image\" src=\"https:\/\/foresttravel.com\/wp-content\/uploads\/2025\/12\/telios-travel-2-300x110.png\" alt=\"Telios Travel 2\" \/><\/figure><\/div>\t\t\t<\/div>\n\t\t\t\t\t\t\t\n\t\t\t\t\t\t\t\t\t<\/div>\n\t\t\t\t\t\t<\/div>\n\t\t\t\t<\/div>\n\t\t\t\t<\/div>\n\t\t\t\t\t<\/div>\n\t\t\t\t<\/div>\n\t\t\t\t<\/div>\n\t\t","protected":false},"excerpt":{"rendered":"<p>Angie Vasco Responsable des voyages d\u2019entreprise Linkedin Profil professionnel Forte de plus de 30 ans d\u2019exp\u00e9rience dans le secteur du voyage, Angie Vasco apporte une expertise approfondie et une compr\u00e9hension pratique et exp\u00e9riment\u00e9e de ce qu\u2019il faut pour d\u00e9placer les voyageurs \u00e0 travers le monde de mani\u00e8re fluide et efficace. Elle a commenc\u00e9 sa carri\u00e8re [&hellip;]<\/p>\n","protected":false},"author":26,"featured_media":0,"parent":0,"menu_order":0,"comment_status":"closed","ping_status":"closed","template":"","meta":{"_joinchat":[],"footnotes":""},"class_list":["post-45282","page","type-page","status-publish","hentry"],"yoast_head":"<!-- This site is optimized with the Yoast SEO Premium plugin v27.2 (Yoast SEO v27.4) - https:\/\/yoast.com\/product\/yoast-seo-premium-wordpress\/ -->\n<title>Angie Vasco - Forest Travel Agency<\/title>\n<meta name=\"robots\" content=\"index, follow, max-snippet:-1, max-image-preview:large, max-video-preview:-1\" \/>\n<link rel=\"canonical\" href=\"https:\/\/foresttravel.com\/fr\/angie-vasco\/\" \/>\n<meta property=\"og:locale\" content=\"fr_FR\" \/>\n<meta property=\"og:type\" content=\"article\" \/>\n<meta property=\"og:title\" content=\"Angie Vasco\" \/>\n<meta property=\"og:description\" content=\"Angie Vasco Responsable des voyages d\u2019entreprise Linkedin Profil professionnel Forte de plus de 30 ans d\u2019exp\u00e9rience dans le secteur du voyage, Angie Vasco apporte une expertise approfondie et une compr\u00e9hension pratique et exp\u00e9riment\u00e9e de ce qu\u2019il faut pour d\u00e9placer les voyageurs \u00e0 travers le monde de mani\u00e8re fluide et efficace. Elle a commenc\u00e9 sa carri\u00e8re [&hellip;]\" \/>\n<meta property=\"og:url\" content=\"https:\/\/foresttravel.com\/fr\/angie-vasco\/\" \/>\n<meta property=\"og:site_name\" content=\"Forest Travel Agency\" \/>\n<meta property=\"article:publisher\" content=\"https:\/\/www.facebook.com\/ForestTravel\/\" \/>\n<meta property=\"article:modified_time\" content=\"2026-02-04T13:37:49+00:00\" \/>\n<meta property=\"og:image\" content=\"https:\/\/foresttravel.com\/wp-content\/uploads\/2025\/12\/angie-vasco.jpg\" \/>\n\t<meta property=\"og:image:width\" content=\"180\" \/>\n\t<meta property=\"og:image:height\" content=\"180\" \/>\n\t<meta property=\"og:image:type\" content=\"image\/jpeg\" \/>\n<meta name=\"twitter:card\" content=\"summary_large_image\" \/>\n<meta name=\"twitter:label1\" content=\"Dur\u00e9e de lecture estim\u00e9e\" \/>\n\t<meta name=\"twitter:data1\" content=\"1 minute\" \/>\n<script type=\"application\/ld+json\" class=\"yoast-schema-graph\">{\"@context\":\"https:\\\/\\\/schema.org\",\"@graph\":[{\"@type\":\"WebPage\",\"@id\":\"https:\\\/\\\/foresttravel.com\\\/fr\\\/angie-vasco\\\/\",\"url\":\"https:\\\/\\\/foresttravel.com\\\/fr\\\/angie-vasco\\\/\",\"name\":\"Angie Vasco - Forest Travel Agency\",\"isPartOf\":{\"@id\":\"https:\\\/\\\/foresttravel.com\\\/fr\\\/#website\"},\"primaryImageOfPage\":{\"@id\":\"https:\\\/\\\/foresttravel.com\\\/fr\\\/angie-vasco\\\/#primaryimage\"},\"image\":{\"@id\":\"https:\\\/\\\/foresttravel.com\\\/fr\\\/angie-vasco\\\/#primaryimage\"},\"thumbnailUrl\":\"https:\\\/\\\/foresttravel.com\\\/wp-content\\\/uploads\\\/2025\\\/12\\\/angie-vasco.jpg\",\"datePublished\":\"2025-12-01T14:10:31+00:00\",\"dateModified\":\"2026-02-04T13:37:49+00:00\",\"breadcrumb\":{\"@id\":\"https:\\\/\\\/foresttravel.com\\\/fr\\\/angie-vasco\\\/#breadcrumb\"},\"inLanguage\":\"fr-FR\",\"potentialAction\":[{\"@type\":\"ReadAction\",\"target\":[\"https:\\\/\\\/foresttravel.com\\\/fr\\\/angie-vasco\\\/\"]}]},{\"@type\":\"ImageObject\",\"inLanguage\":\"fr-FR\",\"@id\":\"https:\\\/\\\/foresttravel.com\\\/fr\\\/angie-vasco\\\/#primaryimage\",\"url\":\"https:\\\/\\\/foresttravel.com\\\/wp-content\\\/uploads\\\/2025\\\/12\\\/angie-vasco.jpg\",\"contentUrl\":\"https:\\\/\\\/foresttravel.com\\\/wp-content\\\/uploads\\\/2025\\\/12\\\/angie-vasco.jpg\"},{\"@type\":\"BreadcrumbList\",\"@id\":\"https:\\\/\\\/foresttravel.com\\\/fr\\\/angie-vasco\\\/#breadcrumb\",\"itemListElement\":[{\"@type\":\"ListItem\",\"position\":1,\"name\":\"Home\",\"item\":\"https:\\\/\\\/foresttravel.com\\\/fr\\\/agence-de-voyages-de-luxe-agence-de-voyage-forestiere\\\/\"},{\"@type\":\"ListItem\",\"position\":2,\"name\":\"Angie Vasco\"}]},{\"@type\":\"WebSite\",\"@id\":\"https:\\\/\\\/foresttravel.com\\\/fr\\\/#website\",\"url\":\"https:\\\/\\\/foresttravel.com\\\/fr\\\/\",\"name\":\"Forest Travel Agency\",\"description\":\"Luxury Destinations and Exclusive Hotels\",\"publisher\":{\"@id\":\"https:\\\/\\\/foresttravel.com\\\/fr\\\/#organization\"},\"potentialAction\":[{\"@type\":\"SearchAction\",\"target\":{\"@type\":\"EntryPoint\",\"urlTemplate\":\"https:\\\/\\\/foresttravel.com\\\/fr\\\/?s={search_term_string}\"},\"query-input\":{\"@type\":\"PropertyValueSpecification\",\"valueRequired\":true,\"valueName\":\"search_term_string\"}}],\"inLanguage\":\"fr-FR\"},{\"@type\":\"Organization\",\"@id\":\"https:\\\/\\\/foresttravel.com\\\/fr\\\/#organization\",\"name\":\"Forest Travel Agency\",\"url\":\"https:\\\/\\\/foresttravel.com\\\/fr\\\/\",\"logo\":{\"@type\":\"ImageObject\",\"inLanguage\":\"fr-FR\",\"@id\":\"https:\\\/\\\/foresttravel.com\\\/fr\\\/#\\\/schema\\\/logo\\\/image\\\/\",\"url\":\"https:\\\/\\\/foresttravel.com\\\/wp-content\\\/uploads\\\/2022\\\/07\\\/FTA-Logo-Deep-Green.svg\",\"contentUrl\":\"https:\\\/\\\/foresttravel.com\\\/wp-content\\\/uploads\\\/2022\\\/07\\\/FTA-Logo-Deep-Green.svg\",\"width\":300,\"height\":22,\"caption\":\"Forest Travel Agency\"},\"image\":{\"@id\":\"https:\\\/\\\/foresttravel.com\\\/fr\\\/#\\\/schema\\\/logo\\\/image\\\/\"},\"sameAs\":[\"https:\\\/\\\/www.facebook.com\\\/ForestTravel\\\/\",\"https:\\\/\\\/api.whatsapp.com\\\/send?phone=17867518773&context=ARCd49VgJg_opWh9UXxDOrqm3FKLLCTFoOgKpTviZ2515D4TBf2qObPktaoS8EV50fx8lzKQsfuW6Zg_VqyApp9TAyXBAJbxZUy2JXRh3DwkHNL0-XsbhN6ddqcMrSKQynneSdvEoSbLK38Br5jRHKE&source=FB_Page&app=facebook&entry_point=page\",\"https:\\\/\\\/www.instagram.com\\\/foresttravelagency\",\"https:\\\/\\\/www.tiktok.com\\\/@foresttravelagency\",\"https:\\\/\\\/www.youtube.com\\\/@ForestTravelAgency1\",\"https:\\\/\\\/www.linkedin.com\\\/company\\\/forest-travel\"]}]}<\/script>\n<!-- \/ Yoast SEO Premium plugin. -->","yoast_head_json":{"title":"Angie Vasco - Forest Travel Agency","robots":{"index":"index","follow":"follow","max-snippet":"max-snippet:-1","max-image-preview":"max-image-preview:large","max-video-preview":"max-video-preview:-1"},"canonical":"https:\/\/foresttravel.com\/fr\/angie-vasco\/","og_locale":"fr_FR","og_type":"article","og_title":"Angie Vasco","og_description":"Angie Vasco Responsable des voyages d\u2019entreprise Linkedin Profil professionnel Forte de plus de 30 ans d\u2019exp\u00e9rience dans le secteur du voyage, Angie Vasco apporte une expertise approfondie et une compr\u00e9hension pratique et exp\u00e9riment\u00e9e de ce qu\u2019il faut pour d\u00e9placer les voyageurs \u00e0 travers le monde de mani\u00e8re fluide et efficace. Elle a commenc\u00e9 sa carri\u00e8re [&hellip;]","og_url":"https:\/\/foresttravel.com\/fr\/angie-vasco\/","og_site_name":"Forest Travel Agency","article_publisher":"https:\/\/www.facebook.com\/ForestTravel\/","article_modified_time":"2026-02-04T13:37:49+00:00","og_image":[{"width":180,"height":180,"url":"https:\/\/foresttravel.com\/wp-content\/uploads\/2025\/12\/angie-vasco.jpg","type":"image\/jpeg"}],"twitter_card":"summary_large_image","twitter_misc":{"Dur\u00e9e de lecture estim\u00e9e":"1 minute"},"schema":{"@context":"https:\/\/schema.org","@graph":[{"@type":"WebPage","@id":"https:\/\/foresttravel.com\/fr\/angie-vasco\/","url":"https:\/\/foresttravel.com\/fr\/angie-vasco\/","name":"Angie Vasco - Forest Travel Agency","isPartOf":{"@id":"https:\/\/foresttravel.com\/fr\/#website"},"primaryImageOfPage":{"@id":"https:\/\/foresttravel.com\/fr\/angie-vasco\/#primaryimage"},"image":{"@id":"https:\/\/foresttravel.com\/fr\/angie-vasco\/#primaryimage"},"thumbnailUrl":"https:\/\/foresttravel.com\/wp-content\/uploads\/2025\/12\/angie-vasco.jpg","datePublished":"2025-12-01T14:10:31+00:00","dateModified":"2026-02-04T13:37:49+00:00","breadcrumb":{"@id":"https:\/\/foresttravel.com\/fr\/angie-vasco\/#breadcrumb"},"inLanguage":"fr-FR","potentialAction":[{"@type":"ReadAction","target":["https:\/\/foresttravel.com\/fr\/angie-vasco\/"]}]},{"@type":"ImageObject","inLanguage":"fr-FR","@id":"https:\/\/foresttravel.com\/fr\/angie-vasco\/#primaryimage","url":"https:\/\/foresttravel.com\/wp-content\/uploads\/2025\/12\/angie-vasco.jpg","contentUrl":"https:\/\/foresttravel.com\/wp-content\/uploads\/2025\/12\/angie-vasco.jpg"},{"@type":"BreadcrumbList","@id":"https:\/\/foresttravel.com\/fr\/angie-vasco\/#breadcrumb","itemListElement":[{"@type":"ListItem","position":1,"name":"Home","item":"https:\/\/foresttravel.com\/fr\/agence-de-voyages-de-luxe-agence-de-voyage-forestiere\/"},{"@type":"ListItem","position":2,"name":"Angie Vasco"}]},{"@type":"WebSite","@id":"https:\/\/foresttravel.com\/fr\/#website","url":"https:\/\/foresttravel.com\/fr\/","name":"Forest Travel Agency","description":"Luxury Destinations and Exclusive Hotels","publisher":{"@id":"https:\/\/foresttravel.com\/fr\/#organization"},"potentialAction":[{"@type":"SearchAction","target":{"@type":"EntryPoint","urlTemplate":"https:\/\/foresttravel.com\/fr\/?s={search_term_string}"},"query-input":{"@type":"PropertyValueSpecification","valueRequired":true,"valueName":"search_term_string"}}],"inLanguage":"fr-FR"},{"@type":"Organization","@id":"https:\/\/foresttravel.com\/fr\/#organization","name":"Forest Travel Agency","url":"https:\/\/foresttravel.com\/fr\/","logo":{"@type":"ImageObject","inLanguage":"fr-FR","@id":"https:\/\/foresttravel.com\/fr\/#\/schema\/logo\/image\/","url":"https:\/\/foresttravel.com\/wp-content\/uploads\/2022\/07\/FTA-Logo-Deep-Green.svg","contentUrl":"https:\/\/foresttravel.com\/wp-content\/uploads\/2022\/07\/FTA-Logo-Deep-Green.svg","width":300,"height":22,"caption":"Forest Travel Agency"},"image":{"@id":"https:\/\/foresttravel.com\/fr\/#\/schema\/logo\/image\/"},"sameAs":["https:\/\/www.facebook.com\/ForestTravel\/","https:\/\/api.whatsapp.com\/send?phone=17867518773&context=ARCd49VgJg_opWh9UXxDOrqm3FKLLCTFoOgKpTviZ2515D4TBf2qObPktaoS8EV50fx8lzKQsfuW6Zg_VqyApp9TAyXBAJbxZUy2JXRh3DwkHNL0-XsbhN6ddqcMrSKQynneSdvEoSbLK38Br5jRHKE&source=FB_Page&app=facebook&entry_point=page","https:\/\/www.instagram.com\/foresttravelagency","https:\/\/www.tiktok.com\/@foresttravelagency","https:\/\/www.youtube.com\/@ForestTravelAgency1","https:\/\/www.linkedin.com\/company\/forest-travel"]}]}},"_links":{"self":[{"href":"https:\/\/foresttravel.com\/fr\/wp-json\/wp\/v2\/pages\/45282","targetHints":{"allow":["GET"]}}],"collection":[{"href":"https:\/\/foresttravel.com\/fr\/wp-json\/wp\/v2\/pages"}],"about":[{"href":"https:\/\/foresttravel.com\/fr\/wp-json\/wp\/v2\/types\/page"}],"author":[{"embeddable":true,"href":"https:\/\/foresttravel.com\/fr\/wp-json\/wp\/v2\/users\/26"}],"replies":[{"embeddable":true,"href":"https:\/\/foresttravel.com\/fr\/wp-json\/wp\/v2\/comments?post=45282"}],"version-history":[{"count":0,"href":"https:\/\/foresttravel.com\/fr\/wp-json\/wp\/v2\/pages\/45282\/revisions"}],"wp:attachment":[{"href":"https:\/\/foresttravel.com\/fr\/wp-json\/wp\/v2\/media?parent=45282"}],"curies":[{"name":"wp","href":"https:\/\/api.w.org\/{rel}","templated":true}]}}