{"id":44948,"date":"2024-03-05T12:43:35","date_gmt":"2024-03-05T17:43:35","guid":{"rendered":"https:\/\/foresttravel.com\/conditions-generales\/"},"modified":"2026-02-04T08:22:05","modified_gmt":"2026-02-04T13:22:05","slug":"conditions-generales","status":"publish","type":"page","link":"https:\/\/foresttravel.com\/fr\/conditions-generales\/","title":{"rendered":"Conditions G\u00e9n\u00e9rales"},"content":{"rendered":"\t\t<div data-elementor-type=\"wp-page\" data-elementor-id=\"44948\" class=\"elementor elementor-44948 elementor-26361\" data-elementor-post-type=\"page\">\n\t\t\t\t<div class=\"elementor-element elementor-element-df7c7f0 e-flex e-con-boxed e-con e-parent\" data-id=\"df7c7f0\" data-element_type=\"container\" data-e-type=\"container\">\n\t\t\t\t\t<div class=\"e-con-inner\">\n\t\t\t\t<div class=\"elementor-element elementor-element-bd22a17 elementor-widget elementor-widget-heading\" data-id=\"bd22a17\" data-element_type=\"widget\" data-e-type=\"widget\" data-widget_type=\"heading.default\">\n\t\t\t\t<div class=\"elementor-widget-container\">\n\t\t\t\t\t<h2 class=\"elementor-heading-title elementor-size-default\">Promotion en ligne de Forest Travel f\u00e9vrier 2025<\/h2>\t\t\t\t<\/div>\n\t\t\t\t<\/div>\n\t\t\t\t\t<\/div>\n\t\t\t\t<\/div>\n\t\t<div class=\"elementor-element elementor-element-463ca61 e-flex e-con-boxed e-con e-parent\" data-id=\"463ca61\" data-element_type=\"container\" data-e-type=\"container\">\n\t\t\t\t\t<div class=\"e-con-inner\">\n\t\t\t\t<div class=\"elementor-element elementor-element-09eafc4 elementor-widget elementor-widget-text-editor\" data-id=\"09eafc4\" data-element_type=\"widget\" data-e-type=\"widget\" data-widget_type=\"text-editor.default\">\n\t\t\t\t<div class=\"elementor-widget-container\">\n\t\t\t\t\t\t\t\t\t<p><strong>Conditions g\u00e9n\u00e9rales pour la promotion \u00ab Billets Gratuits 2025 \u00bb<\/strong><\/p><ol><li><strong>\u00c9ligibilit\u00e9 :<\/strong> Cette promotion est exclusivement accessible aux nouveaux clients \u00e2g\u00e9s d\u2019au moins 21 ans et r\u00e9sident aux \u00c9tats-Unis. Les participants doivent r\u00e9server un voyage d\u2019une valeur minimale de 5 000 $ USD par personne pour y \u00eatre \u00e9ligibles. <\/li><li><strong>Dur\u00e9e de la promotion :<\/strong> La promotion d\u00e9bute le 1er f\u00e9vrier 2025 et se termine le 29 f\u00e9vrier 2025. Toute soumission ou d\u00e9p\u00f4t effectu\u00e9 en dehors de ce d\u00e9lai ne sera pas \u00e9ligible \u00e0 la participation. <\/li><li><strong>Exigences de participation :<\/strong> Pour \u00eatre \u00e9ligibles aux billets gratuits, les participants doivent remplir le formulaire de demande de voyage d\u00e9sign\u00e9 et verser un d\u00e9p\u00f4t pour leur voyage pendant la p\u00e9riode promotionnelle. La soumission du formulaire ne garantit pas l\u2019\u00e9ligibilit\u00e9. <\/li><li><strong>D\u00e9tails de l\u2019offre :<\/strong> Un gagnant sera s\u00e9lectionn\u00e9 pour recevoir deux billets gratuits en classe standard (non ex\u00e9cutive) pour des vols int\u00e9rieurs \u00e0 l\u2019int\u00e9rieur des \u00c9tats-Unis.<\/li><li><strong>Processus de r\u00e9demption :<\/strong> Pour \u00e9changer les billets gratuits, le gagnant doit contacter son conseiller en voyage assign\u00e9 pour planifier son voyage. Les billets ne peuvent \u00eatre \u00e9chang\u00e9s qu\u2019en lien avec une r\u00e9servation d\u2019h\u00f4tel effectu\u00e9e via Forest Travel ; ils ne peuvent pas \u00eatre utilis\u00e9s pour des d\u00e9placements ind\u00e9pendants. <\/li><li><strong>Non-transf\u00e9rabilit\u00e9 :<\/strong> Les billets offerts sont strictement non transf\u00e9rables et ne peuvent \u00eatre vendus, attribu\u00e9s ou autrement transf\u00e9r\u00e9s \u00e0 une autre personne ou entit\u00e9.<\/li><li><strong>Restrictions d\u2019utilisation :<\/strong> Les billets sont valides uniquement pour voyager \u00e0 l\u2019int\u00e9rieur des \u00c9tats-Unis continentaux, \u00e0 l\u2019exception d\u2019Hawa\u00ef. Les billets gratuits doivent \u00eatre utilis\u00e9s entre le 1er ao\u00fbt 2025 et le 31 octobre 2025. Le non-utilisation des tickets dans le d\u00e9lai imparti entra\u00eenera la confiscation.  <\/li><li><strong>Politique d\u2019annulation et de remboursement :<\/strong> Les billets offerts sont non remboursables et ne peuvent \u00eatre \u00e9chang\u00e9s contre de l\u2019argent liquide ou tout autre service. En cas d\u2019annulation du voyage, le gagnant perd son droit aux billets gratuits. <\/li><li><strong>Avertissement de responsabilit\u00e9 :<\/strong> Forest Travel d\u00e9nonce toute responsabilit\u00e9 pour tout billet perdu, vol\u00e9 ou inutilis\u00e9. Les participants reconnaissent et acceptent qu\u2019ils assument tous les risques li\u00e9s au voyage et que Forest Travel ne sera pas responsable des dommages, pertes ou blessures r\u00e9sultant de la participation \u00e0 cette promotion. <\/li><li><strong>Droit applicable :<\/strong> Ces termes et conditions seront r\u00e9gis et interpr\u00e9t\u00e9s conform\u00e9ment aux lois de l\u2019\u00c9tat dans lequel Forest Travel est constitu\u00e9. Les participants acceptent de se soumettre \u00e0 la comp\u00e9tence exclusive des tribunaux situ\u00e9s dans cet \u00c9tat pour la r\u00e9solution de tout litige d\u00e9coulant de ces termes. <\/li><li><strong>Informations de contact :<\/strong> Pour toute question concernant cette promotion, veuillez contacter Forest Travel au marketing@foresttravel.com.<br>En participant \u00e0 cette promotion, les participants reconnaissent avoir lu, compris et accept\u00e9 d\u2019\u00eatre li\u00e9s par ces termes et conditions.<\/li><\/ol>\t\t\t\t\t\t\t\t<\/div>\n\t\t\t\t<\/div>\n\t\t\t\t\t<\/div>\n\t\t\t\t<\/div>\n\t\t<div class=\"elementor-element elementor-element-a12bca9 e-flex e-con-boxed e-con e-parent\" data-id=\"a12bca9\" data-element_type=\"container\" data-e-type=\"container\">\n\t\t\t\t\t<div class=\"e-con-inner\">\n\t\t\t\t<div class=\"elementor-element elementor-element-be0d48d elementor-widget elementor-widget-heading\" data-id=\"be0d48d\" data-element_type=\"widget\" data-e-type=\"widget\" data-widget_type=\"heading.default\">\n\t\t\t\t<div class=\"elementor-widget-container\">\n\t\t\t\t\t<h2 class=\"elementor-heading-title elementor-size-default\">Programme \u00ab <b data-stringify-type=\"bold\">Recommander un ami<\/b> \u00bb pour un client Forest Travel 2025<\/h2>\t\t\t\t<\/div>\n\t\t\t\t<\/div>\n\t\t\t\t\t<\/div>\n\t\t\t\t<\/div>\n\t\t<div class=\"elementor-element elementor-element-f75c261 e-flex e-con-boxed e-con e-parent\" data-id=\"f75c261\" data-element_type=\"container\" data-e-type=\"container\">\n\t\t\t\t\t<div class=\"e-con-inner\">\n\t\t\t\t<div class=\"elementor-element elementor-element-9e794a8 elementor-widget elementor-widget-text-editor\" data-id=\"9e794a8\" data-element_type=\"widget\" data-e-type=\"widget\" data-widget_type=\"text-editor.default\">\n\t\t\t\t<div class=\"elementor-widget-container\">\n\t\t\t\t\t\t\t\t\t<div class=\"p-rich_text_section\"><b data-stringify-type=\"bold\">Conditions g\u00e9n\u00e9rales pour la promotion \u00ab Parrainer un ami \u00bb<\/b><\/div><ol><li class=\"p-rich_text_section\"><b data-stringify-type=\"bold\">\u00c9ligibilit\u00e9 :<\/b> Cette promotion est ouverte aux clients existants de Forest Travel qui en recommandent de nouveaux. Le client r\u00e9f\u00e9r\u00e9 doit avoir au moins 21 ans et \u00eatre r\u00e9sident des \u00c9tats-Unis. <\/li><\/ol><ol class=\"p-rich_text_list p-rich_text_list__ordered p-rich_text_list--nested\" data-stringify-type=\"ordered-list\" data-list-tree=\"true\" data-indent=\"0\" data-border=\"0\"><li data-stringify-indent=\"0\" data-stringify-border=\"0\"><strong>Dur\u00e9e de la promotion :<\/strong> Cette promotion est valable pour les r\u00e9servations effectu\u00e9es de f\u00e9vrier 2025 au 13 d\u00e9cembre 2025. Les recommandations ou r\u00e9servations faites en dehors de ce d\u00e9lai ne seront pas \u00e9ligibles. <\/li><li data-stringify-indent=\"0\" data-stringify-border=\"0\"><b data-stringify-type=\"bold\">Exigences de recommandation :<\/b> Pour \u00eatre \u00e9ligible, le client recommand\u00e9 doit r\u00e9server et payer un voyage d\u2019une valeur minimale de <b data-stringify-type=\"bold\">5 000 USD par personne<\/b>. Le r\u00e9f\u00e9rent doit \u00eatre un client Forest Travel existant au moment de la recommandation. <\/li><li data-stringify-indent=\"0\" data-stringify-border=\"0\"><b data-stringify-type=\"bold\">D\u00e9tails des r\u00e9compenses :<\/b> Pour chaque recommandation retenue, le r\u00e9f\u00e9rent et le client recommand\u00e9 recevront un <b data-stringify-type=\"bold\">cr\u00e9dit voyage de 250 $ US<\/b>. Un r\u00e9f\u00e9rent peut obtenir plusieurs cr\u00e9dits, jusqu\u2019\u00e0 un total maximum <b data-stringify-type=\"bold\">de 5 000 USD<\/b>. <\/li><li data-stringify-indent=\"0\" data-stringify-border=\"0\"><strong>Processus de r\u00e9demption :<\/strong> Vous pouvez utiliser votre cr\u00e9dit voyage pour toute future r\u00e9servation chez Forest Travel. Merci de l\u2019utiliser dans les trois mois suivant la fin de la campagne en d\u00e9cembre 2025. Le cr\u00e9dit n\u2019est pas transf\u00e9rable et ne peut pas \u00eatre \u00e9chang\u00e9 contre de l\u2019argent liquide.  <\/li><li data-stringify-indent=\"0\" data-stringify-border=\"0\"><b data-stringify-type=\"bold\">Limites :<\/b> Le cr\u00e9dit voyage ne s\u2019applique qu\u2019aux nouvelles r\u00e9servations et ne peut pas \u00eatre combin\u00e9 avec d\u2019autres promotions ni appliqu\u00e9 r\u00e9troactivement.<\/li><li data-stringify-indent=\"0\" data-stringify-border=\"0\"><b data-stringify-type=\"bold\">Avertissement de responsabilit\u00e9 :<\/b> Forest Travel n\u2019est pas responsable des cr\u00e9dits perdus, vol\u00e9s ou expir\u00e9s. Les arrangements de voyage sont soumis \u00e0 la disponibilit\u00e9. <\/li><li data-stringify-indent=\"0\" data-stringify-border=\"0\"><b data-stringify-type=\"bold\">Droit applicable :<\/b> Ces termes et conditions sont r\u00e9gis par les lois de l\u2019\u00c9tat dans lequel Forest Travel est constitu\u00e9.<\/li><li data-stringify-indent=\"0\" data-stringify-border=\"0\"><b data-stringify-type=\"bold\">Informations de contact :<\/b> Pour toute information concernant cette promotion, veuillez contacter Forest Travel au <b data-stringify-type=\"bold\"><a class=\"c-link\" href=\"mailto:marketing@foresttravel.com\" target=\"_blank\" rel=\"noopener noreferrer\" data-stringify-link=\"mailto:marketing@foresttravel.com\" data-sk=\"tooltip_parent\" aria-haspopup=\"menu\">marketing@foresttravel.com<\/a><\/b>.<\/li><\/ol><div class=\"p-rich_text_section\">En participant \u00e0 cette promotion, les participants reconnaissent avoir lu, compris et accept\u00e9 ces termes et conditions.<\/div>\t\t\t\t\t\t\t\t<\/div>\n\t\t\t\t<\/div>\n\t\t\t\t\t<\/div>\n\t\t\t\t<\/div>\n\t\t<div class=\"elementor-element elementor-element-3f44194 e-flex e-con-boxed e-con e-parent\" data-id=\"3f44194\" data-element_type=\"container\" data-e-type=\"container\">\n\t\t\t\t\t<div class=\"e-con-inner\">\n\t\t\t\t<div class=\"elementor-element elementor-element-d167183 elementor-widget elementor-widget-heading\" data-id=\"d167183\" data-element_type=\"widget\" data-e-type=\"widget\" data-widget_type=\"heading.default\">\n\t\t\t\t<div class=\"elementor-widget-container\">\n\t\t\t\t\t<h2 class=\"elementor-heading-title elementor-size-default\">Offre de bienvenue pour un nouveau client Forest Travel 2025<\/h2>\t\t\t\t<\/div>\n\t\t\t\t<\/div>\n\t\t\t\t\t<\/div>\n\t\t\t\t<\/div>\n\t\t<div class=\"elementor-element elementor-element-bda1fae e-flex e-con-boxed e-con e-parent\" data-id=\"bda1fae\" data-element_type=\"container\" data-e-type=\"container\">\n\t\t\t\t\t<div class=\"e-con-inner\">\n\t\t\t\t<div class=\"elementor-element elementor-element-03dd33b elementor-widget elementor-widget-text-editor\" data-id=\"03dd33b\" data-element_type=\"widget\" data-e-type=\"widget\" data-widget_type=\"text-editor.default\">\n\t\t\t\t<div class=\"elementor-widget-container\">\n\t\t\t\t\t\t\t\t\t<div><b data-stringify-type=\"bold\">Conditions g\u00e9n\u00e9rales pour le code \u00ab FORESTNEWTRAVELER \u00bb<\/b><\/div>\n<ol data-stringify-type=\"ordered-list\" data-list-tree=\"true\" data-indent=\"0\" data-border=\"0\">\n<li data-stringify-indent=\"0\" data-stringify-border=\"0\"><b data-stringify-type=\"bold\">\u00c9ligibilit\u00e9 :<\/b> Cette promotion est r\u00e9serv\u00e9e exclusivement aux nouveaux clients de Forest Travel \u00e2g\u00e9s d\u2019au moins 21 ans et r\u00e9sidant aux \u00c9tats-Unis.<\/li>\n<li data-stringify-indent=\"0\" data-stringify-border=\"0\"><strong data-start=\"417\" data-end=\"440\">Dur\u00e9e :<\/strong> La promotion d\u00e9bute le <strong data-start=\"91\" data-end=\"109\" data-is-only-node=\"\">1er avril 2025<\/strong> et se termine le <strong data-start=\"122\" data-end=\"143\">31 d\u00e9cembre 2025<\/strong>. Les r\u00e9servations effectu\u00e9es en dehors de ce d\u00e9lai ne seront pas \u00e9ligibles. <\/li>\n<li data-stringify-indent=\"0\" data-stringify-border=\"0\"><b data-stringify-type=\"bold\">Exigences de participation :<\/b> Pour \u00eatre \u00e9ligibles, les participants doivent \u00eatre abonn\u00e9s \u00e0 la newsletter Forest Travel et mentionner le code <b data-stringify-type=\"bold\">FORESTNEWTRAVELER<\/b> \u00e0 leur conseiller voyageur lors de la r\u00e9servation de leur premier voyage.<\/li>\n<li data-stringify-indent=\"0\" data-stringify-border=\"0\"><b data-stringify-type=\"bold\">D\u00e9tails de l\u2019offre :<\/b> Les participants \u00e9ligibles recevront un <b data-stringify-type=\"bold\">bonus de voyage de 100 $<\/b> applicable \u00e0 leur premi\u00e8re r\u00e9servation avec Forest Travel.<\/li>\n<li data-stringify-indent=\"0\" data-stringify-border=\"0\"><b data-stringify-type=\"bold\">Processus de r\u00e9demption :<\/b> Le bonus voyage de 100 $ ne peut \u00eatre utilis\u00e9 que lors de la r\u00e9servation d\u2019un voyage avec un conseiller en voyage chez Forest Travel. L\u2019avantage ne peut pas \u00eatre appliqu\u00e9 r\u00e9troactivement aux r\u00e9servations pass\u00e9es. <\/li>\n<li data-stringify-indent=\"0\" data-stringify-border=\"0\"><b data-stringify-type=\"bold\">Non-transf\u00e9rabilit\u00e9 :<\/b> Cette offre est personnelle, non transf\u00e9rable, et ne peut \u00eatre vendue, \u00e9chang\u00e9e ou c\u00e9d\u00e9e \u00e0 une autre personne.<\/li>\n<li data-stringify-indent=\"0\" data-stringify-border=\"0\"><b data-stringify-type=\"bold\">Restrictions d\u2019utilisation :<\/b> L\u2019avantage voyage de 100 $ ne s\u2019applique qu\u2019aux nouvelles r\u00e9servations et ne peut \u00eatre combin\u00e9 avec d\u2019autres promotions, r\u00e9ductions ou offres sp\u00e9ciales. Il ne d\u00e9tient aucune valeur de rachat, ne peut \u00eatre \u00e9chang\u00e9 contre de l\u2019argent liquide, et ne peut \u00eatre \u00e9chang\u00e9 contre d\u2019autres services. <\/li>\n<li data-stringify-indent=\"0\" data-stringify-border=\"0\"><b data-stringify-type=\"bold\">Politique d\u2019annulation et de remboursement :<\/b> Si un participant annule son voyage, le bonus de voyage de 100 $ sera perdu et ne pourra pas \u00eatre appliqu\u00e9 aux r\u00e9servations futures.<\/li>\n<li data-stringify-indent=\"0\" data-stringify-border=\"0\"><b data-stringify-type=\"bold\">Avertissement de responsabilit\u00e9 :<\/b> Voyage en for\u00eat n\u2019est pas responsable des avantages perdus, inutilis\u00e9s ou expir\u00e9s. Les participants assument tous les risques li\u00e9s au voyage, et Forest Travel ne sera pas tenu responsable des dommages, pertes ou blessures r\u00e9sultant de la participation \u00e0 cette promotion. <\/li>\n<li data-stringify-indent=\"0\" data-stringify-border=\"0\"><b data-stringify-type=\"bold\">Droit applicable :<\/b> Ces termes et conditions sont r\u00e9gis par les lois de l\u2019\u00c9tat dans lequel Forest Travel est constitu\u00e9. Tout litige survenant en vertu de ces termes sera soumis \u00e0 la comp\u00e9tence exclusive des tribunaux de cet \u00c9tat. <\/li>\n<li data-stringify-indent=\"0\" data-stringify-border=\"0\"><b data-stringify-type=\"bold\">Informations de contact :<\/b> Pour toute question concernant cette promotion, veuillez contacter Forest Travel au <b data-stringify-type=\"bold\"><a href=\"mailto:marketing@foresttravel.com\" target=\"_blank\" rel=\"noopener noreferrer\" data-stringify-link=\"mailto:marketing@foresttravel.com\" data-sk=\"tooltip_parent\" aria-haspopup=\"menu\">marketing@foresttravel.com<\/a><\/b>.<\/li>\n<\/ol>\n<div>En participant \u00e0 cette promotion, les participants reconnaissent avoir lu, compris et accept\u00e9 d\u2019\u00eatre li\u00e9s par ces termes et conditions.<\/div>\t\t\t\t\t\t\t\t<\/div>\n\t\t\t\t<\/div>\n\t\t\t\t\t<\/div>\n\t\t\t\t<\/div>\n\t\t\t\t<\/div>\n\t\t","protected":false},"excerpt":{"rendered":"<p>Promotion en ligne de Forest Travel f\u00e9vrier 2025 Conditions g\u00e9n\u00e9rales pour la promotion \u00ab Billets Gratuits 2025 \u00bb \u00c9ligibilit\u00e9 : Cette promotion est exclusivement accessible aux nouveaux clients \u00e2g\u00e9s d\u2019au moins 21 ans et r\u00e9sident aux \u00c9tats-Unis. Les participants doivent r\u00e9server un voyage d\u2019une valeur minimale de 5 000 $ USD par personne pour y [&hellip;]<\/p>\n","protected":false},"author":16,"featured_media":0,"parent":0,"menu_order":0,"comment_status":"closed","ping_status":"closed","template":"","meta":{"_joinchat":[],"footnotes":""},"class_list":["post-44948","page","type-page","status-publish","hentry"],"yoast_head":"<!-- This site is optimized with the Yoast SEO Premium plugin v27.2 (Yoast SEO v27.3) - https:\/\/yoast.com\/product\/yoast-seo-premium-wordpress\/ -->\n<title>Conditions G\u00e9n\u00e9rales - Forest Travel Agency<\/title>\n<meta name=\"robots\" content=\"index, follow, max-snippet:-1, max-image-preview:large, max-video-preview:-1\" \/>\n<link rel=\"canonical\" href=\"https:\/\/foresttravel.com\/fr\/conditions-generales\/\" \/>\n<meta property=\"og:locale\" content=\"fr_FR\" \/>\n<meta property=\"og:type\" content=\"article\" \/>\n<meta property=\"og:title\" content=\"Conditions G\u00e9n\u00e9rales\" \/>\n<meta property=\"og:description\" content=\"Promotion en ligne de Forest Travel f\u00e9vrier 2025 Conditions g\u00e9n\u00e9rales pour la promotion \u00ab Billets Gratuits 2025 \u00bb \u00c9ligibilit\u00e9 : Cette promotion est exclusivement accessible aux nouveaux clients \u00e2g\u00e9s d\u2019au moins 21 ans et r\u00e9sident aux \u00c9tats-Unis. Les participants doivent r\u00e9server un voyage d\u2019une valeur minimale de 5 000 $ USD par personne pour y [&hellip;]\" \/>\n<meta property=\"og:url\" content=\"https:\/\/foresttravel.com\/fr\/conditions-generales\/\" \/>\n<meta property=\"og:site_name\" content=\"Forest Travel Agency\" \/>\n<meta property=\"article:publisher\" content=\"https:\/\/www.facebook.com\/ForestTravel\/\" \/>\n<meta property=\"article:modified_time\" content=\"2026-02-04T13:22:05+00:00\" \/>\n<meta name=\"twitter:card\" content=\"summary_large_image\" \/>\n<meta name=\"twitter:label1\" content=\"Dur\u00e9e de lecture estim\u00e9e\" \/>\n\t<meta name=\"twitter:data1\" content=\"6 minutes\" \/>\n<script type=\"application\/ld+json\" class=\"yoast-schema-graph\">{\"@context\":\"https:\\\/\\\/schema.org\",\"@graph\":[{\"@type\":\"WebPage\",\"@id\":\"https:\\\/\\\/foresttravel.com\\\/fr\\\/conditions-generales\\\/\",\"url\":\"https:\\\/\\\/foresttravel.com\\\/fr\\\/conditions-generales\\\/\",\"name\":\"Conditions G\u00e9n\u00e9rales - Forest Travel Agency\",\"isPartOf\":{\"@id\":\"https:\\\/\\\/foresttravel.com\\\/fr\\\/#website\"},\"datePublished\":\"2024-03-05T17:43:35+00:00\",\"dateModified\":\"2026-02-04T13:22:05+00:00\",\"breadcrumb\":{\"@id\":\"https:\\\/\\\/foresttravel.com\\\/fr\\\/conditions-generales\\\/#breadcrumb\"},\"inLanguage\":\"fr-FR\",\"potentialAction\":[{\"@type\":\"ReadAction\",\"target\":[\"https:\\\/\\\/foresttravel.com\\\/fr\\\/conditions-generales\\\/\"]}]},{\"@type\":\"BreadcrumbList\",\"@id\":\"https:\\\/\\\/foresttravel.com\\\/fr\\\/conditions-generales\\\/#breadcrumb\",\"itemListElement\":[{\"@type\":\"ListItem\",\"position\":1,\"name\":\"Home\",\"item\":\"https:\\\/\\\/foresttravel.com\\\/fr\\\/agence-de-voyages-de-luxe-agence-de-voyage-forestiere\\\/\"},{\"@type\":\"ListItem\",\"position\":2,\"name\":\"Conditions G\u00e9n\u00e9rales\"}]},{\"@type\":\"WebSite\",\"@id\":\"https:\\\/\\\/foresttravel.com\\\/fr\\\/#website\",\"url\":\"https:\\\/\\\/foresttravel.com\\\/fr\\\/\",\"name\":\"Forest Travel Agency\",\"description\":\"Luxury Destinations and Exclusive Hotels\",\"publisher\":{\"@id\":\"https:\\\/\\\/foresttravel.com\\\/fr\\\/#organization\"},\"potentialAction\":[{\"@type\":\"SearchAction\",\"target\":{\"@type\":\"EntryPoint\",\"urlTemplate\":\"https:\\\/\\\/foresttravel.com\\\/fr\\\/?s={search_term_string}\"},\"query-input\":{\"@type\":\"PropertyValueSpecification\",\"valueRequired\":true,\"valueName\":\"search_term_string\"}}],\"inLanguage\":\"fr-FR\"},{\"@type\":\"Organization\",\"@id\":\"https:\\\/\\\/foresttravel.com\\\/fr\\\/#organization\",\"name\":\"Forest Travel Agency\",\"url\":\"https:\\\/\\\/foresttravel.com\\\/fr\\\/\",\"logo\":{\"@type\":\"ImageObject\",\"inLanguage\":\"fr-FR\",\"@id\":\"https:\\\/\\\/foresttravel.com\\\/fr\\\/#\\\/schema\\\/logo\\\/image\\\/\",\"url\":\"https:\\\/\\\/foresttravel.com\\\/wp-content\\\/uploads\\\/2022\\\/07\\\/FTA-Logo-Deep-Green.svg\",\"contentUrl\":\"https:\\\/\\\/foresttravel.com\\\/wp-content\\\/uploads\\\/2022\\\/07\\\/FTA-Logo-Deep-Green.svg\",\"width\":300,\"height\":22,\"caption\":\"Forest Travel Agency\"},\"image\":{\"@id\":\"https:\\\/\\\/foresttravel.com\\\/fr\\\/#\\\/schema\\\/logo\\\/image\\\/\"},\"sameAs\":[\"https:\\\/\\\/www.facebook.com\\\/ForestTravel\\\/\",\"https:\\\/\\\/api.whatsapp.com\\\/send?phone=17867518773&context=ARCd49VgJg_opWh9UXxDOrqm3FKLLCTFoOgKpTviZ2515D4TBf2qObPktaoS8EV50fx8lzKQsfuW6Zg_VqyApp9TAyXBAJbxZUy2JXRh3DwkHNL0-XsbhN6ddqcMrSKQynneSdvEoSbLK38Br5jRHKE&source=FB_Page&app=facebook&entry_point=page\",\"https:\\\/\\\/www.instagram.com\\\/foresttravelagency\",\"https:\\\/\\\/www.tiktok.com\\\/@foresttravelagency\",\"https:\\\/\\\/www.youtube.com\\\/@ForestTravelAgency1\",\"https:\\\/\\\/www.linkedin.com\\\/company\\\/forest-travel\"]}]}<\/script>\n<!-- \/ Yoast SEO Premium plugin. -->","yoast_head_json":{"title":"Conditions G\u00e9n\u00e9rales - Forest Travel Agency","robots":{"index":"index","follow":"follow","max-snippet":"max-snippet:-1","max-image-preview":"max-image-preview:large","max-video-preview":"max-video-preview:-1"},"canonical":"https:\/\/foresttravel.com\/fr\/conditions-generales\/","og_locale":"fr_FR","og_type":"article","og_title":"Conditions G\u00e9n\u00e9rales","og_description":"Promotion en ligne de Forest Travel f\u00e9vrier 2025 Conditions g\u00e9n\u00e9rales pour la promotion \u00ab Billets Gratuits 2025 \u00bb \u00c9ligibilit\u00e9 : Cette promotion est exclusivement accessible aux nouveaux clients \u00e2g\u00e9s d\u2019au moins 21 ans et r\u00e9sident aux \u00c9tats-Unis. Les participants doivent r\u00e9server un voyage d\u2019une valeur minimale de 5 000 $ USD par personne pour y [&hellip;]","og_url":"https:\/\/foresttravel.com\/fr\/conditions-generales\/","og_site_name":"Forest Travel Agency","article_publisher":"https:\/\/www.facebook.com\/ForestTravel\/","article_modified_time":"2026-02-04T13:22:05+00:00","twitter_card":"summary_large_image","twitter_misc":{"Dur\u00e9e de lecture estim\u00e9e":"6 minutes"},"schema":{"@context":"https:\/\/schema.org","@graph":[{"@type":"WebPage","@id":"https:\/\/foresttravel.com\/fr\/conditions-generales\/","url":"https:\/\/foresttravel.com\/fr\/conditions-generales\/","name":"Conditions G\u00e9n\u00e9rales - Forest Travel Agency","isPartOf":{"@id":"https:\/\/foresttravel.com\/fr\/#website"},"datePublished":"2024-03-05T17:43:35+00:00","dateModified":"2026-02-04T13:22:05+00:00","breadcrumb":{"@id":"https:\/\/foresttravel.com\/fr\/conditions-generales\/#breadcrumb"},"inLanguage":"fr-FR","potentialAction":[{"@type":"ReadAction","target":["https:\/\/foresttravel.com\/fr\/conditions-generales\/"]}]},{"@type":"BreadcrumbList","@id":"https:\/\/foresttravel.com\/fr\/conditions-generales\/#breadcrumb","itemListElement":[{"@type":"ListItem","position":1,"name":"Home","item":"https:\/\/foresttravel.com\/fr\/agence-de-voyages-de-luxe-agence-de-voyage-forestiere\/"},{"@type":"ListItem","position":2,"name":"Conditions G\u00e9n\u00e9rales"}]},{"@type":"WebSite","@id":"https:\/\/foresttravel.com\/fr\/#website","url":"https:\/\/foresttravel.com\/fr\/","name":"Forest Travel Agency","description":"Luxury Destinations and Exclusive Hotels","publisher":{"@id":"https:\/\/foresttravel.com\/fr\/#organization"},"potentialAction":[{"@type":"SearchAction","target":{"@type":"EntryPoint","urlTemplate":"https:\/\/foresttravel.com\/fr\/?s={search_term_string}"},"query-input":{"@type":"PropertyValueSpecification","valueRequired":true,"valueName":"search_term_string"}}],"inLanguage":"fr-FR"},{"@type":"Organization","@id":"https:\/\/foresttravel.com\/fr\/#organization","name":"Forest Travel Agency","url":"https:\/\/foresttravel.com\/fr\/","logo":{"@type":"ImageObject","inLanguage":"fr-FR","@id":"https:\/\/foresttravel.com\/fr\/#\/schema\/logo\/image\/","url":"https:\/\/foresttravel.com\/wp-content\/uploads\/2022\/07\/FTA-Logo-Deep-Green.svg","contentUrl":"https:\/\/foresttravel.com\/wp-content\/uploads\/2022\/07\/FTA-Logo-Deep-Green.svg","width":300,"height":22,"caption":"Forest Travel Agency"},"image":{"@id":"https:\/\/foresttravel.com\/fr\/#\/schema\/logo\/image\/"},"sameAs":["https:\/\/www.facebook.com\/ForestTravel\/","https:\/\/api.whatsapp.com\/send?phone=17867518773&context=ARCd49VgJg_opWh9UXxDOrqm3FKLLCTFoOgKpTviZ2515D4TBf2qObPktaoS8EV50fx8lzKQsfuW6Zg_VqyApp9TAyXBAJbxZUy2JXRh3DwkHNL0-XsbhN6ddqcMrSKQynneSdvEoSbLK38Br5jRHKE&source=FB_Page&app=facebook&entry_point=page","https:\/\/www.instagram.com\/foresttravelagency","https:\/\/www.tiktok.com\/@foresttravelagency","https:\/\/www.youtube.com\/@ForestTravelAgency1","https:\/\/www.linkedin.com\/company\/forest-travel"]}]}},"_links":{"self":[{"href":"https:\/\/foresttravel.com\/fr\/wp-json\/wp\/v2\/pages\/44948","targetHints":{"allow":["GET"]}}],"collection":[{"href":"https:\/\/foresttravel.com\/fr\/wp-json\/wp\/v2\/pages"}],"about":[{"href":"https:\/\/foresttravel.com\/fr\/wp-json\/wp\/v2\/types\/page"}],"author":[{"embeddable":true,"href":"https:\/\/foresttravel.com\/fr\/wp-json\/wp\/v2\/users\/16"}],"replies":[{"embeddable":true,"href":"https:\/\/foresttravel.com\/fr\/wp-json\/wp\/v2\/comments?post=44948"}],"version-history":[{"count":0,"href":"https:\/\/foresttravel.com\/fr\/wp-json\/wp\/v2\/pages\/44948\/revisions"}],"wp:attachment":[{"href":"https:\/\/foresttravel.com\/fr\/wp-json\/wp\/v2\/media?parent=44948"}],"curies":[{"name":"wp","href":"https:\/\/api.w.org\/{rel}","templated":true}]}}