{"id":48104,"date":"2022-07-25T02:22:53","date_gmt":"2022-07-25T06:22:53","guid":{"rendered":"https:\/\/foresttravel.com\/gestion-de-viajes-de-negocios\/"},"modified":"2026-02-04T10:57:56","modified_gmt":"2026-02-04T15:57:56","slug":"gestion-de-viajes-de-negocios","status":"publish","type":"page","link":"https:\/\/foresttravel.com\/es\/gestion-de-viajes-de-negocios\/","title":{"rendered":"Gesti\u00f3n de Viajes de Negocios"},"content":{"rendered":"\t\t<div data-elementor-type=\"wp-page\" data-elementor-id=\"48104\" class=\"elementor elementor-48104 elementor-642\" data-elementor-post-type=\"page\">\n\t\t\t\t\t\t<section class=\"elementor-section elementor-top-section elementor-element elementor-element-1068241 elementor-section-height-min-height elementor-section-boxed elementor-section-height-default elementor-section-items-middle\" data-id=\"1068241\" data-element_type=\"section\" data-e-type=\"section\" data-settings=\"{&quot;background_background&quot;:&quot;classic&quot;}\">\n\t\t\t\t\t\t\t<div class=\"elementor-background-overlay\"><\/div>\n\t\t\t\t\t\t\t<div class=\"elementor-container elementor-column-gap-default\">\n\t\t\t\t\t<div class=\"elementor-column elementor-col-100 elementor-top-column elementor-element elementor-element-d16a317\" data-id=\"d16a317\" data-element_type=\"column\" data-e-type=\"column\">\n\t\t\t<div class=\"elementor-widget-wrap elementor-element-populated\">\n\t\t\t\t\t\t<div class=\"elementor-element elementor-element-3d5b67f elementor-widget elementor-widget-heading\" data-id=\"3d5b67f\" data-element_type=\"widget\" data-e-type=\"widget\" data-widget_type=\"heading.default\">\n\t\t\t\t<div class=\"elementor-widget-container\">\n\t\t\t\t\t<h1 class=\"elementor-heading-title elementor-size-default\">Servicios de Viajes Corporativos<\/h1>\t\t\t\t<\/div>\n\t\t\t\t<\/div>\n\t\t\t\t<div class=\"elementor-element elementor-element-97a280a elementor-align-center elementor-widget elementor-widget-button\" data-id=\"97a280a\" data-element_type=\"widget\" data-e-type=\"widget\" data-widget_type=\"button.default\">\n\t\t\t\t<div class=\"elementor-widget-container\">\n\t\t\t\t\t\t\t\t\t<div class=\"elementor-button-wrapper\">\n\t\t\t\t\t<a class=\"elementor-button elementor-button-link elementor-size-xs\" href=\"https:\/\/teliostravel.com\/\" target=\"_blank\">\n\t\t\t\t\t\t<span class=\"elementor-button-content-wrapper\">\n\t\t\t\t\t\t\t\t\t<span class=\"elementor-button-text\">Saber m\u00e1s<\/span>\n\t\t\t\t\t<\/span>\n\t\t\t\t\t<\/a>\n\t\t\t\t<\/div>\n\t\t\t\t\t\t\t\t<\/div>\n\t\t\t\t<\/div>\n\t\t\t\t\t<\/div>\n\t\t<\/div>\n\t\t\t\t\t<\/div>\n\t\t<\/section>\n\t\t\t\t<section class=\"elementor-section elementor-top-section elementor-element elementor-element-848246a elementor-section-boxed elementor-section-height-default elementor-section-height-default\" data-id=\"848246a\" data-element_type=\"section\" data-e-type=\"section\">\n\t\t\t\t\t\t<div class=\"elementor-container elementor-column-gap-default\">\n\t\t\t\t\t<div class=\"elementor-column elementor-col-100 elementor-top-column elementor-element elementor-element-d885bc3\" data-id=\"d885bc3\" data-element_type=\"column\" data-e-type=\"column\">\n\t\t\t<div class=\"elementor-widget-wrap elementor-element-populated\">\n\t\t\t\t\t\t<section class=\"elementor-section elementor-inner-section elementor-element elementor-element-73710c5 elementor-section-boxed elementor-section-height-default elementor-section-height-default\" data-id=\"73710c5\" data-element_type=\"section\" data-e-type=\"section\">\n\t\t\t\t\t\t<div class=\"elementor-container elementor-column-gap-no\">\n\t\t\t\t\t<div class=\"elementor-column elementor-col-100 elementor-inner-column elementor-element elementor-element-e9ec228\" data-id=\"e9ec228\" data-element_type=\"column\" data-e-type=\"column\" data-settings=\"{&quot;background_background&quot;:&quot;classic&quot;}\">\n\t\t\t<div class=\"elementor-widget-wrap elementor-element-populated\">\n\t\t\t\t\t\t<div class=\"elementor-element elementor-element-c5cf2a1 elementor-widget elementor-widget-image\" data-id=\"c5cf2a1\" data-element_type=\"widget\" data-e-type=\"widget\" data-widget_type=\"image.default\">\n\t\t\t\t<div class=\"elementor-widget-container\">\n\t\t\t\t\t\t\t\t\t\t\t\t\t\t\t<img decoding=\"async\" src=\"https:\/\/foresttravel.com\/wp-content\/uploads\/2022\/07\/Telio_Smart_Traveling_Logo.png\" title=\"\" alt=\"\" loading=\"lazy\" \/>\t\t\t\t\t\t\t\t\t\t\t\t\t\t\t<\/div>\n\t\t\t\t<\/div>\n\t\t\t\t<div class=\"elementor-element elementor-element-fa9580d elementor-widget elementor-widget-text-editor\" data-id=\"fa9580d\" data-element_type=\"widget\" data-e-type=\"widget\" data-widget_type=\"text-editor.default\">\n\t\t\t\t<div class=\"elementor-widget-container\">\n\t\t\t\t\t\t\t\t\t<p style=\"text-align: center;\">Telios Travel ofrece un servicio distintivo y centrado en el cliente, dise\u00f1ado para facilitar la gesti\u00f3n eficaz de tu programa de viajes corporativos, asegurando que recibas una experiencia personalizada que tambi\u00e9n priorice la eficiencia en costes. Como divisi\u00f3n de Forest Travel, Telios Travel gestiona meticulosamente cada aspecto del viaje de tu grupo. Nuestro equipo de expertos est\u00e1 dedicado a aliviar el estr\u00e9s asociado a tu boda de destino o a la pr\u00f3xima reuni\u00f3n familiar. Te invitamos a confiarnos las complejidades de los arreglos de tu viaje en grupo, permiti\u00e9ndote centrarte y disfrutar de la ocasi\u00f3n.   <\/p>\t\t\t\t\t\t\t\t<\/div>\n\t\t\t\t<\/div>\n\t\t\t\t\t<\/div>\n\t\t<\/div>\n\t\t\t\t\t<\/div>\n\t\t<\/section>\n\t\t\t\t\t<\/div>\n\t\t<\/div>\n\t\t\t\t\t<\/div>\n\t\t<\/section>\n\t\t\t\t<section class=\"elementor-section elementor-top-section elementor-element elementor-element-805bda3 elementor-section-content-middle elementor-section-boxed elementor-section-height-default elementor-section-height-default\" data-id=\"805bda3\" data-element_type=\"section\" data-e-type=\"section\" data-settings=\"{&quot;background_background&quot;:&quot;classic&quot;}\">\n\t\t\t\t\t\t<div class=\"elementor-container elementor-column-gap-default\">\n\t\t\t\t\t<div class=\"elementor-column elementor-col-50 elementor-top-column elementor-element elementor-element-9e73941\" data-id=\"9e73941\" data-element_type=\"column\" data-e-type=\"column\">\n\t\t\t<div class=\"elementor-widget-wrap elementor-element-populated\">\n\t\t\t\t\t\t<div class=\"elementor-element elementor-element-48f5f8a elementor-widget elementor-widget-image\" data-id=\"48f5f8a\" data-element_type=\"widget\" data-e-type=\"widget\" data-widget_type=\"image.default\">\n\t\t\t\t<div class=\"elementor-widget-container\">\n\t\t\t\t\t\t\t\t\t\t\t\t\t\t\t<img decoding=\"async\" src=\"https:\/\/foresttravel.com\/wp-content\/uploads\/2022\/10\/A-Premier-Business-Travel-Management-Company.jpg\" title=\"\" alt=\"\" loading=\"lazy\" \/>\t\t\t\t\t\t\t\t\t\t\t\t\t\t\t<\/div>\n\t\t\t\t<\/div>\n\t\t\t\t\t<\/div>\n\t\t<\/div>\n\t\t\t\t<div class=\"elementor-column elementor-col-50 elementor-top-column elementor-element elementor-element-3e95a5d\" data-id=\"3e95a5d\" data-element_type=\"column\" data-e-type=\"column\">\n\t\t\t<div class=\"elementor-widget-wrap elementor-element-populated\">\n\t\t\t\t\t\t<div class=\"elementor-element elementor-element-8aa599f elementor-widget elementor-widget-heading\" data-id=\"8aa599f\" data-element_type=\"widget\" data-e-type=\"widget\" data-widget_type=\"heading.default\">\n\t\t\t\t<div class=\"elementor-widget-container\">\n\t\t\t\t\t<h3 class=\"elementor-heading-title elementor-size-default\">Una empresa de gesti\u00f3n de viajes de negocios de primer nivel<\/h3>\t\t\t\t<\/div>\n\t\t\t\t<\/div>\n\t\t\t\t<div class=\"elementor-element elementor-element-84678c6 elementor-widget elementor-widget-text-editor\" data-id=\"84678c6\" data-element_type=\"widget\" data-e-type=\"widget\" data-widget_type=\"text-editor.default\">\n\t\t\t\t<div class=\"elementor-widget-container\">\n\t\t\t\t\t\t\t\t\t<div class=\"elementor-element elementor-element-6434dfe p-justify elementor-widget elementor-widget-text-editor\" data-id=\"6434dfe\" data-element_type=\"widget\" data-widget_type=\"text-editor.default\"><div class=\"elementor-widget-container\"><div class=\"elementor-text-editor elementor-clearfix\"><ul><li>Un equipo dedicado de asesores de viajes estar\u00e1 disponible en cualquier momento.<\/li><li>Una extensa lista de parejas preferidas exclusivas para beneficios en todo el mundo.<\/li><li>Ahorra hasta un 30% reservando con inteligencia<\/li><\/ul><\/div><\/div><\/div><div class=\"elementor-element elementor-element-bf85069 elementor-widget elementor-widget-spacer\" data-id=\"bf85069\" data-element_type=\"widget\" data-widget_type=\"spacer.default\"><div class=\"elementor-widget-container\"><div class=\"elementor-spacer\"><div class=\"elementor-spacer-inner\">Telios Travel, una divisi\u00f3n de Forest Travel, se encargar\u00e1 de todos los detalles de tu viaje, reservando con beneficios y tarifas que solo est\u00e1n disponibles para los expertos en la industria del turismo. Con nuestros agentes de viajes trabajando para tu empresa, tus consejos de negocio ser\u00e1n pan comido. <\/div><\/div><\/div><\/div>\t\t\t\t\t\t\t\t<\/div>\n\t\t\t\t<\/div>\n\t\t\t\t\t<\/div>\n\t\t<\/div>\n\t\t\t\t\t<\/div>\n\t\t<\/section>\n\t\t\t\t<section class=\"elementor-section elementor-top-section elementor-element elementor-element-0e72a4e elementor-section-content-middle elementor-section-boxed elementor-section-height-default elementor-section-height-default\" data-id=\"0e72a4e\" data-element_type=\"section\" data-e-type=\"section\" data-settings=\"{&quot;background_background&quot;:&quot;classic&quot;}\">\n\t\t\t\t\t\t<div class=\"elementor-container elementor-column-gap-default\">\n\t\t\t\t\t<div class=\"elementor-column elementor-col-50 elementor-top-column elementor-element elementor-element-81faa48\" data-id=\"81faa48\" data-element_type=\"column\" data-e-type=\"column\">\n\t\t\t<div class=\"elementor-widget-wrap elementor-element-populated\">\n\t\t\t\t\t\t<div class=\"elementor-element elementor-element-3eb2302 elementor-widget elementor-widget-heading\" data-id=\"3eb2302\" data-element_type=\"widget\" data-e-type=\"widget\" data-widget_type=\"heading.default\">\n\t\t\t\t<div class=\"elementor-widget-container\">\n\t\t\t\t\t<h3 class=\"elementor-heading-title elementor-size-default\">Inicia una colaboraci\u00f3n con Forest Travel<\/h3>\t\t\t\t<\/div>\n\t\t\t\t<\/div>\n\t\t\t\t<div class=\"elementor-element elementor-element-6c754fa elementor-widget elementor-widget-text-editor\" data-id=\"6c754fa\" data-element_type=\"widget\" data-e-type=\"widget\" data-widget_type=\"text-editor.default\">\n\t\t\t\t<div class=\"elementor-widget-container\">\n\t\t\t\t\t\t\t\t\t<div class=\"elementor-element elementor-element-6434dfe p-justify elementor-widget elementor-widget-text-editor\" data-id=\"6434dfe\" data-element_type=\"widget\" data-widget_type=\"text-editor.default\"><div class=\"elementor-widget-container\"><div class=\"elementor-text-editor elementor-clearfix\"><div class=\"elementor-element elementor-element-58644ad p-justify elementor-widget elementor-widget-text-editor\" data-id=\"58644ad\" data-element_type=\"widget\" data-widget_type=\"text-editor.default\"><div class=\"elementor-widget-container\"><div class=\"elementor-text-editor elementor-clearfix\">Nuestros clientes socios de larga trayectoria disfrutan de un mayor retorno de la inversi\u00f3n gracias a nuestros servicios de gesti\u00f3n de viajes corporativos; Optimizamos los presupuestos de viaje futuros analizando informes anteriores. Nuestra <a href=\"https:\/\/teliostravel.com\/\"><b><i>herramienta de reservas online<\/i><\/b><\/a> agiliza las etapas previas a un viaje y facilita la presentaci\u00f3n de informes de gastos para tu departamento de contabilidad.   <\/div><\/div><\/div><div class=\"elementor-element elementor-element-496bb30 p-justify elementor-widget elementor-widget-text-editor\" data-id=\"496bb30\" data-element_type=\"widget\" data-widget_type=\"text-editor.default\"><div class=\"elementor-widget-container\"><p><a href=\"https:\/\/teliostravel.com\/contact-us\/\"><b><i>Reserva una demostraci\u00f3n<\/i><\/b><\/a><span style=\"font-weight: 400;\"> para descubrir c\u00f3mo nuestros asesores expertos en viajes de negocios pueden hacer que tus viajes corporativos sean sencillos, sencillos y rentables.<\/span><\/p><\/div><\/div><\/div><\/div><\/div>\t\t\t\t\t\t\t\t<\/div>\n\t\t\t\t<\/div>\n\t\t\t\t\t<\/div>\n\t\t<\/div>\n\t\t\t\t<div class=\"elementor-column elementor-col-50 elementor-top-column elementor-element elementor-element-6d7707d\" data-id=\"6d7707d\" data-element_type=\"column\" data-e-type=\"column\">\n\t\t\t<div class=\"elementor-widget-wrap elementor-element-populated\">\n\t\t\t\t\t\t<div class=\"elementor-element elementor-element-ae74b99 elementor-widget elementor-widget-image\" data-id=\"ae74b99\" data-element_type=\"widget\" data-e-type=\"widget\" data-widget_type=\"image.default\">\n\t\t\t\t<div class=\"elementor-widget-container\">\n\t\t\t\t\t\t\t\t\t\t\t\t\t\t\t<img decoding=\"async\" src=\"https:\/\/foresttravel.com\/wp-content\/uploads\/2022\/10\/StartPartnership.png\" title=\"\" alt=\"\" loading=\"lazy\" \/>\t\t\t\t\t\t\t\t\t\t\t\t\t\t\t<\/div>\n\t\t\t\t<\/div>\n\t\t\t\t\t<\/div>\n\t\t<\/div>\n\t\t\t\t\t<\/div>\n\t\t<\/section>\n\t\t\t\t<section class=\"elementor-section elementor-top-section elementor-element elementor-element-0d78349 elementor-section-boxed elementor-section-height-default elementor-section-height-default\" data-id=\"0d78349\" data-element_type=\"section\" data-e-type=\"section\" data-settings=\"{&quot;background_background&quot;:&quot;classic&quot;}\">\n\t\t\t\t\t\t<div class=\"elementor-container elementor-column-gap-default\">\n\t\t\t\t\t<div class=\"elementor-column elementor-col-100 elementor-top-column elementor-element elementor-element-bdcc08f\" data-id=\"bdcc08f\" data-element_type=\"column\" data-e-type=\"column\">\n\t\t\t<div class=\"elementor-widget-wrap elementor-element-populated\">\n\t\t\t\t\t\t<div class=\"elementor-element elementor-element-e2bebfc elementor-cta--layout-image-left elementor-cta--valign-middle elementor-cta--mobile-layout-image-above elementor-cta--skin-classic elementor-animated-content elementor-widget elementor-widget-call-to-action\" data-id=\"e2bebfc\" data-element_type=\"widget\" data-e-type=\"widget\" data-widget_type=\"call-to-action.default\">\n\t\t\t\t<div class=\"elementor-widget-container\">\n\t\t\t\t\t\t\t<div class=\"elementor-cta\">\n\t\t\t\t\t\t\t<div class=\"elementor-cta__content\">\n\t\t\t\t\n\t\t\t\t\t\t\t\t\t<h5 class=\"elementor-cta__title elementor-cta__content-item elementor-content-item\">\n\t\t\t\t\t\tReserva online f\u00e1cil\t\t\t\t\t<\/h5>\n\t\t\t\t\n\t\t\t\t\t\t\t\t\t<div class=\"elementor-cta__description elementor-cta__content-item elementor-content-item\">\n\t\t\t\t\t\tLa tecnolog\u00eda m\u00e1s avanzada permite reservar tu viaje de forma eficiente y a los mejores precios. Nuestros consultores de viajes te ayudar\u00e1n a empezar. \n\nEntendemos que el panorama tur\u00edstico actual es un mundo en constante evoluci\u00f3n: nuestra gesti\u00f3n corporativa de viajes facilita la navegaci\u00f3n por ese mundo para ti y tu empresa.\t\t\t\t\t<\/div>\n\t\t\t\t\n\t\t\t\t\t\t\t\t\t<div class=\"elementor-cta__button-wrapper elementor-cta__content-item elementor-content-item \">\n\t\t\t\t\t<a class=\"elementor-cta__button elementor-button elementor-size-\" href=\"https:\/\/teliostravel.com\/\" target=\"_blank\">\n\t\t\t\t\t\tConoce m\u00e1s sobre Telios Travel\t\t\t\t\t<\/a>\n\t\t\t\t\t<\/div>\n\t\t\t\t\t\t\t<\/div>\n\t\t\t\t\t\t<\/div>\n\t\t\t\t\t\t<\/div>\n\t\t\t\t<\/div>\n\t\t\t\t\t<\/div>\n\t\t<\/div>\n\t\t\t\t\t<\/div>\n\t\t<\/section>\n\t\t\t\t<\/div>\n\t\t","protected":false},"excerpt":{"rendered":"<p>Servicios de Viajes Corporativos Saber m\u00e1s Telios Travel ofrece un servicio distintivo y centrado en el cliente, dise\u00f1ado para facilitar la gesti\u00f3n eficaz de tu programa de viajes corporativos, asegurando que recibas una experiencia personalizada que tambi\u00e9n priorice la eficiencia en costes. Como divisi\u00f3n de Forest Travel, Telios Travel gestiona meticulosamente cada aspecto del viaje [&hellip;]<\/p>\n","protected":false},"author":24,"featured_media":0,"parent":0,"menu_order":0,"comment_status":"closed","ping_status":"closed","template":"","meta":{"_joinchat":[],"footnotes":""},"class_list":["post-48104","page","type-page","status-publish","hentry"],"yoast_head":"<!-- This site is optimized with the Yoast SEO Premium plugin v27.2 (Yoast SEO v27.3) - https:\/\/yoast.com\/product\/yoast-seo-premium-wordpress\/ -->\n<title>Gesti\u00f3n de Viajes de Negocios - Forest Travel Agency<\/title>\n<meta name=\"robots\" content=\"index, follow, max-snippet:-1, max-image-preview:large, max-video-preview:-1\" \/>\n<link rel=\"canonical\" href=\"https:\/\/foresttravel.com\/es\/gestion-de-viajes-de-negocios\/\" \/>\n<meta property=\"og:locale\" content=\"es_ES\" \/>\n<meta property=\"og:type\" content=\"article\" \/>\n<meta property=\"og:title\" content=\"Gesti\u00f3n de Viajes de Negocios\" \/>\n<meta property=\"og:description\" content=\"Servicios de Viajes Corporativos Saber m\u00e1s Telios Travel ofrece un servicio distintivo y centrado en el cliente, dise\u00f1ado para facilitar la gesti\u00f3n eficaz de tu programa de viajes corporativos, asegurando que recibas una experiencia personalizada que tambi\u00e9n priorice la eficiencia en costes. Como divisi\u00f3n de Forest Travel, Telios Travel gestiona meticulosamente cada aspecto del viaje [&hellip;]\" \/>\n<meta property=\"og:url\" content=\"https:\/\/foresttravel.com\/es\/gestion-de-viajes-de-negocios\/\" \/>\n<meta property=\"og:site_name\" content=\"Forest Travel Agency\" \/>\n<meta property=\"article:publisher\" content=\"https:\/\/www.facebook.com\/ForestTravel\/\" \/>\n<meta property=\"article:modified_time\" content=\"2026-02-04T15:57:56+00:00\" \/>\n<meta property=\"og:image\" content=\"https:\/\/foresttravel.com\/wp-content\/uploads\/2022\/07\/Telio_Smart_Traveling_Logo.png\" \/>\n<meta name=\"twitter:card\" content=\"summary_large_image\" \/>\n<meta name=\"twitter:label1\" content=\"Tiempo de lectura\" \/>\n\t<meta name=\"twitter:data1\" content=\"2 minutos\" \/>\n<script type=\"application\/ld+json\" class=\"yoast-schema-graph\">{\"@context\":\"https:\\\/\\\/schema.org\",\"@graph\":[{\"@type\":\"WebPage\",\"@id\":\"https:\\\/\\\/foresttravel.com\\\/es\\\/gestion-de-viajes-de-negocios\\\/\",\"url\":\"https:\\\/\\\/foresttravel.com\\\/es\\\/gestion-de-viajes-de-negocios\\\/\",\"name\":\"Gesti\u00f3n de Viajes de Negocios - Forest Travel Agency\",\"isPartOf\":{\"@id\":\"https:\\\/\\\/foresttravel.com\\\/es\\\/#website\"},\"primaryImageOfPage\":{\"@id\":\"https:\\\/\\\/foresttravel.com\\\/es\\\/gestion-de-viajes-de-negocios\\\/#primaryimage\"},\"image\":{\"@id\":\"https:\\\/\\\/foresttravel.com\\\/es\\\/gestion-de-viajes-de-negocios\\\/#primaryimage\"},\"thumbnailUrl\":\"https:\\\/\\\/foresttravel.com\\\/wp-content\\\/uploads\\\/2022\\\/07\\\/Telio_Smart_Traveling_Logo.png\",\"datePublished\":\"2022-07-25T06:22:53+00:00\",\"dateModified\":\"2026-02-04T15:57:56+00:00\",\"breadcrumb\":{\"@id\":\"https:\\\/\\\/foresttravel.com\\\/es\\\/gestion-de-viajes-de-negocios\\\/#breadcrumb\"},\"inLanguage\":\"es\",\"potentialAction\":[{\"@type\":\"ReadAction\",\"target\":[\"https:\\\/\\\/foresttravel.com\\\/es\\\/gestion-de-viajes-de-negocios\\\/\"]}]},{\"@type\":\"ImageObject\",\"inLanguage\":\"es\",\"@id\":\"https:\\\/\\\/foresttravel.com\\\/es\\\/gestion-de-viajes-de-negocios\\\/#primaryimage\",\"url\":\"https:\\\/\\\/foresttravel.com\\\/wp-content\\\/uploads\\\/2022\\\/07\\\/Telio_Smart_Traveling_Logo.png\",\"contentUrl\":\"https:\\\/\\\/foresttravel.com\\\/wp-content\\\/uploads\\\/2022\\\/07\\\/Telio_Smart_Traveling_Logo.png\"},{\"@type\":\"BreadcrumbList\",\"@id\":\"https:\\\/\\\/foresttravel.com\\\/es\\\/gestion-de-viajes-de-negocios\\\/#breadcrumb\",\"itemListElement\":[{\"@type\":\"ListItem\",\"position\":1,\"name\":\"Home\",\"item\":\"https:\\\/\\\/foresttravel.com\\\/es\\\/agencia-de-viajes-de-lujo-agencia-de-viajes-forestales\\\/\"},{\"@type\":\"ListItem\",\"position\":2,\"name\":\"Gesti\u00f3n de Viajes de Negocios\"}]},{\"@type\":\"WebSite\",\"@id\":\"https:\\\/\\\/foresttravel.com\\\/es\\\/#website\",\"url\":\"https:\\\/\\\/foresttravel.com\\\/es\\\/\",\"name\":\"Forest Travel Agency\",\"description\":\"Luxury Destinations and Exclusive Hotels\",\"publisher\":{\"@id\":\"https:\\\/\\\/foresttravel.com\\\/es\\\/#organization\"},\"potentialAction\":[{\"@type\":\"SearchAction\",\"target\":{\"@type\":\"EntryPoint\",\"urlTemplate\":\"https:\\\/\\\/foresttravel.com\\\/es\\\/?s={search_term_string}\"},\"query-input\":{\"@type\":\"PropertyValueSpecification\",\"valueRequired\":true,\"valueName\":\"search_term_string\"}}],\"inLanguage\":\"es\"},{\"@type\":\"Organization\",\"@id\":\"https:\\\/\\\/foresttravel.com\\\/es\\\/#organization\",\"name\":\"Forest Travel Agency\",\"url\":\"https:\\\/\\\/foresttravel.com\\\/es\\\/\",\"logo\":{\"@type\":\"ImageObject\",\"inLanguage\":\"es\",\"@id\":\"https:\\\/\\\/foresttravel.com\\\/es\\\/#\\\/schema\\\/logo\\\/image\\\/\",\"url\":\"https:\\\/\\\/foresttravel.com\\\/wp-content\\\/uploads\\\/2022\\\/07\\\/FTA-Logo-Deep-Green.svg\",\"contentUrl\":\"https:\\\/\\\/foresttravel.com\\\/wp-content\\\/uploads\\\/2022\\\/07\\\/FTA-Logo-Deep-Green.svg\",\"width\":300,\"height\":22,\"caption\":\"Forest Travel Agency\"},\"image\":{\"@id\":\"https:\\\/\\\/foresttravel.com\\\/es\\\/#\\\/schema\\\/logo\\\/image\\\/\"},\"sameAs\":[\"https:\\\/\\\/www.facebook.com\\\/ForestTravel\\\/\",\"https:\\\/\\\/api.whatsapp.com\\\/send?phone=17867518773&context=ARCd49VgJg_opWh9UXxDOrqm3FKLLCTFoOgKpTviZ2515D4TBf2qObPktaoS8EV50fx8lzKQsfuW6Zg_VqyApp9TAyXBAJbxZUy2JXRh3DwkHNL0-XsbhN6ddqcMrSKQynneSdvEoSbLK38Br5jRHKE&source=FB_Page&app=facebook&entry_point=page\",\"https:\\\/\\\/www.instagram.com\\\/foresttravelagency\",\"https:\\\/\\\/www.tiktok.com\\\/@foresttravelagency\",\"https:\\\/\\\/www.youtube.com\\\/@ForestTravelAgency1\",\"https:\\\/\\\/www.linkedin.com\\\/company\\\/forest-travel\"]}]}<\/script>\n<!-- \/ Yoast SEO Premium plugin. -->","yoast_head_json":{"title":"Gesti\u00f3n de Viajes de Negocios - Forest Travel Agency","robots":{"index":"index","follow":"follow","max-snippet":"max-snippet:-1","max-image-preview":"max-image-preview:large","max-video-preview":"max-video-preview:-1"},"canonical":"https:\/\/foresttravel.com\/es\/gestion-de-viajes-de-negocios\/","og_locale":"es_ES","og_type":"article","og_title":"Gesti\u00f3n de Viajes de Negocios","og_description":"Servicios de Viajes Corporativos Saber m\u00e1s Telios Travel ofrece un servicio distintivo y centrado en el cliente, dise\u00f1ado para facilitar la gesti\u00f3n eficaz de tu programa de viajes corporativos, asegurando que recibas una experiencia personalizada que tambi\u00e9n priorice la eficiencia en costes. Como divisi\u00f3n de Forest Travel, Telios Travel gestiona meticulosamente cada aspecto del viaje [&hellip;]","og_url":"https:\/\/foresttravel.com\/es\/gestion-de-viajes-de-negocios\/","og_site_name":"Forest Travel Agency","article_publisher":"https:\/\/www.facebook.com\/ForestTravel\/","article_modified_time":"2026-02-04T15:57:56+00:00","og_image":[{"url":"https:\/\/foresttravel.com\/wp-content\/uploads\/2022\/07\/Telio_Smart_Traveling_Logo.png","type":"","width":"","height":""}],"twitter_card":"summary_large_image","twitter_misc":{"Tiempo de lectura":"2 minutos"},"schema":{"@context":"https:\/\/schema.org","@graph":[{"@type":"WebPage","@id":"https:\/\/foresttravel.com\/es\/gestion-de-viajes-de-negocios\/","url":"https:\/\/foresttravel.com\/es\/gestion-de-viajes-de-negocios\/","name":"Gesti\u00f3n de Viajes de Negocios - Forest Travel Agency","isPartOf":{"@id":"https:\/\/foresttravel.com\/es\/#website"},"primaryImageOfPage":{"@id":"https:\/\/foresttravel.com\/es\/gestion-de-viajes-de-negocios\/#primaryimage"},"image":{"@id":"https:\/\/foresttravel.com\/es\/gestion-de-viajes-de-negocios\/#primaryimage"},"thumbnailUrl":"https:\/\/foresttravel.com\/wp-content\/uploads\/2022\/07\/Telio_Smart_Traveling_Logo.png","datePublished":"2022-07-25T06:22:53+00:00","dateModified":"2026-02-04T15:57:56+00:00","breadcrumb":{"@id":"https:\/\/foresttravel.com\/es\/gestion-de-viajes-de-negocios\/#breadcrumb"},"inLanguage":"es","potentialAction":[{"@type":"ReadAction","target":["https:\/\/foresttravel.com\/es\/gestion-de-viajes-de-negocios\/"]}]},{"@type":"ImageObject","inLanguage":"es","@id":"https:\/\/foresttravel.com\/es\/gestion-de-viajes-de-negocios\/#primaryimage","url":"https:\/\/foresttravel.com\/wp-content\/uploads\/2022\/07\/Telio_Smart_Traveling_Logo.png","contentUrl":"https:\/\/foresttravel.com\/wp-content\/uploads\/2022\/07\/Telio_Smart_Traveling_Logo.png"},{"@type":"BreadcrumbList","@id":"https:\/\/foresttravel.com\/es\/gestion-de-viajes-de-negocios\/#breadcrumb","itemListElement":[{"@type":"ListItem","position":1,"name":"Home","item":"https:\/\/foresttravel.com\/es\/agencia-de-viajes-de-lujo-agencia-de-viajes-forestales\/"},{"@type":"ListItem","position":2,"name":"Gesti\u00f3n de Viajes de Negocios"}]},{"@type":"WebSite","@id":"https:\/\/foresttravel.com\/es\/#website","url":"https:\/\/foresttravel.com\/es\/","name":"Forest Travel Agency","description":"Luxury Destinations and Exclusive Hotels","publisher":{"@id":"https:\/\/foresttravel.com\/es\/#organization"},"potentialAction":[{"@type":"SearchAction","target":{"@type":"EntryPoint","urlTemplate":"https:\/\/foresttravel.com\/es\/?s={search_term_string}"},"query-input":{"@type":"PropertyValueSpecification","valueRequired":true,"valueName":"search_term_string"}}],"inLanguage":"es"},{"@type":"Organization","@id":"https:\/\/foresttravel.com\/es\/#organization","name":"Forest Travel Agency","url":"https:\/\/foresttravel.com\/es\/","logo":{"@type":"ImageObject","inLanguage":"es","@id":"https:\/\/foresttravel.com\/es\/#\/schema\/logo\/image\/","url":"https:\/\/foresttravel.com\/wp-content\/uploads\/2022\/07\/FTA-Logo-Deep-Green.svg","contentUrl":"https:\/\/foresttravel.com\/wp-content\/uploads\/2022\/07\/FTA-Logo-Deep-Green.svg","width":300,"height":22,"caption":"Forest Travel Agency"},"image":{"@id":"https:\/\/foresttravel.com\/es\/#\/schema\/logo\/image\/"},"sameAs":["https:\/\/www.facebook.com\/ForestTravel\/","https:\/\/api.whatsapp.com\/send?phone=17867518773&context=ARCd49VgJg_opWh9UXxDOrqm3FKLLCTFoOgKpTviZ2515D4TBf2qObPktaoS8EV50fx8lzKQsfuW6Zg_VqyApp9TAyXBAJbxZUy2JXRh3DwkHNL0-XsbhN6ddqcMrSKQynneSdvEoSbLK38Br5jRHKE&source=FB_Page&app=facebook&entry_point=page","https:\/\/www.instagram.com\/foresttravelagency","https:\/\/www.tiktok.com\/@foresttravelagency","https:\/\/www.youtube.com\/@ForestTravelAgency1","https:\/\/www.linkedin.com\/company\/forest-travel"]}]}},"_links":{"self":[{"href":"https:\/\/foresttravel.com\/es\/wp-json\/wp\/v2\/pages\/48104","targetHints":{"allow":["GET"]}}],"collection":[{"href":"https:\/\/foresttravel.com\/es\/wp-json\/wp\/v2\/pages"}],"about":[{"href":"https:\/\/foresttravel.com\/es\/wp-json\/wp\/v2\/types\/page"}],"author":[{"embeddable":true,"href":"https:\/\/foresttravel.com\/es\/wp-json\/wp\/v2\/users\/24"}],"replies":[{"embeddable":true,"href":"https:\/\/foresttravel.com\/es\/wp-json\/wp\/v2\/comments?post=48104"}],"version-history":[{"count":0,"href":"https:\/\/foresttravel.com\/es\/wp-json\/wp\/v2\/pages\/48104\/revisions"}],"wp:attachment":[{"href":"https:\/\/foresttravel.com\/es\/wp-json\/wp\/v2\/media?parent=48104"}],"curies":[{"name":"wp","href":"https:\/\/api.w.org\/{rel}","templated":true}]}}