{"id":43904,"date":"2025-12-01T09:10:31","date_gmt":"2025-12-01T14:10:31","guid":{"rendered":"https:\/\/foresttravel.com\/angie-vasco\/"},"modified":"2026-02-04T08:37:42","modified_gmt":"2026-02-04T13:37:42","slug":"angie-vasco","status":"publish","type":"page","link":"https:\/\/foresttravel.com\/es\/angie-vasco\/","title":{"rendered":"Angie Vasco"},"content":{"rendered":"\t\t<div data-elementor-type=\"wp-page\" data-elementor-id=\"43904\" class=\"elementor elementor-43904 elementor-43123\" data-elementor-post-type=\"page\">\n\t\t\t\t<div class=\"elementor-element elementor-element-1763b08 e-flex e-con-boxed e-con e-parent\" data-id=\"1763b08\" data-element_type=\"container\" data-e-type=\"container\">\n\t\t\t\t\t<div class=\"e-con-inner\">\n\t\t\t\t<div class=\"elementor-element elementor-element-40a373f elementor-widget elementor-widget-image\" data-id=\"40a373f\" data-element_type=\"widget\" data-e-type=\"widget\" data-widget_type=\"image.default\">\n\t\t\t\t<div class=\"elementor-widget-container\">\n\t\t\t\t\t\t\t\t\t\t\t\t\t\t\t<img decoding=\"async\" width=\"180\" height=\"180\" src=\"https:\/\/foresttravel.com\/wp-content\/uploads\/2025\/12\/angie-vasco.jpg\" class=\"attachment-large size-large wp-image-43905\" alt=\"\" srcset=\"https:\/\/foresttravel.com\/wp-content\/uploads\/2025\/12\/angie-vasco.jpg 180w, https:\/\/foresttravel.com\/wp-content\/uploads\/2025\/12\/angie-vasco-150x150.jpg 150w\" sizes=\"(max-width: 180px) 100vw, 180px\" \/>\t\t\t\t\t\t\t\t\t\t\t\t\t\t\t<\/div>\n\t\t\t\t<\/div>\n\t\t\t\t<div class=\"elementor-element elementor-element-baed0fb elementor-widget elementor-widget-heading\" data-id=\"baed0fb\" data-element_type=\"widget\" data-e-type=\"widget\" data-widget_type=\"heading.default\">\n\t\t\t\t<div class=\"elementor-widget-container\">\n\t\t\t\t\t<h1 class=\"elementor-heading-title elementor-size-default\">Angie Vasco<\/h1>\t\t\t\t<\/div>\n\t\t\t\t<\/div>\n\t\t\t\t<div class=\"elementor-element elementor-element-05029be elementor-widget elementor-widget-text-editor\" data-id=\"05029be\" data-element_type=\"widget\" data-e-type=\"widget\" data-widget_type=\"text-editor.default\">\n\t\t\t\t<div class=\"elementor-widget-container\">\n\t\t\t\t\t\t\t\t\t<p><strong>Gestor de Viajes Corporativos<\/strong><\/p>\t\t\t\t\t\t\t\t<\/div>\n\t\t\t\t<\/div>\n\t\t\t\t<div class=\"elementor-element elementor-element-50eef46 e-grid-align-left elementor-shape-rounded elementor-grid-0 elementor-widget elementor-widget-social-icons\" data-id=\"50eef46\" data-element_type=\"widget\" data-e-type=\"widget\" data-widget_type=\"social-icons.default\">\n\t\t\t\t<div class=\"elementor-widget-container\">\n\t\t\t\t\t\t\t<div class=\"elementor-social-icons-wrapper elementor-grid\">\n\t\t\t\t\t\t\t<span class=\"elementor-grid-item\">\n\t\t\t\t\t<a class=\"elementor-icon elementor-social-icon elementor-social-icon-linkedin elementor-repeater-item-d28dbc3\" href=\"https:\/\/www.linkedin.com\/in\/angie-vasco-b05234b3\/\" target=\"_blank\">\n\t\t\t\t\t\t<span class=\"elementor-screen-only\">Linkedin<\/span>\n\t\t\t\t\t\t<svg aria-hidden=\"true\" class=\"e-font-icon-svg e-fab-linkedin\" viewBox=\"0 0 448 512\" xmlns=\"http:\/\/www.w3.org\/2000\/svg\"><path d=\"M416 32H31.9C14.3 32 0 46.5 0 64.3v383.4C0 465.5 14.3 480 31.9 480H416c17.6 0 32-14.5 32-32.3V64.3c0-17.8-14.4-32.3-32-32.3zM135.4 416H69V202.2h66.5V416zm-33.2-243c-21.3 0-38.5-17.3-38.5-38.5S80.9 96 102.2 96c21.2 0 38.5 17.3 38.5 38.5 0 21.3-17.2 38.5-38.5 38.5zm282.1 243h-66.4V312c0-24.8-.5-56.7-34.5-56.7-34.6 0-39.9 27-39.9 54.9V416h-66.4V202.2h63.7v29.2h.9c8.9-16.8 30.6-34.5 62.9-34.5 67.2 0 79.7 44.3 79.7 101.9V416z\"><\/path><\/svg>\t\t\t\t\t<\/a>\n\t\t\t\t<\/span>\n\t\t\t\t\t<\/div>\n\t\t\t\t\t\t<\/div>\n\t\t\t\t<\/div>\n\t\t\t\t<div class=\"elementor-element elementor-element-7354843 elementor-widget-divider--view-line elementor-widget elementor-widget-divider\" data-id=\"7354843\" data-element_type=\"widget\" data-e-type=\"widget\" data-widget_type=\"divider.default\">\n\t\t\t\t<div class=\"elementor-widget-container\">\n\t\t\t\t\t\t\t<div class=\"elementor-divider\">\n\t\t\t<span class=\"elementor-divider-separator\">\n\t\t\t\t\t\t<\/span>\n\t\t<\/div>\n\t\t\t\t\t\t<\/div>\n\t\t\t\t<\/div>\n\t\t\t\t\t<\/div>\n\t\t\t\t<\/div>\n\t\t<div class=\"elementor-element elementor-element-087f620 e-flex e-con-boxed e-con e-parent\" data-id=\"087f620\" data-element_type=\"container\" data-e-type=\"container\">\n\t\t\t\t\t<div class=\"e-con-inner\">\n\t\t<div class=\"elementor-element elementor-element-9f9ed1c e-con-full e-flex e-con e-child\" data-id=\"9f9ed1c\" data-element_type=\"container\" data-e-type=\"container\">\n\t\t\t\t<div class=\"elementor-element elementor-element-e295b9b elementor-widget elementor-widget-heading\" data-id=\"e295b9b\" data-element_type=\"widget\" data-e-type=\"widget\" data-widget_type=\"heading.default\">\n\t\t\t\t<div class=\"elementor-widget-container\">\n\t\t\t\t\t<h2 class=\"elementor-heading-title elementor-size-default\">Perfil profesional<\/h2>\t\t\t\t<\/div>\n\t\t\t\t<\/div>\n\t\t\t\t<div class=\"elementor-element elementor-element-7dbe49a elementor-widget elementor-widget-text-editor\" data-id=\"7dbe49a\" data-element_type=\"widget\" data-e-type=\"widget\" data-widget_type=\"text-editor.default\">\n\t\t\t\t<div class=\"elementor-widget-container\">\n\t\t\t\t\t\t\t\t\t<p>Con m\u00e1s de <strong>30 a\u00f1os de experiencia en la industria del turismo<\/strong>, Angie Vasco aporta una profunda experiencia y un conocimiento pr\u00e1ctico y experimentado de lo que se necesita para mover viajeros por el mundo de forma fluida y eficiente. Comenz\u00f3 su carrera en <strong>1994<\/strong> y ha trabajado en viajes de ocio, lujo y corporativos, lo que le ha dado una visi\u00f3n completa del sector y de las necesidades de diferentes tipos de viajeros. <\/p><p>Angie pas\u00f3 m\u00e1s de una d\u00e9cada en Forest Travel, donde se hizo conocida por su planificaci\u00f3n meticulosa, altos est\u00e1ndares de servicio y su capacidad para gestionar itinerarios complejos con facilidad. Hoy, como <strong>L\u00edder de Viajes Corporativos en Telios Travel<\/strong>, lidera nuestro equipo de soporte a agentes corporativos y contin\u00faa aplicando su amplio conocimiento para apoyar a organizaciones y a sus viajeros con un servicio fiable y personalizado. <\/p><p>Sus relaciones de larga duraci\u00f3n, atenci\u00f3n al detalle y compromiso con una atenci\u00f3n excepcional a los viajeros la han convertido en una profesional de confianza en el sector durante m\u00e1s de tres d\u00e9cadas.<\/p>\t\t\t\t\t\t\t\t<\/div>\n\t\t\t\t<\/div>\n\t\t\t\t<\/div>\n\t\t<div class=\"elementor-element elementor-element-a891967 e-con-full e-flex e-con e-child\" data-id=\"a891967\" data-element_type=\"container\" data-e-type=\"container\">\n\t\t\t\t<div class=\"elementor-element elementor-element-bab62e7 elementor-widget elementor-widget-heading\" data-id=\"bab62e7\" data-element_type=\"widget\" data-e-type=\"widget\" data-widget_type=\"heading.default\">\n\t\t\t\t<div class=\"elementor-widget-container\">\n\t\t\t\t\t<h2 class=\"elementor-heading-title elementor-size-default\">Educaci\u00f3n<\/h2>\t\t\t\t<\/div>\n\t\t\t\t<\/div>\n\t\t\t\t<div class=\"elementor-element elementor-element-3892d70 elementor-widget elementor-widget-text-editor\" data-id=\"3892d70\" data-element_type=\"widget\" data-e-type=\"widget\" data-widget_type=\"text-editor.default\">\n\t\t\t\t<div class=\"elementor-widget-container\">\n\t\t\t\t\t\t\t\t\t<ul><li>Gesti\u00f3n de Servicios de Turismo y Viajes en <a href=\"https:\/\/www.fnu.edu\/\">la Universidad Nacional de Florida<\/a><\/li><li>Licenciatura en hosteler\u00eda en <a href=\"https:\/\/www.fnu.edu\/\">la Universidad Nacional de Florida<\/a><\/li><\/ul>\t\t\t\t\t\t\t\t<\/div>\n\t\t\t\t<\/div>\n\t\t\t\t<div class=\"elementor-element elementor-element-3474b7f elementor-widget elementor-widget-heading\" data-id=\"3474b7f\" data-element_type=\"widget\" data-e-type=\"widget\" data-widget_type=\"heading.default\">\n\t\t\t\t<div class=\"elementor-widget-container\">\n\t\t\t\t\t<h2 class=\"elementor-heading-title elementor-size-default\">Experiencia laboral<\/h2>\t\t\t\t<\/div>\n\t\t\t\t<\/div>\n\t\t\t\t<div class=\"elementor-element elementor-element-f1469b2 elementor-widget elementor-widget-image-carousel\" data-id=\"f1469b2\" data-element_type=\"widget\" data-e-type=\"widget\" data-settings=\"{&quot;slides_to_show&quot;:&quot;2&quot;,&quot;navigation&quot;:&quot;none&quot;,&quot;image_spacing_custom&quot;:{&quot;unit&quot;:&quot;px&quot;,&quot;size&quot;:30,&quot;sizes&quot;:[]},&quot;autoplay&quot;:&quot;yes&quot;,&quot;pause_on_hover&quot;:&quot;yes&quot;,&quot;pause_on_interaction&quot;:&quot;yes&quot;,&quot;autoplay_speed&quot;:5000,&quot;infinite&quot;:&quot;yes&quot;,&quot;speed&quot;:500,&quot;image_spacing_custom_tablet&quot;:{&quot;unit&quot;:&quot;px&quot;,&quot;size&quot;:&quot;&quot;,&quot;sizes&quot;:[]},&quot;image_spacing_custom_mobile&quot;:{&quot;unit&quot;:&quot;px&quot;,&quot;size&quot;:&quot;&quot;,&quot;sizes&quot;:[]}}\" data-widget_type=\"image-carousel.default\">\n\t\t\t\t<div class=\"elementor-widget-container\">\n\t\t\t\t\t\t\t<div class=\"elementor-image-carousel-wrapper swiper\" role=\"region\" aria-roledescription=\"carousel\" aria-label=\"Image Carousel\" dir=\"ltr\">\n\t\t\t<div class=\"elementor-image-carousel swiper-wrapper\" aria-live=\"off\">\n\t\t\t\t\t\t\t\t<div class=\"swiper-slide\" role=\"group\" aria-roledescription=\"slide\" aria-label=\"1 de 2\"><figure class=\"swiper-slide-inner\"><img decoding=\"async\" class=\"swiper-slide-image\" src=\"https:\/\/foresttravel.com\/wp-content\/uploads\/2025\/12\/clubmed-300x162.jpg\" alt=\"Clubmed\" \/><\/figure><\/div><div class=\"swiper-slide\" role=\"group\" aria-roledescription=\"slide\" aria-label=\"2 de 2\"><figure class=\"swiper-slide-inner\"><img decoding=\"async\" class=\"swiper-slide-image\" src=\"https:\/\/foresttravel.com\/wp-content\/uploads\/2025\/12\/telios-travel-2-300x110.png\" alt=\"Telios Travel 2\" \/><\/figure><\/div>\t\t\t<\/div>\n\t\t\t\t\t\t\t\n\t\t\t\t\t\t\t\t\t<\/div>\n\t\t\t\t\t\t<\/div>\n\t\t\t\t<\/div>\n\t\t\t\t<\/div>\n\t\t\t\t\t<\/div>\n\t\t\t\t<\/div>\n\t\t\t\t<\/div>\n\t\t","protected":false},"excerpt":{"rendered":"<p>Angie Vasco Gestor de Viajes Corporativos Linkedin Perfil profesional Con m\u00e1s de 30 a\u00f1os de experiencia en la industria del turismo, Angie Vasco aporta una profunda experiencia y un conocimiento pr\u00e1ctico y experimentado de lo que se necesita para mover viajeros por el mundo de forma fluida y eficiente. Comenz\u00f3 su carrera en 1994 y [&hellip;]<\/p>\n","protected":false},"author":26,"featured_media":0,"parent":0,"menu_order":0,"comment_status":"closed","ping_status":"closed","template":"","meta":{"_joinchat":[],"footnotes":""},"class_list":["post-43904","page","type-page","status-publish","hentry"],"yoast_head":"<!-- This site is optimized with the Yoast SEO Premium plugin v27.2 (Yoast SEO v27.4) - https:\/\/yoast.com\/product\/yoast-seo-premium-wordpress\/ -->\n<title>Angie Vasco - Forest Travel Agency<\/title>\n<meta name=\"robots\" content=\"index, follow, max-snippet:-1, max-image-preview:large, max-video-preview:-1\" \/>\n<link rel=\"canonical\" href=\"https:\/\/foresttravel.com\/es\/angie-vasco\/\" \/>\n<meta property=\"og:locale\" content=\"es_ES\" \/>\n<meta property=\"og:type\" content=\"article\" \/>\n<meta property=\"og:title\" content=\"Angie Vasco\" \/>\n<meta property=\"og:description\" content=\"Angie Vasco Gestor de Viajes Corporativos Linkedin Perfil profesional Con m\u00e1s de 30 a\u00f1os de experiencia en la industria del turismo, Angie Vasco aporta una profunda experiencia y un conocimiento pr\u00e1ctico y experimentado de lo que se necesita para mover viajeros por el mundo de forma fluida y eficiente. Comenz\u00f3 su carrera en 1994 y [&hellip;]\" \/>\n<meta property=\"og:url\" content=\"https:\/\/foresttravel.com\/es\/angie-vasco\/\" \/>\n<meta property=\"og:site_name\" content=\"Forest Travel Agency\" \/>\n<meta property=\"article:publisher\" content=\"https:\/\/www.facebook.com\/ForestTravel\/\" \/>\n<meta property=\"article:modified_time\" content=\"2026-02-04T13:37:42+00:00\" \/>\n<meta property=\"og:image\" content=\"https:\/\/foresttravel.com\/wp-content\/uploads\/2025\/12\/angie-vasco.jpg\" \/>\n\t<meta property=\"og:image:width\" content=\"180\" \/>\n\t<meta property=\"og:image:height\" content=\"180\" \/>\n\t<meta property=\"og:image:type\" content=\"image\/jpeg\" \/>\n<meta name=\"twitter:card\" content=\"summary_large_image\" \/>\n<meta name=\"twitter:label1\" content=\"Tiempo de lectura\" \/>\n\t<meta name=\"twitter:data1\" content=\"1 minuto\" \/>\n<script type=\"application\/ld+json\" class=\"yoast-schema-graph\">{\"@context\":\"https:\\\/\\\/schema.org\",\"@graph\":[{\"@type\":\"WebPage\",\"@id\":\"https:\\\/\\\/foresttravel.com\\\/es\\\/angie-vasco\\\/\",\"url\":\"https:\\\/\\\/foresttravel.com\\\/es\\\/angie-vasco\\\/\",\"name\":\"Angie Vasco - Forest Travel Agency\",\"isPartOf\":{\"@id\":\"https:\\\/\\\/foresttravel.com\\\/es\\\/#website\"},\"primaryImageOfPage\":{\"@id\":\"https:\\\/\\\/foresttravel.com\\\/es\\\/angie-vasco\\\/#primaryimage\"},\"image\":{\"@id\":\"https:\\\/\\\/foresttravel.com\\\/es\\\/angie-vasco\\\/#primaryimage\"},\"thumbnailUrl\":\"https:\\\/\\\/foresttravel.com\\\/wp-content\\\/uploads\\\/2025\\\/12\\\/angie-vasco.jpg\",\"datePublished\":\"2025-12-01T14:10:31+00:00\",\"dateModified\":\"2026-02-04T13:37:42+00:00\",\"breadcrumb\":{\"@id\":\"https:\\\/\\\/foresttravel.com\\\/es\\\/angie-vasco\\\/#breadcrumb\"},\"inLanguage\":\"es\",\"potentialAction\":[{\"@type\":\"ReadAction\",\"target\":[\"https:\\\/\\\/foresttravel.com\\\/es\\\/angie-vasco\\\/\"]}]},{\"@type\":\"ImageObject\",\"inLanguage\":\"es\",\"@id\":\"https:\\\/\\\/foresttravel.com\\\/es\\\/angie-vasco\\\/#primaryimage\",\"url\":\"https:\\\/\\\/foresttravel.com\\\/wp-content\\\/uploads\\\/2025\\\/12\\\/angie-vasco.jpg\",\"contentUrl\":\"https:\\\/\\\/foresttravel.com\\\/wp-content\\\/uploads\\\/2025\\\/12\\\/angie-vasco.jpg\"},{\"@type\":\"BreadcrumbList\",\"@id\":\"https:\\\/\\\/foresttravel.com\\\/es\\\/angie-vasco\\\/#breadcrumb\",\"itemListElement\":[{\"@type\":\"ListItem\",\"position\":1,\"name\":\"Home\",\"item\":\"https:\\\/\\\/foresttravel.com\\\/es\\\/agencia-de-viajes-de-lujo-agencia-de-viajes-forestales\\\/\"},{\"@type\":\"ListItem\",\"position\":2,\"name\":\"Angie Vasco\"}]},{\"@type\":\"WebSite\",\"@id\":\"https:\\\/\\\/foresttravel.com\\\/es\\\/#website\",\"url\":\"https:\\\/\\\/foresttravel.com\\\/es\\\/\",\"name\":\"Forest Travel Agency\",\"description\":\"Luxury Destinations and Exclusive Hotels\",\"publisher\":{\"@id\":\"https:\\\/\\\/foresttravel.com\\\/es\\\/#organization\"},\"potentialAction\":[{\"@type\":\"SearchAction\",\"target\":{\"@type\":\"EntryPoint\",\"urlTemplate\":\"https:\\\/\\\/foresttravel.com\\\/es\\\/?s={search_term_string}\"},\"query-input\":{\"@type\":\"PropertyValueSpecification\",\"valueRequired\":true,\"valueName\":\"search_term_string\"}}],\"inLanguage\":\"es\"},{\"@type\":\"Organization\",\"@id\":\"https:\\\/\\\/foresttravel.com\\\/es\\\/#organization\",\"name\":\"Forest Travel Agency\",\"url\":\"https:\\\/\\\/foresttravel.com\\\/es\\\/\",\"logo\":{\"@type\":\"ImageObject\",\"inLanguage\":\"es\",\"@id\":\"https:\\\/\\\/foresttravel.com\\\/es\\\/#\\\/schema\\\/logo\\\/image\\\/\",\"url\":\"https:\\\/\\\/foresttravel.com\\\/wp-content\\\/uploads\\\/2022\\\/07\\\/FTA-Logo-Deep-Green.svg\",\"contentUrl\":\"https:\\\/\\\/foresttravel.com\\\/wp-content\\\/uploads\\\/2022\\\/07\\\/FTA-Logo-Deep-Green.svg\",\"width\":300,\"height\":22,\"caption\":\"Forest Travel Agency\"},\"image\":{\"@id\":\"https:\\\/\\\/foresttravel.com\\\/es\\\/#\\\/schema\\\/logo\\\/image\\\/\"},\"sameAs\":[\"https:\\\/\\\/www.facebook.com\\\/ForestTravel\\\/\",\"https:\\\/\\\/api.whatsapp.com\\\/send?phone=17867518773&context=ARCd49VgJg_opWh9UXxDOrqm3FKLLCTFoOgKpTviZ2515D4TBf2qObPktaoS8EV50fx8lzKQsfuW6Zg_VqyApp9TAyXBAJbxZUy2JXRh3DwkHNL0-XsbhN6ddqcMrSKQynneSdvEoSbLK38Br5jRHKE&source=FB_Page&app=facebook&entry_point=page\",\"https:\\\/\\\/www.instagram.com\\\/foresttravelagency\",\"https:\\\/\\\/www.tiktok.com\\\/@foresttravelagency\",\"https:\\\/\\\/www.youtube.com\\\/@ForestTravelAgency1\",\"https:\\\/\\\/www.linkedin.com\\\/company\\\/forest-travel\"]}]}<\/script>\n<!-- \/ Yoast SEO Premium plugin. -->","yoast_head_json":{"title":"Angie Vasco - Forest Travel Agency","robots":{"index":"index","follow":"follow","max-snippet":"max-snippet:-1","max-image-preview":"max-image-preview:large","max-video-preview":"max-video-preview:-1"},"canonical":"https:\/\/foresttravel.com\/es\/angie-vasco\/","og_locale":"es_ES","og_type":"article","og_title":"Angie Vasco","og_description":"Angie Vasco Gestor de Viajes Corporativos Linkedin Perfil profesional Con m\u00e1s de 30 a\u00f1os de experiencia en la industria del turismo, Angie Vasco aporta una profunda experiencia y un conocimiento pr\u00e1ctico y experimentado de lo que se necesita para mover viajeros por el mundo de forma fluida y eficiente. Comenz\u00f3 su carrera en 1994 y [&hellip;]","og_url":"https:\/\/foresttravel.com\/es\/angie-vasco\/","og_site_name":"Forest Travel Agency","article_publisher":"https:\/\/www.facebook.com\/ForestTravel\/","article_modified_time":"2026-02-04T13:37:42+00:00","og_image":[{"width":180,"height":180,"url":"https:\/\/foresttravel.com\/wp-content\/uploads\/2025\/12\/angie-vasco.jpg","type":"image\/jpeg"}],"twitter_card":"summary_large_image","twitter_misc":{"Tiempo de lectura":"1 minuto"},"schema":{"@context":"https:\/\/schema.org","@graph":[{"@type":"WebPage","@id":"https:\/\/foresttravel.com\/es\/angie-vasco\/","url":"https:\/\/foresttravel.com\/es\/angie-vasco\/","name":"Angie Vasco - Forest Travel Agency","isPartOf":{"@id":"https:\/\/foresttravel.com\/es\/#website"},"primaryImageOfPage":{"@id":"https:\/\/foresttravel.com\/es\/angie-vasco\/#primaryimage"},"image":{"@id":"https:\/\/foresttravel.com\/es\/angie-vasco\/#primaryimage"},"thumbnailUrl":"https:\/\/foresttravel.com\/wp-content\/uploads\/2025\/12\/angie-vasco.jpg","datePublished":"2025-12-01T14:10:31+00:00","dateModified":"2026-02-04T13:37:42+00:00","breadcrumb":{"@id":"https:\/\/foresttravel.com\/es\/angie-vasco\/#breadcrumb"},"inLanguage":"es","potentialAction":[{"@type":"ReadAction","target":["https:\/\/foresttravel.com\/es\/angie-vasco\/"]}]},{"@type":"ImageObject","inLanguage":"es","@id":"https:\/\/foresttravel.com\/es\/angie-vasco\/#primaryimage","url":"https:\/\/foresttravel.com\/wp-content\/uploads\/2025\/12\/angie-vasco.jpg","contentUrl":"https:\/\/foresttravel.com\/wp-content\/uploads\/2025\/12\/angie-vasco.jpg"},{"@type":"BreadcrumbList","@id":"https:\/\/foresttravel.com\/es\/angie-vasco\/#breadcrumb","itemListElement":[{"@type":"ListItem","position":1,"name":"Home","item":"https:\/\/foresttravel.com\/es\/agencia-de-viajes-de-lujo-agencia-de-viajes-forestales\/"},{"@type":"ListItem","position":2,"name":"Angie Vasco"}]},{"@type":"WebSite","@id":"https:\/\/foresttravel.com\/es\/#website","url":"https:\/\/foresttravel.com\/es\/","name":"Forest Travel Agency","description":"Luxury Destinations and Exclusive Hotels","publisher":{"@id":"https:\/\/foresttravel.com\/es\/#organization"},"potentialAction":[{"@type":"SearchAction","target":{"@type":"EntryPoint","urlTemplate":"https:\/\/foresttravel.com\/es\/?s={search_term_string}"},"query-input":{"@type":"PropertyValueSpecification","valueRequired":true,"valueName":"search_term_string"}}],"inLanguage":"es"},{"@type":"Organization","@id":"https:\/\/foresttravel.com\/es\/#organization","name":"Forest Travel Agency","url":"https:\/\/foresttravel.com\/es\/","logo":{"@type":"ImageObject","inLanguage":"es","@id":"https:\/\/foresttravel.com\/es\/#\/schema\/logo\/image\/","url":"https:\/\/foresttravel.com\/wp-content\/uploads\/2022\/07\/FTA-Logo-Deep-Green.svg","contentUrl":"https:\/\/foresttravel.com\/wp-content\/uploads\/2022\/07\/FTA-Logo-Deep-Green.svg","width":300,"height":22,"caption":"Forest Travel Agency"},"image":{"@id":"https:\/\/foresttravel.com\/es\/#\/schema\/logo\/image\/"},"sameAs":["https:\/\/www.facebook.com\/ForestTravel\/","https:\/\/api.whatsapp.com\/send?phone=17867518773&context=ARCd49VgJg_opWh9UXxDOrqm3FKLLCTFoOgKpTviZ2515D4TBf2qObPktaoS8EV50fx8lzKQsfuW6Zg_VqyApp9TAyXBAJbxZUy2JXRh3DwkHNL0-XsbhN6ddqcMrSKQynneSdvEoSbLK38Br5jRHKE&source=FB_Page&app=facebook&entry_point=page","https:\/\/www.instagram.com\/foresttravelagency","https:\/\/www.tiktok.com\/@foresttravelagency","https:\/\/www.youtube.com\/@ForestTravelAgency1","https:\/\/www.linkedin.com\/company\/forest-travel"]}]}},"_links":{"self":[{"href":"https:\/\/foresttravel.com\/es\/wp-json\/wp\/v2\/pages\/43904","targetHints":{"allow":["GET"]}}],"collection":[{"href":"https:\/\/foresttravel.com\/es\/wp-json\/wp\/v2\/pages"}],"about":[{"href":"https:\/\/foresttravel.com\/es\/wp-json\/wp\/v2\/types\/page"}],"author":[{"embeddable":true,"href":"https:\/\/foresttravel.com\/es\/wp-json\/wp\/v2\/users\/26"}],"replies":[{"embeddable":true,"href":"https:\/\/foresttravel.com\/es\/wp-json\/wp\/v2\/comments?post=43904"}],"version-history":[{"count":0,"href":"https:\/\/foresttravel.com\/es\/wp-json\/wp\/v2\/pages\/43904\/revisions"}],"wp:attachment":[{"href":"https:\/\/foresttravel.com\/es\/wp-json\/wp\/v2\/media?parent=43904"}],"curies":[{"name":"wp","href":"https:\/\/api.w.org\/{rel}","templated":true}]}}