{"id":43560,"date":"2023-03-30T20:52:00","date_gmt":"2023-03-31T00:52:00","guid":{"rendered":"https:\/\/foresttravel.com\/politica-de-privacidad\/"},"modified":"2026-01-16T12:24:32","modified_gmt":"2026-01-16T17:24:32","slug":"politica-de-privacidad","status":"publish","type":"page","link":"https:\/\/foresttravel.com\/es\/politica-de-privacidad\/","title":{"rendered":"Pol\u00edtica de privacidad"},"content":{"rendered":"\n<p>Esta pol\u00edtica de privacidad detalla c\u00f3mo Forest Travel Agency utiliza y protege cualquier informaci\u00f3n que <strong>foresttravel.com<\/strong> proporciones cuando utilizas este sitio web. Forest Travel Agency est\u00e1 comprometida a garantizar que tu privacidad est\u00e9 protegida. Si le pedimos que proporcione cierta informaci\u00f3n con la que pueda ser identificado al utilizar este sitio web, puede estar seguro de que solo se utilizar\u00e1 conforme a esta declaraci\u00f3n de privacidad. La Agencia de Viajes Forestales puede modificar esta pol\u00edtica de vez en cuando actualizando esta p\u00e1gina. Deber\u00edas consultar esta p\u00e1gina de vez en cuando para asegurarte de que est\u00e1s satisfecho con cualquier cambio. Esta pol\u00edtica se actualiz\u00f3 por \u00faltima vez el 30 de marzo de 2023.     <\/p>\n\n<p>Estamos comprometidos a comunicarnos contigo de manera profesional y a proteger tu informaci\u00f3n confidencial. Utilizamos la informaci\u00f3n que proporcionas (por ejemplo, nombre, direcci\u00f3n, n\u00famero de tel\u00e9fono, correo electr\u00f3nico, acuerdo para recibir boletines\/ofertas de ventas, etc.) para ponernos en contacto contigo y compartir informaci\u00f3n sobre nuestros (productos\/servicios). No compartiremos tu informaci\u00f3n con terceros fuera de nuestra organizaci\u00f3n, salvo cuando sea necesario para cumplir con tu solicitud. Esta empresa no vende, intercambia ni alquila tu informaci\u00f3n personal a terceros.   <\/p>\n\n<h3 class=\"wp-block-heading\">Lo que recogemos<\/h3>\n\n<p>Podemos recopilar la siguiente informaci\u00f3n:<\/p>\n\n<ul class=\"wp-block-list\">\n<li>Nombre<\/li>\n\n\n\n<li>Informaci\u00f3n de contacto, incluyendo direcci\u00f3n de correo electr\u00f3nico<\/li>\n\n\n\n<li>Informaci\u00f3n demogr\u00e1fica como pa\u00eds, c\u00f3digo postal, preferencias e intereses<\/li>\n\n\n\n<li>Tus interacciones dentro de nuestra web, como las p\u00e1ginas que visitaste o los enlaces en los que hiciste clic<\/li>\n\n\n\n<li>Otra informaci\u00f3n relevante para encuestas a clientes y\/o ofertas<\/li>\n<\/ul>\n\n<h3 class=\"wp-block-heading\">\u00bfQu\u00e9 hacemos con la informaci\u00f3n que recopilamos?<\/h3>\n\n<p>Necesitamos esta informaci\u00f3n para entender tus necesidades y ofrecerte un mejor servicio, y en particular por las siguientes razones:<\/p>\n\n<ul class=\"wp-block-list\">\n<li>Registro interno<\/li>\n\n\n\n<li>Podemos utilizar la informaci\u00f3n para mejorar nuestros productos y servicios<\/li>\n\n\n\n<li>Podemos enviar peri\u00f3dicamente correos electr\u00f3nicos promocionales sobre nuevos productos, ofertas especiales u otra informaci\u00f3n que creemos que pueda resultarte interesante usando la direcci\u00f3n de correo que has proporcionado. Si te suscribes a nuestro bolet\u00edn, puedes darte de baja en cualquier momento, ya sea usando el enlace de baja del bolet\u00edn o contact\u00e1ndonos a trav\u00e9s de la direcci\u00f3n de correo electr\u00f3nico que aparece en nuestra web <\/li>\n\n\n\n<li>De vez en cuando, tambi\u00e9n podemos utilizar tu informaci\u00f3n para contactarte con fines de investigaci\u00f3n de mercado. Podemos contactarle por correo electr\u00f3nico, tel\u00e9fono, fax o correo postal. Podemos utilizar la informaci\u00f3n para personalizar la web seg\u00fan sus intereses  <\/li>\n\n\n\n<li>Podemos utilizar la informaci\u00f3n para mostrarte anuncios en diferentes plataformas (especificado m\u00e1s abajo)<\/li>\n<\/ul>\n\n<p>Por favor, cont\u00e1ctanos para corregir o actualizar la informaci\u00f3n en cualquier momento. 305-830-0200.<\/p>\n\n<h3 class=\"wp-block-heading\">Seguridad<\/h3>\n\n<p>Estamos comprometidos a garantizar que tu informaci\u00f3n est\u00e9 segura. Para evitar accesos o divulgaciones no autorizadas, hemos implementado procedimientos f\u00edsicos, electr\u00f3nicos y de gesti\u00f3n adecuados para proteger y proteger la informaci\u00f3n que recopilamos en l\u00ednea. <\/p>\n\n<h3 class=\"wp-block-heading\">Registro y cookies<\/h3>\n\n<p>Cuando navegas por nuestra p\u00e1gina web, se recopila y almacena la siguiente informaci\u00f3n sobre tu visita: la direcci\u00f3n de Protocolo de Internet (IP) del ordenador (un n\u00famero asignado autom\u00e1ticamente a tu ordenador cuando accedes a Internet); la direcci\u00f3n web desde la que accediste a nuestro sitio (por ejemplo, www.google.com, si viniste haciendo clic en un enlace de una b\u00fasqueda de Google); la fecha y hora en que llegaste a nuestro sitio y cu\u00e1nto tiempo pasaste aqu\u00ed; el nombre y la versi\u00f3n del sistema operativo y navegador de tu ordenador Ejemplo: Windows 7\/Internet Explorer 8.0; Las p\u00e1ginas que visitaste.<\/p>\n\n<p>Tambi\u00e9n usamos \u00abcookies\u00bb en este sitio. Una cookie es un dato almacenado en el disco duro de un visitante para ayudarnos a determinar mejor el uso de nuestro sitio y las fuentes de tr\u00e1fico, mejorar el acceso a nuestro sitio e identificar visitantes recurrentes. Una vez que aceptas, el archivo se a\u00f1ade y la cookie ayuda a analizar el tr\u00e1fico web o te avisa cuando visitas un sitio en particular. Las cookies permiten que las aplicaciones web respondan a ti como individuo. La aplicaci\u00f3n web puede adaptar sus operaciones a tus necesidades, gustos y disgustos recopilando y recordando informaci\u00f3n sobre tus preferencias.    <\/p>\n\n<p>Si no est\u00e1s satisfecho con nuestro uso de cookies, deber\u00edas no usar este sitio, o deber\u00edas eliminar nuestras cookies una vez que hayas visitado el sitio, o deber\u00edas navegar por el sitio usando la configuraci\u00f3n de uso an\u00f3nimo de tu navegador (llamada \u00abIncognito\u00bb en Chrome, \u00abInPrivate\u00bb en Internet Explorer, \u00abPrivate Browsing\u00bb en Firefox y Safari,  etc.)<\/p>\n\n<p>Utilizamos cookies de registro de tr\u00e1fico para identificar qu\u00e9 p\u00e1ginas se est\u00e1n utilizando. Esto nos ayuda a analizar datos sobre el tr\u00e1fico de p\u00e1ginas web y mejorar nuestro sitio web para adaptarlo a las necesidades de los clientes. Solo usamos esta informaci\u00f3n para fines de an\u00e1lisis estad\u00edstico y luego los datos se eliminan del sistema.  <\/p>\n\n<p>En general, las cookies nos ayudan a ofrecerte un sitio web mejor al permitirnos controlar qu\u00e9 p\u00e1ginas te resultan \u00fatiles y cu\u00e1les no. Una cookie no nos da acceso a tu ordenador ni a ninguna informaci\u00f3n sobre ti, salvo los datos que decides compartir con nosotros. Puedes elegir aceptar o rechazar cookies. La mayor\u00eda de los navegadores web aceptan cookies autom\u00e1ticamente, pero normalmente puedes modificar la configuraci\u00f3n del navegador para rechazar cookies si lo prefieres. Esto puede impedirte aprovechar al m\u00e1ximo la web. Si no quieres recibir cookies, puedes modificar tu navegador para que te notifique cuando se env\u00edan cookies o puedes rechazar las cookies por completo. Tambi\u00e9n puedes eliminar cookies que ya est\u00e9n configuradas. Si deseas restringir o bloquear las cookies del navegador web que est\u00e1n configuradas en tu dispositivo, puedes hacerlo desde la configuraci\u00f3n del navegador; la funci\u00f3n de Ayuda dentro de tu navegador deber\u00eda indicarte c\u00f3mo.       <\/p>\n\n<h3 class=\"wp-block-heading\">Cookies en la web de la Agencia de Viajes Forestales<\/h3>\n\n<p><strong>Google Analytics:<\/strong> Utilizamos esto para entender c\u00f3mo se est\u00e1 utilizando el sitio de la Agencia de Viajes Forestales con el fin de mejorar la experiencia del usuario. Todos tus datos de usuario son an\u00f3nimos. Puedes obtener m\u00e1s informaci\u00f3n sobre la posici\u00f3n de Google respecto a la privacidad en relaci\u00f3n con su servicio de an\u00e1lisis <a href=\"http:\/\/www.google.co.uk\/intl\/en\/analytics\/privacyoverview.html\" target=\"_blank\" rel=\"noreferrer noopener\">aqu\u00ed<\/a>  <\/p>\n\n<p><strong>Google AdWords:<\/strong> Usando el c\u00f3digo de Google AdWords podemos ver qu\u00e9 p\u00e1ginas ayudaron a enviar los formularios de contacto. Esto nos permite aprovechar mejor nuestro presupuesto de b\u00fasqueda de pago. <\/p>\n\n<p><strong>Publicidad en Facebook:<\/strong> Utilizamos el seguimiento de conversiones y el retargeting de los p\u00edxeles de la publicidad en Facebook, lo que nos permite recopilar o recibir informaci\u00f3n de nuestra web y de otros lugares de internet, y utilizar esa informaci\u00f3n para ofrecer servicios de medici\u00f3n y publicidad segmentada.<\/p>\n\n<p><strong>Publicidad en LinkedIn:<\/strong> Utilizamos el seguimiento de conversiones y retargeting de la publicidad de LinkedIn, lo que nos permite recopilar o recibir informaci\u00f3n de nuestra web y de otros lugares de internet, y utilizar esa informaci\u00f3n para ofrecer servicios de medici\u00f3n y publicidad segmentada.<\/p>\n\n<p><strong>Publicidad en Twitter:<\/strong> Utilizamos el seguimiento de conversiones publicitarias en Twitter y el retargeting de p\u00edxeles, lo que nos permite recopilar o recibir informaci\u00f3n de nuestra web y de otros lugares de internet y utilizar esa informaci\u00f3n para ofrecer servicios de medici\u00f3n y publicidad segmentada.<\/p>\n\n<p><strong>Doble clic:<\/strong> Utilizamos c\u00f3digos de remarketing para registrar cuando los usuarios ven p\u00e1ginas espec\u00edficas, lo que nos permite ofrecer publicidad segmentada en el futuro.<\/p>\n\n<p><strong>Optimizador visual para sitios web:<\/strong> Nuestro optimizador de sitios web utiliza cookies para recordar la web que buscaste. Esto ayuda a generar los resultados deseados. <\/p>\n\n<p><strong>Marketo:<\/strong> Utilizamos la plataforma Marketo para enviar correos electr\u00f3nicos con nuestros boletines y otra informaci\u00f3n relevante a contactos previamente registrados.<\/p>\n\n<h3 class=\"wp-block-heading\">Otra informaci\u00f3n que recopilamos<\/h3>\n\n<p>Botones sociales: En muchas p\u00e1ginas de la web de la Agencia de Viajes del Bosque ver\u00e1s &#8216;botones sociales&#8217;. Estos permiten a los usuarios compartir o guardar p\u00e1ginas web en favoritos. Hay botones para: Twitter, Google +1, &#8216;Me gusta&#8217; de Facebook y LinkedIn &#8216;Compartir&#8217;. Para implementar estos botones y conectarlos a las redes sociales y sitios externos relevantes, existen scripts de dominios externos a foresttravel.com. Debes saber que estos sitios probablemente recopilan informaci\u00f3n sobre lo que haces por toda internet, incluso en el foresttravel.com sitio. As\u00ed que si haces clic en cualquiera de estos botones, estos sitios registrar\u00e1n esa acci\u00f3n y pueden usar esa informaci\u00f3n. En algunos casos, estos sitios registrar\u00e1n el hecho de que est\u00e1s visitando foresttravel.com y las p\u00e1ginas espec\u00edficas en las que est\u00e1s, incluso si no haces clic en el bot\u00f3n si est\u00e1s conectado a sus servicios, como Google y Facebook. Deber\u00edas consultar las pol\u00edticas respectivas de cada uno de estos sitios para ver exactamente c\u00f3mo utilizan tu informaci\u00f3n y c\u00f3mo optar por no o eliminar dicha informaci\u00f3n.       <\/p>\n\n<p><strong>Servicios web externos:<\/strong> Utilizamos varios servicios web externos en Forest Travel Agency, principalmente para mostrar contenido dentro de nuestras p\u00e1ginas web. Por ejemplo, para mostrar presentaciones a veces usamos SlideShare; para mostrar v\u00eddeos usamos YouTube y Vimeo. Esta no es una lista exhaustiva ni completa de los servicios que usamos o podr\u00edamos emplear en el futuro al incrustar contenido, pero estos son los m\u00e1s comunes. Al igual que con los botones sociales, no podemos impedir que estos sitios, ni dominios externos, recopilen informaci\u00f3n sobre el uso de este contenido incrustado. Si no est\u00e1s conectado a estos servicios externos, no sabr\u00e1n qui\u00e9n eres, pero probablemente recopilar\u00e1n informaci\u00f3n an\u00f3nima sobre el uso, por ejemplo, el n\u00famero de visualizaciones, reproducciones, cargas, etc.    <\/p>\n\n<p><strong>Seguimiento de correos electr\u00f3nicos:<\/strong> Algunos correos electr\u00f3nicos a los que te enviamos no tienen ning\u00fan seguimiento, por ejemplo, correspondencia personal o correos electr\u00f3nicos con facturas adjuntas. Otros correos que enviamos tienen seguimiento para saber cu\u00e1nto tr\u00e1fico env\u00edan a nuestro sitio y podemos rastrear, a nivel individual, si el usuario ha abierto y hecho clic en el correo. Rara vez usamos esta \u00faltima informaci\u00f3n a nivel personal, sino que la usamos para entender la tasa de apertura y clics de nuestros correos electr\u00f3nicos para intentar mejorarlos. A veces s\u00ed usamos informaci\u00f3n personal, por ejemplo, para volver a enviar correos a personas que no hicieron clic la primera vez. Si quieres asegurarte de que no se rastree ninguna actividad de tu correo electr\u00f3nico, deber\u00edas darte de baja del bolet\u00edn de la Agencia de Viajes de Forest haciendo clic en el enlace \u00abcancelar suscripci\u00f3n\u00bb o \u00abcambiar preferencias\u00bb en cualquiera de los correos que hayas recibido.    <\/p>\n\n<h3 class=\"wp-block-heading\">Enlaces<\/h3>\n\n<p>Este sitio web puede contener enlaces a otros sitios. Por favor, ten en cuenta que no nos hacemos responsables del contenido ni de las pr\u00e1cticas de privacidad de otros sitios. <\/p>\n\n<h3 class=\"wp-block-heading\">Derechos de autor<\/h3>\n\n<p>Contenido \u00a9 completo Agencia de Viajes Forestales 2023. Todos los derechos reservados. <\/p>\n","protected":false},"excerpt":{"rendered":"<p>Esta pol\u00edtica de privacidad detalla c\u00f3mo Forest Travel Agency utiliza y protege cualquier informaci\u00f3n que foresttravel.com proporciones cuando utilizas este sitio web. Forest Travel Agency est\u00e1 comprometida a garantizar que tu privacidad est\u00e9 protegida. Si le pedimos que proporcione cierta informaci\u00f3n con la que pueda ser identificado al utilizar este sitio web, puede estar seguro [&hellip;]<\/p>\n","protected":false},"author":16,"featured_media":0,"parent":0,"menu_order":0,"comment_status":"closed","ping_status":"closed","template":"","meta":{"_joinchat":[],"footnotes":""},"class_list":["post-43560","page","type-page","status-publish","hentry"],"yoast_head":"<!-- This site is optimized with the Yoast SEO Premium plugin v27.2 (Yoast SEO v27.3) - https:\/\/yoast.com\/product\/yoast-seo-premium-wordpress\/ -->\n<title>Pol\u00edtica de privacidad - Forest Travel Agency<\/title>\n<meta name=\"robots\" content=\"index, follow, max-snippet:-1, max-image-preview:large, max-video-preview:-1\" \/>\n<link rel=\"canonical\" href=\"https:\/\/foresttravel.com\/es\/politica-de-privacidad\/\" \/>\n<meta property=\"og:locale\" content=\"es_ES\" \/>\n<meta property=\"og:type\" content=\"article\" \/>\n<meta property=\"og:title\" content=\"Pol\u00edtica de privacidad\" \/>\n<meta property=\"og:description\" content=\"Esta pol\u00edtica de privacidad detalla c\u00f3mo Forest Travel Agency utiliza y protege cualquier informaci\u00f3n que foresttravel.com proporciones cuando utilizas este sitio web. Forest Travel Agency est\u00e1 comprometida a garantizar que tu privacidad est\u00e9 protegida. Si le pedimos que proporcione cierta informaci\u00f3n con la que pueda ser identificado al utilizar este sitio web, puede estar seguro [&hellip;]\" \/>\n<meta property=\"og:url\" content=\"https:\/\/foresttravel.com\/es\/politica-de-privacidad\/\" \/>\n<meta property=\"og:site_name\" content=\"Forest Travel Agency\" \/>\n<meta property=\"article:publisher\" content=\"https:\/\/www.facebook.com\/ForestTravel\/\" \/>\n<meta property=\"article:modified_time\" content=\"2026-01-16T17:24:32+00:00\" \/>\n<meta name=\"twitter:card\" content=\"summary_large_image\" \/>\n<meta name=\"twitter:label1\" content=\"Tiempo de lectura\" \/>\n\t<meta name=\"twitter:data1\" content=\"9 minutos\" \/>\n<script type=\"application\/ld+json\" class=\"yoast-schema-graph\">{\"@context\":\"https:\\\/\\\/schema.org\",\"@graph\":[{\"@type\":\"WebPage\",\"@id\":\"https:\\\/\\\/foresttravel.com\\\/es\\\/politica-de-privacidad\\\/\",\"url\":\"https:\\\/\\\/foresttravel.com\\\/es\\\/politica-de-privacidad\\\/\",\"name\":\"Pol\u00edtica de privacidad - Forest Travel Agency\",\"isPartOf\":{\"@id\":\"https:\\\/\\\/foresttravel.com\\\/es\\\/#website\"},\"datePublished\":\"2023-03-31T00:52:00+00:00\",\"dateModified\":\"2026-01-16T17:24:32+00:00\",\"breadcrumb\":{\"@id\":\"https:\\\/\\\/foresttravel.com\\\/es\\\/politica-de-privacidad\\\/#breadcrumb\"},\"inLanguage\":\"es\",\"potentialAction\":[{\"@type\":\"ReadAction\",\"target\":[\"https:\\\/\\\/foresttravel.com\\\/es\\\/politica-de-privacidad\\\/\"]}]},{\"@type\":\"BreadcrumbList\",\"@id\":\"https:\\\/\\\/foresttravel.com\\\/es\\\/politica-de-privacidad\\\/#breadcrumb\",\"itemListElement\":[{\"@type\":\"ListItem\",\"position\":1,\"name\":\"Home\",\"item\":\"https:\\\/\\\/foresttravel.com\\\/es\\\/agencia-de-viajes-de-lujo-agencia-de-viajes-forestales\\\/\"},{\"@type\":\"ListItem\",\"position\":2,\"name\":\"Pol\u00edtica de privacidad\"}]},{\"@type\":\"WebSite\",\"@id\":\"https:\\\/\\\/foresttravel.com\\\/es\\\/#website\",\"url\":\"https:\\\/\\\/foresttravel.com\\\/es\\\/\",\"name\":\"Forest Travel Agency\",\"description\":\"Luxury Destinations and Exclusive Hotels\",\"publisher\":{\"@id\":\"https:\\\/\\\/foresttravel.com\\\/es\\\/#organization\"},\"potentialAction\":[{\"@type\":\"SearchAction\",\"target\":{\"@type\":\"EntryPoint\",\"urlTemplate\":\"https:\\\/\\\/foresttravel.com\\\/es\\\/?s={search_term_string}\"},\"query-input\":{\"@type\":\"PropertyValueSpecification\",\"valueRequired\":true,\"valueName\":\"search_term_string\"}}],\"inLanguage\":\"es\"},{\"@type\":\"Organization\",\"@id\":\"https:\\\/\\\/foresttravel.com\\\/es\\\/#organization\",\"name\":\"Forest Travel Agency\",\"url\":\"https:\\\/\\\/foresttravel.com\\\/es\\\/\",\"logo\":{\"@type\":\"ImageObject\",\"inLanguage\":\"es\",\"@id\":\"https:\\\/\\\/foresttravel.com\\\/es\\\/#\\\/schema\\\/logo\\\/image\\\/\",\"url\":\"https:\\\/\\\/foresttravel.com\\\/wp-content\\\/uploads\\\/2022\\\/07\\\/FTA-Logo-Deep-Green.svg\",\"contentUrl\":\"https:\\\/\\\/foresttravel.com\\\/wp-content\\\/uploads\\\/2022\\\/07\\\/FTA-Logo-Deep-Green.svg\",\"width\":300,\"height\":22,\"caption\":\"Forest Travel Agency\"},\"image\":{\"@id\":\"https:\\\/\\\/foresttravel.com\\\/es\\\/#\\\/schema\\\/logo\\\/image\\\/\"},\"sameAs\":[\"https:\\\/\\\/www.facebook.com\\\/ForestTravel\\\/\",\"https:\\\/\\\/api.whatsapp.com\\\/send?phone=17867518773&context=ARCd49VgJg_opWh9UXxDOrqm3FKLLCTFoOgKpTviZ2515D4TBf2qObPktaoS8EV50fx8lzKQsfuW6Zg_VqyApp9TAyXBAJbxZUy2JXRh3DwkHNL0-XsbhN6ddqcMrSKQynneSdvEoSbLK38Br5jRHKE&source=FB_Page&app=facebook&entry_point=page\",\"https:\\\/\\\/www.instagram.com\\\/foresttravelagency\",\"https:\\\/\\\/www.tiktok.com\\\/@foresttravelagency\",\"https:\\\/\\\/www.youtube.com\\\/@ForestTravelAgency1\",\"https:\\\/\\\/www.linkedin.com\\\/company\\\/forest-travel\"]}]}<\/script>\n<!-- \/ Yoast SEO Premium plugin. -->","yoast_head_json":{"title":"Pol\u00edtica de privacidad - Forest Travel Agency","robots":{"index":"index","follow":"follow","max-snippet":"max-snippet:-1","max-image-preview":"max-image-preview:large","max-video-preview":"max-video-preview:-1"},"canonical":"https:\/\/foresttravel.com\/es\/politica-de-privacidad\/","og_locale":"es_ES","og_type":"article","og_title":"Pol\u00edtica de privacidad","og_description":"Esta pol\u00edtica de privacidad detalla c\u00f3mo Forest Travel Agency utiliza y protege cualquier informaci\u00f3n que foresttravel.com proporciones cuando utilizas este sitio web. Forest Travel Agency est\u00e1 comprometida a garantizar que tu privacidad est\u00e9 protegida. Si le pedimos que proporcione cierta informaci\u00f3n con la que pueda ser identificado al utilizar este sitio web, puede estar seguro [&hellip;]","og_url":"https:\/\/foresttravel.com\/es\/politica-de-privacidad\/","og_site_name":"Forest Travel Agency","article_publisher":"https:\/\/www.facebook.com\/ForestTravel\/","article_modified_time":"2026-01-16T17:24:32+00:00","twitter_card":"summary_large_image","twitter_misc":{"Tiempo de lectura":"9 minutos"},"schema":{"@context":"https:\/\/schema.org","@graph":[{"@type":"WebPage","@id":"https:\/\/foresttravel.com\/es\/politica-de-privacidad\/","url":"https:\/\/foresttravel.com\/es\/politica-de-privacidad\/","name":"Pol\u00edtica de privacidad - Forest Travel Agency","isPartOf":{"@id":"https:\/\/foresttravel.com\/es\/#website"},"datePublished":"2023-03-31T00:52:00+00:00","dateModified":"2026-01-16T17:24:32+00:00","breadcrumb":{"@id":"https:\/\/foresttravel.com\/es\/politica-de-privacidad\/#breadcrumb"},"inLanguage":"es","potentialAction":[{"@type":"ReadAction","target":["https:\/\/foresttravel.com\/es\/politica-de-privacidad\/"]}]},{"@type":"BreadcrumbList","@id":"https:\/\/foresttravel.com\/es\/politica-de-privacidad\/#breadcrumb","itemListElement":[{"@type":"ListItem","position":1,"name":"Home","item":"https:\/\/foresttravel.com\/es\/agencia-de-viajes-de-lujo-agencia-de-viajes-forestales\/"},{"@type":"ListItem","position":2,"name":"Pol\u00edtica de privacidad"}]},{"@type":"WebSite","@id":"https:\/\/foresttravel.com\/es\/#website","url":"https:\/\/foresttravel.com\/es\/","name":"Forest Travel Agency","description":"Luxury Destinations and Exclusive Hotels","publisher":{"@id":"https:\/\/foresttravel.com\/es\/#organization"},"potentialAction":[{"@type":"SearchAction","target":{"@type":"EntryPoint","urlTemplate":"https:\/\/foresttravel.com\/es\/?s={search_term_string}"},"query-input":{"@type":"PropertyValueSpecification","valueRequired":true,"valueName":"search_term_string"}}],"inLanguage":"es"},{"@type":"Organization","@id":"https:\/\/foresttravel.com\/es\/#organization","name":"Forest Travel Agency","url":"https:\/\/foresttravel.com\/es\/","logo":{"@type":"ImageObject","inLanguage":"es","@id":"https:\/\/foresttravel.com\/es\/#\/schema\/logo\/image\/","url":"https:\/\/foresttravel.com\/wp-content\/uploads\/2022\/07\/FTA-Logo-Deep-Green.svg","contentUrl":"https:\/\/foresttravel.com\/wp-content\/uploads\/2022\/07\/FTA-Logo-Deep-Green.svg","width":300,"height":22,"caption":"Forest Travel Agency"},"image":{"@id":"https:\/\/foresttravel.com\/es\/#\/schema\/logo\/image\/"},"sameAs":["https:\/\/www.facebook.com\/ForestTravel\/","https:\/\/api.whatsapp.com\/send?phone=17867518773&context=ARCd49VgJg_opWh9UXxDOrqm3FKLLCTFoOgKpTviZ2515D4TBf2qObPktaoS8EV50fx8lzKQsfuW6Zg_VqyApp9TAyXBAJbxZUy2JXRh3DwkHNL0-XsbhN6ddqcMrSKQynneSdvEoSbLK38Br5jRHKE&source=FB_Page&app=facebook&entry_point=page","https:\/\/www.instagram.com\/foresttravelagency","https:\/\/www.tiktok.com\/@foresttravelagency","https:\/\/www.youtube.com\/@ForestTravelAgency1","https:\/\/www.linkedin.com\/company\/forest-travel"]}]}},"_links":{"self":[{"href":"https:\/\/foresttravel.com\/es\/wp-json\/wp\/v2\/pages\/43560","targetHints":{"allow":["GET"]}}],"collection":[{"href":"https:\/\/foresttravel.com\/es\/wp-json\/wp\/v2\/pages"}],"about":[{"href":"https:\/\/foresttravel.com\/es\/wp-json\/wp\/v2\/types\/page"}],"author":[{"embeddable":true,"href":"https:\/\/foresttravel.com\/es\/wp-json\/wp\/v2\/users\/16"}],"replies":[{"embeddable":true,"href":"https:\/\/foresttravel.com\/es\/wp-json\/wp\/v2\/comments?post=43560"}],"version-history":[{"count":0,"href":"https:\/\/foresttravel.com\/es\/wp-json\/wp\/v2\/pages\/43560\/revisions"}],"wp:attachment":[{"href":"https:\/\/foresttravel.com\/es\/wp-json\/wp\/v2\/media?parent=43560"}],"curies":[{"name":"wp","href":"https:\/\/api.w.org\/{rel}","templated":true}]}}