{"id":43536,"date":"2024-03-05T12:43:35","date_gmt":"2024-03-05T17:43:35","guid":{"rendered":"https:\/\/foresttravel.com\/terminos-y-condiciones\/"},"modified":"2026-02-04T08:18:50","modified_gmt":"2026-02-04T13:18:50","slug":"terminos-y-condiciones","status":"publish","type":"page","link":"https:\/\/foresttravel.com\/es\/terminos-y-condiciones\/","title":{"rendered":"T\u00e9rminos y Condiciones"},"content":{"rendered":"\t\t<div data-elementor-type=\"wp-page\" data-elementor-id=\"43536\" class=\"elementor elementor-43536 elementor-26361\" data-elementor-post-type=\"page\">\n\t\t\t\t<div class=\"elementor-element elementor-element-df7c7f0 e-flex e-con-boxed e-con e-parent\" data-id=\"df7c7f0\" data-element_type=\"container\" data-e-type=\"container\">\n\t\t\t\t\t<div class=\"e-con-inner\">\n\t\t\t\t<div class=\"elementor-element elementor-element-bd22a17 elementor-widget elementor-widget-heading\" data-id=\"bd22a17\" data-element_type=\"widget\" data-e-type=\"widget\" data-widget_type=\"heading.default\">\n\t\t\t\t<div class=\"elementor-widget-container\">\n\t\t\t\t\t<h2 class=\"elementor-heading-title elementor-size-default\">Promoci\u00f3n online de Forest Travel febrero 2025<\/h2>\t\t\t\t<\/div>\n\t\t\t\t<\/div>\n\t\t\t\t\t<\/div>\n\t\t\t\t<\/div>\n\t\t<div class=\"elementor-element elementor-element-463ca61 e-flex e-con-boxed e-con e-parent\" data-id=\"463ca61\" data-element_type=\"container\" data-e-type=\"container\">\n\t\t\t\t\t<div class=\"e-con-inner\">\n\t\t\t\t<div class=\"elementor-element elementor-element-09eafc4 elementor-widget elementor-widget-text-editor\" data-id=\"09eafc4\" data-element_type=\"widget\" data-e-type=\"widget\" data-widget_type=\"text-editor.default\">\n\t\t\t\t<div class=\"elementor-widget-container\">\n\t\t\t\t\t\t\t\t\t<p><strong>T\u00e9rminos y Condiciones para la promoci\u00f3n \u00abEntradas Complementarias 2025\u00bb<\/strong><\/p><ol><li><strong>Elegibilidad:<\/strong> Esta promoci\u00f3n est\u00e1 disponible exclusivamente para nuevos clientes que tengan al menos 21 a\u00f1os y sean residentes en Estados Unidos. Los participantes deben reservar un viaje valorado en un m\u00ednimo de 5.000 USD por persona para poder elegir. <\/li><li><strong>Duraci\u00f3n del ascenso:<\/strong> La promoci\u00f3n comienza el 1 de febrero de 2025 y concluye el 29 de febrero de 2025. Cualquier env\u00edo o dep\u00f3sito realizado fuera de este plazo no ser\u00e1 elegible para participar. <\/li><li><strong>Requisitos de participaci\u00f3n:<\/strong> Para ser elegibles para los billetes gratuitos, los participantes deben completar el formulario de consulta de viaje designado y pagar un dep\u00f3sito por su viaje durante el periodo promocional. La presentaci\u00f3n del formulario no garantiza la elegibilidad. <\/li><li><strong>Detalles de la oferta:<\/strong> Un ganador ser\u00e1 seleccionado para recibir dos billetes de cortes\u00eda en clase est\u00e1ndar (no ejecutivo) para vuelos nacionales dentro de Estados Unidos.<\/li><li><strong>Proceso de redenci\u00f3n:<\/strong> Para canjear los billetes de cortes\u00eda, el ganador debe contactar con su asesor de viajes asignado para programar su viaje. Los billetes solo pueden canjearse junto con una reserva de hotel realizada a trav\u00e9s de Forest Travel; no pueden utilizarse para viajes independientes. <\/li><li><strong>No transferibilidad:<\/strong> Los billetes de cortes\u00eda son estrictamente no transferibles y no pueden venderse, asignarse ni transferirse de ninguna otra forma a ninguna otra persona o entidad.<\/li><li><strong>Restricciones de uso:<\/strong> Los billetes son v\u00e1lidos solo para viajar dentro de los Estados Unidos continentales, excluyendo Haw\u00e1i. Las entradas gratuitas deben usarse entre el 1 de agosto de 2025 y el 31 de octubre de 2025. No utilizar los tickets dentro del plazo especificado resultar\u00e1 en la p\u00e9rdida de la moneda.  <\/li><li><strong>Pol\u00edtica de cancelaci\u00f3n y reembolso:<\/strong> Los billetes de cortes\u00eda no son reembolsables y no pueden cambiarse por dinero en efectivo ni por ning\u00fan otro servicio. En caso de cancelaci\u00f3n del viaje, el ganador perder\u00e1 su derecho a los billetes de cortes\u00eda. <\/li><li><strong>Renuncia a la responsabilidad:<\/strong> Forest Travel renuncia a toda responsabilidad por cualquier billete perdido, robado o no utilizado. Los participantes reconocen y acuerdan que asumen todos los riesgos asociados al viaje y que Forest Travel no ser\u00e1 responsable de ning\u00fan da\u00f1o, p\u00e9rdida o lesi\u00f3n derivada de la participaci\u00f3n en esta promoci\u00f3n. <\/li><li><strong>Ley aplicable:<\/strong> Estos t\u00e9rminos y condiciones se regir\u00e1n e interpretar\u00e1n de acuerdo con las leyes del Estado en el que est\u00e9 incorporado Forest Travel. Los participantes aceptan someterse a la jurisdicci\u00f3n exclusiva de los tribunales ubicados en ese Estado para la resoluci\u00f3n de cualquier disputa que surja bajo estos t\u00e9rminos. <\/li><li><strong>Informaci\u00f3n de contacto:<\/strong> Para consultas sobre esta promoci\u00f3n, por favor contacte con Forest Travel en marketing@foresttravel.com.<br>Al participar en esta promoci\u00f3n, los participantes reconocen que han le\u00eddo, entendido y aceptan estar obligados por estos t\u00e9rminos y condiciones.<\/li><\/ol>\t\t\t\t\t\t\t\t<\/div>\n\t\t\t\t<\/div>\n\t\t\t\t\t<\/div>\n\t\t\t\t<\/div>\n\t\t<div class=\"elementor-element elementor-element-a12bca9 e-flex e-con-boxed e-con e-parent\" data-id=\"a12bca9\" data-element_type=\"container\" data-e-type=\"container\">\n\t\t\t\t\t<div class=\"e-con-inner\">\n\t\t\t\t<div class=\"elementor-element elementor-element-be0d48d elementor-widget elementor-widget-heading\" data-id=\"be0d48d\" data-element_type=\"widget\" data-e-type=\"widget\" data-widget_type=\"heading.default\">\n\t\t\t\t<div class=\"elementor-widget-container\">\n\t\t\t\t\t<h2 class=\"elementor-heading-title elementor-size-default\">Programa de <b data-stringify-type=\"bold\">Cliente \"Recomendar a un Amigo<\/b> \" de Forest Travel 2025<\/h2>\t\t\t\t<\/div>\n\t\t\t\t<\/div>\n\t\t\t\t\t<\/div>\n\t\t\t\t<\/div>\n\t\t<div class=\"elementor-element elementor-element-f75c261 e-flex e-con-boxed e-con e-parent\" data-id=\"f75c261\" data-element_type=\"container\" data-e-type=\"container\">\n\t\t\t\t\t<div class=\"e-con-inner\">\n\t\t\t\t<div class=\"elementor-element elementor-element-9e794a8 elementor-widget elementor-widget-text-editor\" data-id=\"9e794a8\" data-element_type=\"widget\" data-e-type=\"widget\" data-widget_type=\"text-editor.default\">\n\t\t\t\t<div class=\"elementor-widget-container\">\n\t\t\t\t\t\t\t\t\t<div class=\"p-rich_text_section\"><b data-stringify-type=\"bold\">T\u00e9rminos y condiciones para la promoci\u00f3n \u00abRecomendar a un amigo\u00bb<\/b><\/div><ol><li class=\"p-rich_text_section\"><b data-stringify-type=\"bold\">Elegibilidad:<\/b> Esta promoci\u00f3n est\u00e1 abierta a clientes existentes de Forest Travel que refieran nuevos clientes. El cliente derivado debe tener al menos 21 a\u00f1os y residir en Estados Unidos. <\/li><\/ol><ol class=\"p-rich_text_list p-rich_text_list__ordered p-rich_text_list--nested\" data-stringify-type=\"ordered-list\" data-list-tree=\"true\" data-indent=\"0\" data-border=\"0\"><li data-stringify-indent=\"0\" data-stringify-border=\"0\"><strong>Duraci\u00f3n del ascenso:<\/strong> Esta promoci\u00f3n es v\u00e1lida para reservas realizadas desde febrero de 2025 hasta el 13 de diciembre de 2025. Las referencias o reservas realizadas fuera de este plazo no calificar\u00e1n. <\/li><li data-stringify-indent=\"0\" data-stringify-border=\"0\"><b data-stringify-type=\"bold\">Requisitos de derivaci\u00f3n:<\/b> Para calificar, el cliente recomendado debe reservar y pagar un viaje con un valor m\u00ednimo de <b data-stringify-type=\"bold\">5.000 USD por persona<\/b>. El referente debe ser un cliente de Forest Travel ya existente en el momento de la derivaci\u00f3n. <\/li><li data-stringify-indent=\"0\" data-stringify-border=\"0\"><b data-stringify-type=\"bold\">Detalles de la recompensa:<\/b> Por cada referencia exitosa, tanto el referente como el cliente referido recibir\u00e1n un <b data-stringify-type=\"bold\">cr\u00e9dito de viaje de 250 USD<\/b>. Un referente puede obtener varios cr\u00e9ditos, hasta un total m\u00e1ximo de <b data-stringify-type=\"bold\">5.000 USD<\/b>. <\/li><li data-stringify-indent=\"0\" data-stringify-border=\"0\"><strong>Proceso de redenci\u00f3n:<\/strong> Puedes usar tu cr\u00e9dito de viaje para cualquier futura reserva con Forest Travel. Por favor, aseg\u00farate de usarlo en un plazo de tres meses tras finalizar la campa\u00f1a en diciembre de 2025. El cr\u00e9dito no es transferible y no puede cambiarse por efectivo.  <\/li><li data-stringify-indent=\"0\" data-stringify-border=\"0\"><b data-stringify-type=\"bold\">Limitaciones:<\/b> El cr\u00e9dito de viaje solo se aplica a nuevas reservas y no puede combinarse con otras promociones ni aplicarse retroactivamente.<\/li><li data-stringify-indent=\"0\" data-stringify-border=\"0\"><b data-stringify-type=\"bold\">Renuncia a la responsabilidad:<\/b> Forest Travel no se hace responsable de ning\u00fan cr\u00e9dito perdido, robado o caducado. Los arreglos de viaje est\u00e1n sujetos a disponibilidad. <\/li><li data-stringify-indent=\"0\" data-stringify-border=\"0\"><b data-stringify-type=\"bold\">Ley aplicable:<\/b> Estos t\u00e9rminos y condiciones se rigen por las leyes del estado en el que est\u00e1 incorporado Forest Travel.<\/li><li data-stringify-indent=\"0\" data-stringify-border=\"0\"><b data-stringify-type=\"bold\">Informaci\u00f3n de contacto:<\/b> Para consultas relacionadas con esta promoci\u00f3n, por favor contacte con Forest Travel en <b data-stringify-type=\"bold\"><a class=\"c-link\" href=\"mailto:marketing@foresttravel.com\" target=\"_blank\" rel=\"noopener noreferrer\" data-stringify-link=\"mailto:marketing@foresttravel.com\" data-sk=\"tooltip_parent\" aria-haspopup=\"menu\">marketing@foresttravel.com<\/a><\/b>.<\/li><\/ol><div class=\"p-rich_text_section\">Al participar en esta promoci\u00f3n, los participantes reconocen que han le\u00eddo, entendido y aceptado estos t\u00e9rminos y condiciones.<\/div>\t\t\t\t\t\t\t\t<\/div>\n\t\t\t\t<\/div>\n\t\t\t\t\t<\/div>\n\t\t\t\t<\/div>\n\t\t<div class=\"elementor-element elementor-element-3f44194 e-flex e-con-boxed e-con e-parent\" data-id=\"3f44194\" data-element_type=\"container\" data-e-type=\"container\">\n\t\t\t\t\t<div class=\"e-con-inner\">\n\t\t\t\t<div class=\"elementor-element elementor-element-d167183 elementor-widget elementor-widget-heading\" data-id=\"d167183\" data-element_type=\"widget\" data-e-type=\"widget\" data-widget_type=\"heading.default\">\n\t\t\t\t<div class=\"elementor-widget-container\">\n\t\t\t\t\t<h2 class=\"elementor-heading-title elementor-size-default\">Oferta de bienvenida para nuevos clientes de Forest Travel 2025<\/h2>\t\t\t\t<\/div>\n\t\t\t\t<\/div>\n\t\t\t\t\t<\/div>\n\t\t\t\t<\/div>\n\t\t<div class=\"elementor-element elementor-element-bda1fae e-flex e-con-boxed e-con e-parent\" data-id=\"bda1fae\" data-element_type=\"container\" data-e-type=\"container\">\n\t\t\t\t\t<div class=\"e-con-inner\">\n\t\t\t\t<div class=\"elementor-element elementor-element-03dd33b elementor-widget elementor-widget-text-editor\" data-id=\"03dd33b\" data-element_type=\"widget\" data-e-type=\"widget\" data-widget_type=\"text-editor.default\">\n\t\t\t\t<div class=\"elementor-widget-container\">\n\t\t\t\t\t\t\t\t\t<div><b data-stringify-type=\"bold\">T\u00e9rminos y Condiciones para el C\u00f3digo \u00abFORESTNEWTRAVELER\u00bb<\/b><\/div>\n<ol data-stringify-type=\"ordered-list\" data-list-tree=\"true\" data-indent=\"0\" data-border=\"0\">\n<li data-stringify-indent=\"0\" data-stringify-border=\"0\"><b data-stringify-type=\"bold\">Elegibilidad:<\/b> Esta promoci\u00f3n est\u00e1 disponible exclusivamente para nuevos clientes de Forest Travel que tengan al menos 21 a\u00f1os y sean residentes en Estados Unidos.<\/li>\n<li data-stringify-indent=\"0\" data-stringify-border=\"0\"><strong data-start=\"417\" data-end=\"440\">Duraci\u00f3n:<\/strong> La promoci\u00f3n comienza el <strong data-start=\"91\" data-end=\"109\" data-is-only-node=\"\">1 de abril de 2025<\/strong> y termina el <strong data-start=\"122\" data-end=\"143\">31 de diciembre de 2025<\/strong>. Las reservas realizadas fuera de este plazo no ser\u00e1n elegibles. <\/li>\n<li data-stringify-indent=\"0\" data-stringify-border=\"0\"><b data-stringify-type=\"bold\">Requisitos de participaci\u00f3n:<\/b> Para cualificar, los participantes deben estar suscritos al bolet\u00edn de Forest Travel y mencionar el c\u00f3digo <b data-stringify-type=\"bold\">FORESTNEWTRAVELER<\/b> a su Asesor de Viajes al reservar su primer viaje.<\/li>\n<li data-stringify-indent=\"0\" data-stringify-border=\"0\"><b data-stringify-type=\"bold\">Detalles de la oferta:<\/b> Los participantes elegibles recibir\u00e1n un <b data-stringify-type=\"bold\">beneficio de viaje de 100 $<\/b> aplicable a su primera reserva con Forest Travel.<\/li>\n<li data-stringify-indent=\"0\" data-stringify-border=\"0\"><b data-stringify-type=\"bold\">Proceso de redenci\u00f3n:<\/b> El beneficio de viaje de 100 $ solo se puede canjear al reservar un viaje con un Asesor de Viajes en Forest Travel. La ventaja no puede aplicarse retroactivamente a reservas pasadas. <\/li>\n<li data-stringify-indent=\"0\" data-stringify-border=\"0\"><b data-stringify-type=\"bold\">No transferibilidad:<\/b> Esta oferta es personal, no transferible y no puede venderse, intercambiarse ni cederse a otra persona.<\/li>\n<li data-stringify-indent=\"0\" data-stringify-border=\"0\"><b data-stringify-type=\"bold\">Restricciones de uso:<\/b> El beneficio de viaje de 100 $ solo es aplicable a nuevas reservas y no puede combinarse con otras promociones, descuentos u ofertas especiales. No tiene valor en efectivo, no puede canjearse por efectivo y no puede ser canjeada por otros servicios. <\/li>\n<li data-stringify-indent=\"0\" data-stringify-border=\"0\"><b data-stringify-type=\"bold\">Pol\u00edtica de cancelaci\u00f3n y reembolso:<\/b> Si un participante cancela su viaje, el beneficio de viaje de 100 $ ser\u00e1 perdido y no podr\u00e1 aplicarse a futuras reservas.<\/li>\n<li data-stringify-indent=\"0\" data-stringify-border=\"0\"><b data-stringify-type=\"bold\">Renuncia a la responsabilidad:<\/b> Viaje por el Bosque no se hace responsable de ninguna ventaja perdida, no utilizada o caducada. Los participantes asumen todos los riesgos asociados al viaje, y Forest Travel no ser\u00e1 responsable de da\u00f1os, p\u00e9rdidas o lesiones derivadas de la participaci\u00f3n en esta promoci\u00f3n. <\/li>\n<li data-stringify-indent=\"0\" data-stringify-border=\"0\"><b data-stringify-type=\"bold\">Ley aplicable:<\/b> Estos t\u00e9rminos y condiciones se rigen por las leyes del estado en el que est\u00e1 incorporado Forest Travel. Cualquier disputa que surja bajo estos t\u00e9rminos estar\u00e1 sujeta a la jurisdicci\u00f3n exclusiva de los tribunales de ese estado. <\/li>\n<li data-stringify-indent=\"0\" data-stringify-border=\"0\"><b data-stringify-type=\"bold\">Informaci\u00f3n de contacto:<\/b> Para cualquier consulta sobre esta promoci\u00f3n, por favor contacte con Forest Travel en <b data-stringify-type=\"bold\"><a href=\"mailto:marketing@foresttravel.com\" target=\"_blank\" rel=\"noopener noreferrer\" data-stringify-link=\"mailto:marketing@foresttravel.com\" data-sk=\"tooltip_parent\" aria-haspopup=\"menu\">marketing@foresttravel.com<\/a><\/b>.<\/li>\n<\/ol>\n<div>Al participar en esta promoci\u00f3n, los participantes reconocen que han le\u00eddo, entendido y aceptan estar obligados por estos t\u00e9rminos y condiciones.<\/div>\t\t\t\t\t\t\t\t<\/div>\n\t\t\t\t<\/div>\n\t\t\t\t\t<\/div>\n\t\t\t\t<\/div>\n\t\t\t\t<\/div>\n\t\t","protected":false},"excerpt":{"rendered":"<p>Promoci\u00f3n online de Forest Travel febrero 2025 T\u00e9rminos y Condiciones para la promoci\u00f3n \u00abEntradas Complementarias 2025\u00bb Elegibilidad: Esta promoci\u00f3n est\u00e1 disponible exclusivamente para nuevos clientes que tengan al menos 21 a\u00f1os y sean residentes en Estados Unidos. Los participantes deben reservar un viaje valorado en un m\u00ednimo de 5.000 USD por persona para poder elegir. [&hellip;]<\/p>\n","protected":false},"author":16,"featured_media":0,"parent":0,"menu_order":0,"comment_status":"closed","ping_status":"closed","template":"","meta":{"_joinchat":[],"footnotes":""},"class_list":["post-43536","page","type-page","status-publish","hentry"],"yoast_head":"<!-- This site is optimized with the Yoast SEO Premium plugin v27.2 (Yoast SEO v27.3) - https:\/\/yoast.com\/product\/yoast-seo-premium-wordpress\/ -->\n<title>T\u00e9rminos y Condiciones - Forest Travel Agency<\/title>\n<meta name=\"robots\" content=\"index, follow, max-snippet:-1, max-image-preview:large, max-video-preview:-1\" \/>\n<link rel=\"canonical\" href=\"https:\/\/foresttravel.com\/es\/terminos-y-condiciones\/\" \/>\n<meta property=\"og:locale\" content=\"es_ES\" \/>\n<meta property=\"og:type\" content=\"article\" \/>\n<meta property=\"og:title\" content=\"T\u00e9rminos y Condiciones\" \/>\n<meta property=\"og:description\" content=\"Promoci\u00f3n online de Forest Travel febrero 2025 T\u00e9rminos y Condiciones para la promoci\u00f3n \u00abEntradas Complementarias 2025\u00bb Elegibilidad: Esta promoci\u00f3n est\u00e1 disponible exclusivamente para nuevos clientes que tengan al menos 21 a\u00f1os y sean residentes en Estados Unidos. Los participantes deben reservar un viaje valorado en un m\u00ednimo de 5.000 USD por persona para poder elegir. [&hellip;]\" \/>\n<meta property=\"og:url\" content=\"https:\/\/foresttravel.com\/es\/terminos-y-condiciones\/\" \/>\n<meta property=\"og:site_name\" content=\"Forest Travel Agency\" \/>\n<meta property=\"article:publisher\" content=\"https:\/\/www.facebook.com\/ForestTravel\/\" \/>\n<meta property=\"article:modified_time\" content=\"2026-02-04T13:18:50+00:00\" \/>\n<meta name=\"twitter:card\" content=\"summary_large_image\" \/>\n<meta name=\"twitter:label1\" content=\"Tiempo de lectura\" \/>\n\t<meta name=\"twitter:data1\" content=\"6 minutos\" \/>\n<script type=\"application\/ld+json\" class=\"yoast-schema-graph\">{\"@context\":\"https:\\\/\\\/schema.org\",\"@graph\":[{\"@type\":\"WebPage\",\"@id\":\"https:\\\/\\\/foresttravel.com\\\/es\\\/terminos-y-condiciones\\\/\",\"url\":\"https:\\\/\\\/foresttravel.com\\\/es\\\/terminos-y-condiciones\\\/\",\"name\":\"T\u00e9rminos y Condiciones - Forest Travel Agency\",\"isPartOf\":{\"@id\":\"https:\\\/\\\/foresttravel.com\\\/es\\\/#website\"},\"datePublished\":\"2024-03-05T17:43:35+00:00\",\"dateModified\":\"2026-02-04T13:18:50+00:00\",\"breadcrumb\":{\"@id\":\"https:\\\/\\\/foresttravel.com\\\/es\\\/terminos-y-condiciones\\\/#breadcrumb\"},\"inLanguage\":\"es\",\"potentialAction\":[{\"@type\":\"ReadAction\",\"target\":[\"https:\\\/\\\/foresttravel.com\\\/es\\\/terminos-y-condiciones\\\/\"]}]},{\"@type\":\"BreadcrumbList\",\"@id\":\"https:\\\/\\\/foresttravel.com\\\/es\\\/terminos-y-condiciones\\\/#breadcrumb\",\"itemListElement\":[{\"@type\":\"ListItem\",\"position\":1,\"name\":\"Home\",\"item\":\"https:\\\/\\\/foresttravel.com\\\/es\\\/agencia-de-viajes-de-lujo-agencia-de-viajes-forestales\\\/\"},{\"@type\":\"ListItem\",\"position\":2,\"name\":\"T\u00e9rminos y Condiciones\"}]},{\"@type\":\"WebSite\",\"@id\":\"https:\\\/\\\/foresttravel.com\\\/es\\\/#website\",\"url\":\"https:\\\/\\\/foresttravel.com\\\/es\\\/\",\"name\":\"Forest Travel Agency\",\"description\":\"Luxury Destinations and Exclusive Hotels\",\"publisher\":{\"@id\":\"https:\\\/\\\/foresttravel.com\\\/es\\\/#organization\"},\"potentialAction\":[{\"@type\":\"SearchAction\",\"target\":{\"@type\":\"EntryPoint\",\"urlTemplate\":\"https:\\\/\\\/foresttravel.com\\\/es\\\/?s={search_term_string}\"},\"query-input\":{\"@type\":\"PropertyValueSpecification\",\"valueRequired\":true,\"valueName\":\"search_term_string\"}}],\"inLanguage\":\"es\"},{\"@type\":\"Organization\",\"@id\":\"https:\\\/\\\/foresttravel.com\\\/es\\\/#organization\",\"name\":\"Forest Travel Agency\",\"url\":\"https:\\\/\\\/foresttravel.com\\\/es\\\/\",\"logo\":{\"@type\":\"ImageObject\",\"inLanguage\":\"es\",\"@id\":\"https:\\\/\\\/foresttravel.com\\\/es\\\/#\\\/schema\\\/logo\\\/image\\\/\",\"url\":\"https:\\\/\\\/foresttravel.com\\\/wp-content\\\/uploads\\\/2022\\\/07\\\/FTA-Logo-Deep-Green.svg\",\"contentUrl\":\"https:\\\/\\\/foresttravel.com\\\/wp-content\\\/uploads\\\/2022\\\/07\\\/FTA-Logo-Deep-Green.svg\",\"width\":300,\"height\":22,\"caption\":\"Forest Travel Agency\"},\"image\":{\"@id\":\"https:\\\/\\\/foresttravel.com\\\/es\\\/#\\\/schema\\\/logo\\\/image\\\/\"},\"sameAs\":[\"https:\\\/\\\/www.facebook.com\\\/ForestTravel\\\/\",\"https:\\\/\\\/api.whatsapp.com\\\/send?phone=17867518773&context=ARCd49VgJg_opWh9UXxDOrqm3FKLLCTFoOgKpTviZ2515D4TBf2qObPktaoS8EV50fx8lzKQsfuW6Zg_VqyApp9TAyXBAJbxZUy2JXRh3DwkHNL0-XsbhN6ddqcMrSKQynneSdvEoSbLK38Br5jRHKE&source=FB_Page&app=facebook&entry_point=page\",\"https:\\\/\\\/www.instagram.com\\\/foresttravelagency\",\"https:\\\/\\\/www.tiktok.com\\\/@foresttravelagency\",\"https:\\\/\\\/www.youtube.com\\\/@ForestTravelAgency1\",\"https:\\\/\\\/www.linkedin.com\\\/company\\\/forest-travel\"]}]}<\/script>\n<!-- \/ Yoast SEO Premium plugin. -->","yoast_head_json":{"title":"T\u00e9rminos y Condiciones - Forest Travel Agency","robots":{"index":"index","follow":"follow","max-snippet":"max-snippet:-1","max-image-preview":"max-image-preview:large","max-video-preview":"max-video-preview:-1"},"canonical":"https:\/\/foresttravel.com\/es\/terminos-y-condiciones\/","og_locale":"es_ES","og_type":"article","og_title":"T\u00e9rminos y Condiciones","og_description":"Promoci\u00f3n online de Forest Travel febrero 2025 T\u00e9rminos y Condiciones para la promoci\u00f3n \u00abEntradas Complementarias 2025\u00bb Elegibilidad: Esta promoci\u00f3n est\u00e1 disponible exclusivamente para nuevos clientes que tengan al menos 21 a\u00f1os y sean residentes en Estados Unidos. Los participantes deben reservar un viaje valorado en un m\u00ednimo de 5.000 USD por persona para poder elegir. [&hellip;]","og_url":"https:\/\/foresttravel.com\/es\/terminos-y-condiciones\/","og_site_name":"Forest Travel Agency","article_publisher":"https:\/\/www.facebook.com\/ForestTravel\/","article_modified_time":"2026-02-04T13:18:50+00:00","twitter_card":"summary_large_image","twitter_misc":{"Tiempo de lectura":"6 minutos"},"schema":{"@context":"https:\/\/schema.org","@graph":[{"@type":"WebPage","@id":"https:\/\/foresttravel.com\/es\/terminos-y-condiciones\/","url":"https:\/\/foresttravel.com\/es\/terminos-y-condiciones\/","name":"T\u00e9rminos y Condiciones - Forest Travel Agency","isPartOf":{"@id":"https:\/\/foresttravel.com\/es\/#website"},"datePublished":"2024-03-05T17:43:35+00:00","dateModified":"2026-02-04T13:18:50+00:00","breadcrumb":{"@id":"https:\/\/foresttravel.com\/es\/terminos-y-condiciones\/#breadcrumb"},"inLanguage":"es","potentialAction":[{"@type":"ReadAction","target":["https:\/\/foresttravel.com\/es\/terminos-y-condiciones\/"]}]},{"@type":"BreadcrumbList","@id":"https:\/\/foresttravel.com\/es\/terminos-y-condiciones\/#breadcrumb","itemListElement":[{"@type":"ListItem","position":1,"name":"Home","item":"https:\/\/foresttravel.com\/es\/agencia-de-viajes-de-lujo-agencia-de-viajes-forestales\/"},{"@type":"ListItem","position":2,"name":"T\u00e9rminos y Condiciones"}]},{"@type":"WebSite","@id":"https:\/\/foresttravel.com\/es\/#website","url":"https:\/\/foresttravel.com\/es\/","name":"Forest Travel Agency","description":"Luxury Destinations and Exclusive Hotels","publisher":{"@id":"https:\/\/foresttravel.com\/es\/#organization"},"potentialAction":[{"@type":"SearchAction","target":{"@type":"EntryPoint","urlTemplate":"https:\/\/foresttravel.com\/es\/?s={search_term_string}"},"query-input":{"@type":"PropertyValueSpecification","valueRequired":true,"valueName":"search_term_string"}}],"inLanguage":"es"},{"@type":"Organization","@id":"https:\/\/foresttravel.com\/es\/#organization","name":"Forest Travel Agency","url":"https:\/\/foresttravel.com\/es\/","logo":{"@type":"ImageObject","inLanguage":"es","@id":"https:\/\/foresttravel.com\/es\/#\/schema\/logo\/image\/","url":"https:\/\/foresttravel.com\/wp-content\/uploads\/2022\/07\/FTA-Logo-Deep-Green.svg","contentUrl":"https:\/\/foresttravel.com\/wp-content\/uploads\/2022\/07\/FTA-Logo-Deep-Green.svg","width":300,"height":22,"caption":"Forest Travel Agency"},"image":{"@id":"https:\/\/foresttravel.com\/es\/#\/schema\/logo\/image\/"},"sameAs":["https:\/\/www.facebook.com\/ForestTravel\/","https:\/\/api.whatsapp.com\/send?phone=17867518773&context=ARCd49VgJg_opWh9UXxDOrqm3FKLLCTFoOgKpTviZ2515D4TBf2qObPktaoS8EV50fx8lzKQsfuW6Zg_VqyApp9TAyXBAJbxZUy2JXRh3DwkHNL0-XsbhN6ddqcMrSKQynneSdvEoSbLK38Br5jRHKE&source=FB_Page&app=facebook&entry_point=page","https:\/\/www.instagram.com\/foresttravelagency","https:\/\/www.tiktok.com\/@foresttravelagency","https:\/\/www.youtube.com\/@ForestTravelAgency1","https:\/\/www.linkedin.com\/company\/forest-travel"]}]}},"_links":{"self":[{"href":"https:\/\/foresttravel.com\/es\/wp-json\/wp\/v2\/pages\/43536","targetHints":{"allow":["GET"]}}],"collection":[{"href":"https:\/\/foresttravel.com\/es\/wp-json\/wp\/v2\/pages"}],"about":[{"href":"https:\/\/foresttravel.com\/es\/wp-json\/wp\/v2\/types\/page"}],"author":[{"embeddable":true,"href":"https:\/\/foresttravel.com\/es\/wp-json\/wp\/v2\/users\/16"}],"replies":[{"embeddable":true,"href":"https:\/\/foresttravel.com\/es\/wp-json\/wp\/v2\/comments?post=43536"}],"version-history":[{"count":0,"href":"https:\/\/foresttravel.com\/es\/wp-json\/wp\/v2\/pages\/43536\/revisions"}],"wp:attachment":[{"href":"https:\/\/foresttravel.com\/es\/wp-json\/wp\/v2\/media?parent=43536"}],"curies":[{"name":"wp","href":"https:\/\/api.w.org\/{rel}","templated":true}]}}