{"id":43236,"date":"2026-01-16T12:13:32","date_gmt":"2026-01-16T17:13:32","guid":{"rendered":"https:\/\/foresttravel.com\/?page_id=43236"},"modified":"2026-02-04T08:42:29","modified_gmt":"2026-02-04T13:42:29","slug":"cliente","status":"publish","type":"page","link":"https:\/\/foresttravel.com\/es\/cliente\/","title":{"rendered":"Cliente"},"content":{"rendered":"\t\t<div data-elementor-type=\"wp-page\" data-elementor-id=\"43236\" class=\"elementor elementor-43236\" data-elementor-post-type=\"page\">\n\t\t\t\t<div class=\"elementor-element elementor-element-fe35be3 e-flex e-con-boxed e-con e-parent\" data-id=\"fe35be3\" data-element_type=\"container\" data-e-type=\"container\" data-settings=\"{&quot;background_background&quot;:&quot;classic&quot;}\">\n\t\t\t\t\t<div class=\"e-con-inner\">\n\t\t\t\t<div class=\"elementor-element elementor-element-f765120 elementor-widget elementor-widget-heading\" data-id=\"f765120\" data-element_type=\"widget\" data-e-type=\"widget\" data-widget_type=\"heading.default\">\n\t\t\t\t<div class=\"elementor-widget-container\">\n\t\t\t\t\t<h1 class=\"elementor-heading-title elementor-size-default\">Viajes reales | Historias inolvidables<\/h1>\t\t\t\t<\/div>\n\t\t\t\t<\/div>\n\t\t\t\t<div class=\"elementor-element elementor-element-f619ccc elementor-widget elementor-widget-text-editor\" data-id=\"f619ccc\" data-element_type=\"widget\" data-e-type=\"widget\" data-widget_type=\"text-editor.default\">\n\t\t\t\t<div class=\"elementor-widget-container\">\n\t\t\t\t\t\t\t\t\t<p>Desde lunas de miel \u00fanicas en la vida hasta aventuras multigeneracionales, descubre c\u00f3mo Forest Travel convierte los sue\u00f1os en experiencias.<\/p>\t\t\t\t\t\t\t\t<\/div>\n\t\t\t\t<\/div>\n\t\t\t\t\t<\/div>\n\t\t\t\t<\/div>\n\t\t<div class=\"elementor-element elementor-element-0f1b463 e-flex e-con-boxed e-con e-parent\" data-id=\"0f1b463\" data-element_type=\"container\" data-e-type=\"container\">\n\t\t\t\t\t<div class=\"e-con-inner\">\n\t\t<div class=\"elementor-element elementor-element-ccc8165 e-con-full e-flex e-con e-child\" data-id=\"ccc8165\" data-element_type=\"container\" data-e-type=\"container\">\n\t\t<div class=\"elementor-element elementor-element-1f83ff5 e-con-full e-flex e-con e-child\" data-id=\"1f83ff5\" data-element_type=\"container\" data-e-type=\"container\" data-settings=\"{&quot;background_background&quot;:&quot;classic&quot;}\">\n\t\t\t\t<div class=\"elementor-element elementor-element-607f102 elementor-widget__width-initial elementor-widget elementor-widget-image\" data-id=\"607f102\" data-element_type=\"widget\" data-e-type=\"widget\" data-widget_type=\"image.default\">\n\t\t\t\t<div class=\"elementor-widget-container\">\n\t\t\t\t\t\t\t\t\t\t\t\t\t\t\t<img fetchpriority=\"high\" decoding=\"async\" width=\"800\" height=\"1000\" src=\"https:\/\/foresttravel.com\/wp-content\/uploads\/2025\/07\/key-visual-forest-post_Mesa-de-trabajo-1-copia-819x1024.jpg\" class=\"attachment-large size-large wp-image-43238\" alt=\"\" srcset=\"https:\/\/foresttravel.com\/wp-content\/uploads\/2025\/07\/key-visual-forest-post_Mesa-de-trabajo-1-copia-819x1024.jpg 819w, https:\/\/foresttravel.com\/wp-content\/uploads\/2025\/07\/key-visual-forest-post_Mesa-de-trabajo-1-copia-240x300.jpg 240w, https:\/\/foresttravel.com\/wp-content\/uploads\/2025\/07\/key-visual-forest-post_Mesa-de-trabajo-1-copia-768x960.jpg 768w, https:\/\/foresttravel.com\/wp-content\/uploads\/2025\/07\/key-visual-forest-post_Mesa-de-trabajo-1-copia-1229x1536.jpg 1229w, https:\/\/foresttravel.com\/wp-content\/uploads\/2025\/07\/key-visual-forest-post_Mesa-de-trabajo-1-copia-1638x2048.jpg 1638w, https:\/\/foresttravel.com\/wp-content\/uploads\/2025\/07\/key-visual-forest-post_Mesa-de-trabajo-1-copia-scaled.jpg 2048w\" sizes=\"(max-width: 800px) 100vw, 800px\" \/>\t\t\t\t\t\t\t\t\t\t\t\t\t\t\t<\/div>\n\t\t\t\t<\/div>\n\t\t<div class=\"elementor-element elementor-element-5296b04 e-con-full e-flex e-con e-child\" data-id=\"5296b04\" data-element_type=\"container\" data-e-type=\"container\">\n\t\t\t\t<div class=\"elementor-element elementor-element-1efec19 elementor-widget elementor-widget-heading\" data-id=\"1efec19\" data-element_type=\"widget\" data-e-type=\"widget\" data-widget_type=\"heading.default\">\n\t\t\t\t<div class=\"elementor-widget-container\">\n\t\t\t\t\t<h3 class=\"elementor-heading-title elementor-size-default\">Wimbledon, bodas y mi agente de viajes de confianza<\/h3>\t\t\t\t<\/div>\n\t\t\t\t<\/div>\n\t\t\t\t<div class=\"elementor-element elementor-element-13d7664 elementor-widget__width-initial elementor-widget elementor-widget-text-editor\" data-id=\"13d7664\" data-element_type=\"widget\" data-e-type=\"widget\" data-widget_type=\"text-editor.default\">\n\t\t\t\t<div class=\"elementor-widget-container\">\n\t\t\t\t\t\t\t\t\t<p>\u00abEsta ha sido la mejor experiencia que he tenido con un<br>agente de viajes\u00bb, comparti\u00f3 Miguel. \u00abNo creo que hubiera podido<br>lo hicieron sola\u2014Isa hizo el viaje cien veces mejor.\u00bb <\/p>\t\t\t\t\t\t\t\t<\/div>\n\t\t\t\t<\/div>\n\t\t\t\t<div class=\"elementor-element elementor-element-b2fcf50 elementor-align-center elementor-widget elementor-widget-button\" data-id=\"b2fcf50\" data-element_type=\"widget\" data-e-type=\"widget\" data-widget_type=\"button.default\">\n\t\t\t\t<div class=\"elementor-widget-container\">\n\t\t\t\t\t\t\t\t\t<div class=\"elementor-button-wrapper\">\n\t\t\t\t\t<a class=\"elementor-button elementor-button-link elementor-size-sm elementor-animation-grow\" href=\"#\">\n\t\t\t\t\t\t<span class=\"elementor-button-content-wrapper\">\n\t\t\t\t\t\t\t\t\t<span class=\"elementor-button-text\">Lee la historia completa<\/span>\n\t\t\t\t\t<\/span>\n\t\t\t\t\t<\/a>\n\t\t\t\t<\/div>\n\t\t\t\t\t\t\t\t<\/div>\n\t\t\t\t<\/div>\n\t\t\t\t<\/div>\n\t\t\t\t<\/div>\n\t\t<div class=\"elementor-element elementor-element-b556b54 e-flex e-con-boxed e-con e-child\" data-id=\"b556b54\" data-element_type=\"container\" data-e-type=\"container\" data-settings=\"{&quot;background_background&quot;:&quot;classic&quot;}\">\n\t\t\t\t\t<div class=\"e-con-inner\">\n\t\t\t\t<div class=\"elementor-element elementor-element-b7636b5 elementor-widget__width-initial elementor-widget elementor-widget-image\" data-id=\"b7636b5\" data-element_type=\"widget\" data-e-type=\"widget\" data-widget_type=\"image.default\">\n\t\t\t\t<div class=\"elementor-widget-container\">\n\t\t\t\t\t\t\t\t\t\t\t\t\t\t\t<img fetchpriority=\"high\" decoding=\"async\" width=\"800\" height=\"1000\" src=\"https:\/\/foresttravel.com\/wp-content\/uploads\/2025\/07\/key-visual-forest-post_Mesa-de-trabajo-1-copia-819x1024.jpg\" class=\"attachment-large size-large wp-image-43238\" alt=\"\" srcset=\"https:\/\/foresttravel.com\/wp-content\/uploads\/2025\/07\/key-visual-forest-post_Mesa-de-trabajo-1-copia-819x1024.jpg 819w, https:\/\/foresttravel.com\/wp-content\/uploads\/2025\/07\/key-visual-forest-post_Mesa-de-trabajo-1-copia-240x300.jpg 240w, https:\/\/foresttravel.com\/wp-content\/uploads\/2025\/07\/key-visual-forest-post_Mesa-de-trabajo-1-copia-768x960.jpg 768w, https:\/\/foresttravel.com\/wp-content\/uploads\/2025\/07\/key-visual-forest-post_Mesa-de-trabajo-1-copia-1229x1536.jpg 1229w, https:\/\/foresttravel.com\/wp-content\/uploads\/2025\/07\/key-visual-forest-post_Mesa-de-trabajo-1-copia-1638x2048.jpg 1638w, https:\/\/foresttravel.com\/wp-content\/uploads\/2025\/07\/key-visual-forest-post_Mesa-de-trabajo-1-copia-scaled.jpg 2048w\" sizes=\"(max-width: 800px) 100vw, 800px\" \/>\t\t\t\t\t\t\t\t\t\t\t\t\t\t\t<\/div>\n\t\t\t\t<\/div>\n\t\t<div class=\"elementor-element elementor-element-0025a40 e-con-full e-flex e-con e-child\" data-id=\"0025a40\" data-element_type=\"container\" data-e-type=\"container\">\n\t\t\t\t<div class=\"elementor-element elementor-element-485ac5f elementor-widget elementor-widget-heading\" data-id=\"485ac5f\" data-element_type=\"widget\" data-e-type=\"widget\" data-widget_type=\"heading.default\">\n\t\t\t\t<div class=\"elementor-widget-container\">\n\t\t\t\t\t<h3 class=\"elementor-heading-title elementor-size-default\">Wimbledon, bodas y mi agente de viajes de confianza<\/h3>\t\t\t\t<\/div>\n\t\t\t\t<\/div>\n\t\t\t\t<div class=\"elementor-element elementor-element-1e2082a elementor-widget__width-initial elementor-widget elementor-widget-text-editor\" data-id=\"1e2082a\" data-element_type=\"widget\" data-e-type=\"widget\" data-widget_type=\"text-editor.default\">\n\t\t\t\t<div class=\"elementor-widget-container\">\n\t\t\t\t\t\t\t\t\t<p>\u00abEsta ha sido la mejor experiencia que he tenido con un<br>agente de viajes\u00bb, comparti\u00f3 Miguel. \u00abNo creo que hubiera podido<br>lo hicieron sola\u2014Isa hizo el viaje cien veces mejor.\u00bb <\/p>\t\t\t\t\t\t\t\t<\/div>\n\t\t\t\t<\/div>\n\t\t\t\t<div class=\"elementor-element elementor-element-7384704 elementor-align-center elementor-widget elementor-widget-button\" data-id=\"7384704\" data-element_type=\"widget\" data-e-type=\"widget\" data-widget_type=\"button.default\">\n\t\t\t\t<div class=\"elementor-widget-container\">\n\t\t\t\t\t\t\t\t\t<div class=\"elementor-button-wrapper\">\n\t\t\t\t\t<a class=\"elementor-button elementor-button-link elementor-size-sm elementor-animation-grow\" href=\"#\">\n\t\t\t\t\t\t<span class=\"elementor-button-content-wrapper\">\n\t\t\t\t\t\t\t\t\t<span class=\"elementor-button-text\">Lee la historia completa<\/span>\n\t\t\t\t\t<\/span>\n\t\t\t\t\t<\/a>\n\t\t\t\t<\/div>\n\t\t\t\t\t\t\t\t<\/div>\n\t\t\t\t<\/div>\n\t\t\t\t<\/div>\n\t\t\t\t\t<\/div>\n\t\t\t\t<\/div>\n\t\t\t\t<\/div>\n\t\t<div class=\"elementor-element elementor-element-6e31629 e-con-full e-flex e-con e-child\" data-id=\"6e31629\" data-element_type=\"container\" data-e-type=\"container\">\n\t\t<div class=\"elementor-element elementor-element-950e657 e-con-full e-flex e-con e-child\" data-id=\"950e657\" data-element_type=\"container\" data-e-type=\"container\" data-settings=\"{&quot;background_background&quot;:&quot;classic&quot;}\">\n\t\t\t\t<div class=\"elementor-element elementor-element-befc960 elementor-widget elementor-widget-heading\" data-id=\"befc960\" data-element_type=\"widget\" data-e-type=\"widget\" data-widget_type=\"heading.default\">\n\t\t\t\t<div class=\"elementor-widget-container\">\n\t\t\t\t\t<h2 class=\"elementor-heading-title elementor-size-default\">Agentes de viajes<\/h2>\t\t\t\t<\/div>\n\t\t\t\t<\/div>\n\t\t\t\t<div class=\"elementor-element elementor-element-3c01716 elementor-widget elementor-widget-text-editor\" data-id=\"3c01716\" data-element_type=\"widget\" data-e-type=\"widget\" data-widget_type=\"text-editor.default\">\n\t\t\t\t<div class=\"elementor-widget-container\">\n\t\t\t\t\t\t\t\t\t<p>Lorem ipsum dolor sit amet, consectetur adipiscing elit. Ut elit tellus, luctus nec ullamcorper mattis, pulvinar.   <\/p>\t\t\t\t\t\t\t\t<\/div>\n\t\t\t\t<\/div>\n\t\t\t\t<div class=\"elementor-element elementor-element-901a23a elementor-align-center elementor-widget elementor-widget-button\" data-id=\"901a23a\" data-element_type=\"widget\" data-e-type=\"widget\" data-widget_type=\"button.default\">\n\t\t\t\t<div class=\"elementor-widget-container\">\n\t\t\t\t\t\t\t\t\t<div class=\"elementor-button-wrapper\">\n\t\t\t\t\t<a class=\"elementor-button elementor-button-link elementor-size-sm elementor-animation-grow\" href=\"#\">\n\t\t\t\t\t\t<span class=\"elementor-button-content-wrapper\">\n\t\t\t\t\t\t\t\t\t<span class=\"elementor-button-text\">Contacta con nuestros agentes<\/span>\n\t\t\t\t\t<\/span>\n\t\t\t\t\t<\/a>\n\t\t\t\t<\/div>\n\t\t\t\t\t\t\t\t<\/div>\n\t\t\t\t<\/div>\n\t\t\t\t<\/div>\n\t\t\t\t<\/div>\n\t\t\t\t\t<\/div>\n\t\t\t\t<\/div>\n\t\t<div class=\"elementor-element elementor-element-0db01f3 e-flex e-con-boxed e-con e-parent\" data-id=\"0db01f3\" data-element_type=\"container\" data-e-type=\"container\" data-settings=\"{&quot;background_background&quot;:&quot;classic&quot;}\">\n\t\t\t\t\t<div class=\"e-con-inner\">\n\t\t<div class=\"elementor-element elementor-element-c7facff e-con-full e-flex e-con e-child\" data-id=\"c7facff\" data-element_type=\"container\" data-e-type=\"container\">\n\t\t<div class=\"elementor-element elementor-element-682a4f6 e-con-full e-flex e-con e-child\" data-id=\"682a4f6\" data-element_type=\"container\" data-e-type=\"container\">\n\t\t\t\t<\/div>\n\t\t<div class=\"elementor-element elementor-element-954d1a6 e-con-full e-flex e-con e-child\" data-id=\"954d1a6\" data-element_type=\"container\" data-e-type=\"container\">\n\t\t\t\t<div class=\"elementor-element elementor-element-e02dcfc elementor-widget elementor-widget-heading\" data-id=\"e02dcfc\" data-element_type=\"widget\" data-e-type=\"widget\" data-widget_type=\"heading.default\">\n\t\t\t\t<div class=\"elementor-widget-container\">\n\t\t\t\t\t<h2 class=\"elementor-heading-title elementor-size-default\">A\u00f1ade aqu\u00ed el texto del encabezado<\/h2>\t\t\t\t<\/div>\n\t\t\t\t<\/div>\n\t\t\t\t<div class=\"elementor-element elementor-element-a0410c8 elementor-widget elementor-widget-button\" data-id=\"a0410c8\" data-element_type=\"widget\" data-e-type=\"widget\" data-widget_type=\"button.default\">\n\t\t\t\t<div class=\"elementor-widget-container\">\n\t\t\t\t\t\t\t\t\t<div class=\"elementor-button-wrapper\">\n\t\t\t\t\t<a class=\"elementor-button elementor-button-link elementor-size-sm\" href=\"#\">\n\t\t\t\t\t\t<span class=\"elementor-button-content-wrapper\">\n\t\t\t\t\t\t\t\t\t<span class=\"elementor-button-text\">Haz clic aqu\u00ed<\/span>\n\t\t\t\t\t<\/span>\n\t\t\t\t\t<\/a>\n\t\t\t\t<\/div>\n\t\t\t\t\t\t\t\t<\/div>\n\t\t\t\t<\/div>\n\t\t\t\t<\/div>\n\t\t\t\t<\/div>\n\t\t\t\t\t<\/div>\n\t\t\t\t<\/div>\n\t\t\t\t<\/div>\n\t\t","protected":false},"excerpt":{"rendered":"<p>Viajes reales | Historias inolvidables Desde lunas de miel \u00fanicas en la vida hasta aventuras multigeneracionales, descubre c\u00f3mo Forest Travel convierte los sue\u00f1os en experiencias. Wimbledon, bodas y mi agente de viajes de confianza \u00abEsta ha sido la mejor experiencia que he tenido con unagente de viajes\u00bb, comparti\u00f3 Miguel. \u00abNo creo que hubiera podidolo hicieron [&hellip;]<\/p>\n","protected":false},"author":23,"featured_media":0,"parent":0,"menu_order":0,"comment_status":"closed","ping_status":"closed","template":"","meta":{"_joinchat":[],"footnotes":""},"class_list":["post-43236","page","type-page","status-publish","hentry"],"yoast_head":"<!-- This site is optimized with the Yoast SEO Premium plugin v27.2 (Yoast SEO v27.4) - https:\/\/yoast.com\/product\/yoast-seo-premium-wordpress\/ -->\n<title>Cliente - Forest Travel Agency<\/title>\n<meta name=\"robots\" content=\"index, follow, max-snippet:-1, max-image-preview:large, max-video-preview:-1\" \/>\n<link rel=\"canonical\" href=\"https:\/\/foresttravel.com\/es\/cliente\/\" \/>\n<meta property=\"og:locale\" content=\"es_ES\" \/>\n<meta property=\"og:type\" content=\"article\" \/>\n<meta property=\"og:title\" content=\"Cliente\" \/>\n<meta property=\"og:description\" content=\"Viajes reales | Historias inolvidables Desde lunas de miel \u00fanicas en la vida hasta aventuras multigeneracionales, descubre c\u00f3mo Forest Travel convierte los sue\u00f1os en experiencias. Wimbledon, bodas y mi agente de viajes de confianza \u00abEsta ha sido la mejor experiencia que he tenido con unagente de viajes\u00bb, comparti\u00f3 Miguel. \u00abNo creo que hubiera podidolo hicieron [&hellip;]\" \/>\n<meta property=\"og:url\" content=\"https:\/\/foresttravel.com\/es\/cliente\/\" \/>\n<meta property=\"og:site_name\" content=\"Forest Travel Agency\" \/>\n<meta property=\"article:publisher\" content=\"https:\/\/www.facebook.com\/ForestTravel\/\" \/>\n<meta property=\"article:modified_time\" content=\"2026-02-04T13:42:29+00:00\" \/>\n<meta property=\"og:image\" content=\"https:\/\/foresttravel.com\/wp-content\/uploads\/2025\/07\/key-visual-forest-post_Mesa-de-trabajo-1-copia-scaled.jpg\" \/>\n\t<meta property=\"og:image:width\" content=\"2048\" \/>\n\t<meta property=\"og:image:height\" content=\"2560\" \/>\n\t<meta property=\"og:image:type\" content=\"image\/jpeg\" \/>\n<meta name=\"twitter:card\" content=\"summary_large_image\" \/>\n<meta name=\"twitter:label1\" content=\"Tiempo de lectura\" \/>\n\t<meta name=\"twitter:data1\" content=\"1 minuto\" \/>\n<script type=\"application\/ld+json\" class=\"yoast-schema-graph\">{\"@context\":\"https:\\\/\\\/schema.org\",\"@graph\":[{\"@type\":\"WebPage\",\"@id\":\"https:\\\/\\\/foresttravel.com\\\/es\\\/cliente\\\/\",\"url\":\"https:\\\/\\\/foresttravel.com\\\/es\\\/cliente\\\/\",\"name\":\"Cliente - Forest Travel Agency\",\"isPartOf\":{\"@id\":\"https:\\\/\\\/foresttravel.com\\\/es\\\/#website\"},\"primaryImageOfPage\":{\"@id\":\"https:\\\/\\\/foresttravel.com\\\/es\\\/cliente\\\/#primaryimage\"},\"image\":{\"@id\":\"https:\\\/\\\/foresttravel.com\\\/es\\\/cliente\\\/#primaryimage\"},\"thumbnailUrl\":\"https:\\\/\\\/foresttravel.com\\\/wp-content\\\/uploads\\\/2025\\\/07\\\/key-visual-forest-post_Mesa-de-trabajo-1-copia-819x1024.jpg\",\"datePublished\":\"2026-01-16T17:13:32+00:00\",\"dateModified\":\"2026-02-04T13:42:29+00:00\",\"breadcrumb\":{\"@id\":\"https:\\\/\\\/foresttravel.com\\\/es\\\/cliente\\\/#breadcrumb\"},\"inLanguage\":\"es\",\"potentialAction\":[{\"@type\":\"ReadAction\",\"target\":[\"https:\\\/\\\/foresttravel.com\\\/es\\\/cliente\\\/\"]}]},{\"@type\":\"ImageObject\",\"inLanguage\":\"es\",\"@id\":\"https:\\\/\\\/foresttravel.com\\\/es\\\/cliente\\\/#primaryimage\",\"url\":\"https:\\\/\\\/foresttravel.com\\\/wp-content\\\/uploads\\\/2025\\\/07\\\/key-visual-forest-post_Mesa-de-trabajo-1-copia-819x1024.jpg\",\"contentUrl\":\"https:\\\/\\\/foresttravel.com\\\/wp-content\\\/uploads\\\/2025\\\/07\\\/key-visual-forest-post_Mesa-de-trabajo-1-copia-819x1024.jpg\"},{\"@type\":\"BreadcrumbList\",\"@id\":\"https:\\\/\\\/foresttravel.com\\\/es\\\/cliente\\\/#breadcrumb\",\"itemListElement\":[{\"@type\":\"ListItem\",\"position\":1,\"name\":\"Home\",\"item\":\"https:\\\/\\\/foresttravel.com\\\/es\\\/agencia-de-viajes-de-lujo-agencia-de-viajes-forestales\\\/\"},{\"@type\":\"ListItem\",\"position\":2,\"name\":\"Cliente\"}]},{\"@type\":\"WebSite\",\"@id\":\"https:\\\/\\\/foresttravel.com\\\/es\\\/#website\",\"url\":\"https:\\\/\\\/foresttravel.com\\\/es\\\/\",\"name\":\"Forest Travel Agency\",\"description\":\"Luxury Destinations and Exclusive Hotels\",\"publisher\":{\"@id\":\"https:\\\/\\\/foresttravel.com\\\/es\\\/#organization\"},\"potentialAction\":[{\"@type\":\"SearchAction\",\"target\":{\"@type\":\"EntryPoint\",\"urlTemplate\":\"https:\\\/\\\/foresttravel.com\\\/es\\\/?s={search_term_string}\"},\"query-input\":{\"@type\":\"PropertyValueSpecification\",\"valueRequired\":true,\"valueName\":\"search_term_string\"}}],\"inLanguage\":\"es\"},{\"@type\":\"Organization\",\"@id\":\"https:\\\/\\\/foresttravel.com\\\/es\\\/#organization\",\"name\":\"Forest Travel Agency\",\"url\":\"https:\\\/\\\/foresttravel.com\\\/es\\\/\",\"logo\":{\"@type\":\"ImageObject\",\"inLanguage\":\"es\",\"@id\":\"https:\\\/\\\/foresttravel.com\\\/es\\\/#\\\/schema\\\/logo\\\/image\\\/\",\"url\":\"https:\\\/\\\/foresttravel.com\\\/wp-content\\\/uploads\\\/2022\\\/07\\\/FTA-Logo-Deep-Green.svg\",\"contentUrl\":\"https:\\\/\\\/foresttravel.com\\\/wp-content\\\/uploads\\\/2022\\\/07\\\/FTA-Logo-Deep-Green.svg\",\"width\":300,\"height\":22,\"caption\":\"Forest Travel Agency\"},\"image\":{\"@id\":\"https:\\\/\\\/foresttravel.com\\\/es\\\/#\\\/schema\\\/logo\\\/image\\\/\"},\"sameAs\":[\"https:\\\/\\\/www.facebook.com\\\/ForestTravel\\\/\",\"https:\\\/\\\/api.whatsapp.com\\\/send?phone=17867518773&context=ARCd49VgJg_opWh9UXxDOrqm3FKLLCTFoOgKpTviZ2515D4TBf2qObPktaoS8EV50fx8lzKQsfuW6Zg_VqyApp9TAyXBAJbxZUy2JXRh3DwkHNL0-XsbhN6ddqcMrSKQynneSdvEoSbLK38Br5jRHKE&source=FB_Page&app=facebook&entry_point=page\",\"https:\\\/\\\/www.instagram.com\\\/foresttravelagency\",\"https:\\\/\\\/www.tiktok.com\\\/@foresttravelagency\",\"https:\\\/\\\/www.youtube.com\\\/@ForestTravelAgency1\",\"https:\\\/\\\/www.linkedin.com\\\/company\\\/forest-travel\"]}]}<\/script>\n<!-- \/ Yoast SEO Premium plugin. -->","yoast_head_json":{"title":"Cliente - Forest Travel Agency","robots":{"index":"index","follow":"follow","max-snippet":"max-snippet:-1","max-image-preview":"max-image-preview:large","max-video-preview":"max-video-preview:-1"},"canonical":"https:\/\/foresttravel.com\/es\/cliente\/","og_locale":"es_ES","og_type":"article","og_title":"Cliente","og_description":"Viajes reales | Historias inolvidables Desde lunas de miel \u00fanicas en la vida hasta aventuras multigeneracionales, descubre c\u00f3mo Forest Travel convierte los sue\u00f1os en experiencias. Wimbledon, bodas y mi agente de viajes de confianza \u00abEsta ha sido la mejor experiencia que he tenido con unagente de viajes\u00bb, comparti\u00f3 Miguel. \u00abNo creo que hubiera podidolo hicieron [&hellip;]","og_url":"https:\/\/foresttravel.com\/es\/cliente\/","og_site_name":"Forest Travel Agency","article_publisher":"https:\/\/www.facebook.com\/ForestTravel\/","article_modified_time":"2026-02-04T13:42:29+00:00","og_image":[{"width":2048,"height":2560,"url":"https:\/\/foresttravel.com\/wp-content\/uploads\/2025\/07\/key-visual-forest-post_Mesa-de-trabajo-1-copia-scaled.jpg","type":"image\/jpeg"}],"twitter_card":"summary_large_image","twitter_misc":{"Tiempo de lectura":"1 minuto"},"schema":{"@context":"https:\/\/schema.org","@graph":[{"@type":"WebPage","@id":"https:\/\/foresttravel.com\/es\/cliente\/","url":"https:\/\/foresttravel.com\/es\/cliente\/","name":"Cliente - Forest Travel Agency","isPartOf":{"@id":"https:\/\/foresttravel.com\/es\/#website"},"primaryImageOfPage":{"@id":"https:\/\/foresttravel.com\/es\/cliente\/#primaryimage"},"image":{"@id":"https:\/\/foresttravel.com\/es\/cliente\/#primaryimage"},"thumbnailUrl":"https:\/\/foresttravel.com\/wp-content\/uploads\/2025\/07\/key-visual-forest-post_Mesa-de-trabajo-1-copia-819x1024.jpg","datePublished":"2026-01-16T17:13:32+00:00","dateModified":"2026-02-04T13:42:29+00:00","breadcrumb":{"@id":"https:\/\/foresttravel.com\/es\/cliente\/#breadcrumb"},"inLanguage":"es","potentialAction":[{"@type":"ReadAction","target":["https:\/\/foresttravel.com\/es\/cliente\/"]}]},{"@type":"ImageObject","inLanguage":"es","@id":"https:\/\/foresttravel.com\/es\/cliente\/#primaryimage","url":"https:\/\/foresttravel.com\/wp-content\/uploads\/2025\/07\/key-visual-forest-post_Mesa-de-trabajo-1-copia-819x1024.jpg","contentUrl":"https:\/\/foresttravel.com\/wp-content\/uploads\/2025\/07\/key-visual-forest-post_Mesa-de-trabajo-1-copia-819x1024.jpg"},{"@type":"BreadcrumbList","@id":"https:\/\/foresttravel.com\/es\/cliente\/#breadcrumb","itemListElement":[{"@type":"ListItem","position":1,"name":"Home","item":"https:\/\/foresttravel.com\/es\/agencia-de-viajes-de-lujo-agencia-de-viajes-forestales\/"},{"@type":"ListItem","position":2,"name":"Cliente"}]},{"@type":"WebSite","@id":"https:\/\/foresttravel.com\/es\/#website","url":"https:\/\/foresttravel.com\/es\/","name":"Forest Travel Agency","description":"Luxury Destinations and Exclusive Hotels","publisher":{"@id":"https:\/\/foresttravel.com\/es\/#organization"},"potentialAction":[{"@type":"SearchAction","target":{"@type":"EntryPoint","urlTemplate":"https:\/\/foresttravel.com\/es\/?s={search_term_string}"},"query-input":{"@type":"PropertyValueSpecification","valueRequired":true,"valueName":"search_term_string"}}],"inLanguage":"es"},{"@type":"Organization","@id":"https:\/\/foresttravel.com\/es\/#organization","name":"Forest Travel Agency","url":"https:\/\/foresttravel.com\/es\/","logo":{"@type":"ImageObject","inLanguage":"es","@id":"https:\/\/foresttravel.com\/es\/#\/schema\/logo\/image\/","url":"https:\/\/foresttravel.com\/wp-content\/uploads\/2022\/07\/FTA-Logo-Deep-Green.svg","contentUrl":"https:\/\/foresttravel.com\/wp-content\/uploads\/2022\/07\/FTA-Logo-Deep-Green.svg","width":300,"height":22,"caption":"Forest Travel Agency"},"image":{"@id":"https:\/\/foresttravel.com\/es\/#\/schema\/logo\/image\/"},"sameAs":["https:\/\/www.facebook.com\/ForestTravel\/","https:\/\/api.whatsapp.com\/send?phone=17867518773&context=ARCd49VgJg_opWh9UXxDOrqm3FKLLCTFoOgKpTviZ2515D4TBf2qObPktaoS8EV50fx8lzKQsfuW6Zg_VqyApp9TAyXBAJbxZUy2JXRh3DwkHNL0-XsbhN6ddqcMrSKQynneSdvEoSbLK38Br5jRHKE&source=FB_Page&app=facebook&entry_point=page","https:\/\/www.instagram.com\/foresttravelagency","https:\/\/www.tiktok.com\/@foresttravelagency","https:\/\/www.youtube.com\/@ForestTravelAgency1","https:\/\/www.linkedin.com\/company\/forest-travel"]}]}},"_links":{"self":[{"href":"https:\/\/foresttravel.com\/es\/wp-json\/wp\/v2\/pages\/43236","targetHints":{"allow":["GET"]}}],"collection":[{"href":"https:\/\/foresttravel.com\/es\/wp-json\/wp\/v2\/pages"}],"about":[{"href":"https:\/\/foresttravel.com\/es\/wp-json\/wp\/v2\/types\/page"}],"author":[{"embeddable":true,"href":"https:\/\/foresttravel.com\/es\/wp-json\/wp\/v2\/users\/23"}],"replies":[{"embeddable":true,"href":"https:\/\/foresttravel.com\/es\/wp-json\/wp\/v2\/comments?post=43236"}],"version-history":[{"count":0,"href":"https:\/\/foresttravel.com\/es\/wp-json\/wp\/v2\/pages\/43236\/revisions"}],"wp:attachment":[{"href":"https:\/\/foresttravel.com\/es\/wp-json\/wp\/v2\/media?parent=43236"}],"curies":[{"name":"wp","href":"https:\/\/api.w.org\/{rel}","templated":true}]}}